{"id":295460,"date":"2026-03-06T01:29:02","date_gmt":"2026-03-06T01:29:02","guid":{"rendered":"https:\/\/grupotextil.es\/?post_type=product&#038;p=295460"},"modified":"2026-03-06T01:29:02","modified_gmt":"2026-03-06T01:29:02","slug":"bufanda-polar-valento-glacial","status":"publish","type":"product","link":"https:\/\/grupotextil.es\/en\/product\/bufanda-polar-valento-glacial\/","title":{"rendered":"Bufanda polar VALENTO GLACIAL"},"content":{"rendered":"<div class=\"product-description\">\n<div class=\"article_characteristics\">\n<ul style=\"margin-block-start: 0;\" >\n<li><b>Bufanda<\/b> <b>polar<\/b> invernal.<\/li>\n<li>Confeccionada en tejido <b>polar<\/b> con perchado <b>anti-pilling<\/b> para mayor retenci\u00f3n t\u00e9rmica.<\/li>\n<li>Forma rectangular con adorno de flecos de 6 cm en los extremos.<\/li>\n<li>M\u00e9todos id\u00f3neos de marcaje: bordados, cosidos.<\/li>\n<li>Ideal como complemento de abrigo, <b>regalo promocional<\/b> y <b>regalo personalizado<\/b>.<\/li>\n<\/ul><\/div>\n<\/div>\n<div class=\"product-pdf\">\n<p><a href=\"https:\/\/valento.es\/?service=ServeDocuments&amp;function=serve_datasheet&amp;article_ref=BUVAPOL\" target=\"_blank\" rel=\"noopener\">Descargar ficha t\u00e9cnica (PDF)<\/a><\/p>\n<\/div>","protected":false},"excerpt":{"rendered":"<p>Bufanda polar VALENTO GLACIAL de Valento. Disponible en la categor\u00eda Bragas De Cuello Y Bufandas. Env\u00edo r\u00e1pido 24\/48h.<\/p>","protected":false},"featured_media":295461,"comment_status":"open","ping_status":"closed","template":"","meta":{"_acf_changed":false},"product_brand":[11282],"product_cat":[13951],"product_tag":[],"class_list":{"0":"post-295460","1":"product","2":"type-product","3":"status-publish","4":"has-post-thumbnail","6":"product_brand-valento","7":"product_cat-bufandas-y-panuelos","8":"tm-no-options","10":"first","11":"instock","12":"taxable","13":"shipping-taxable","14":"product-type-variable"},"acf":[],"_links":{"self":[{"href":"https:\/\/grupotextil.es\/en\/wp-json\/wp\/v2\/product\/295460","targetHints":{"allow":["GET"]}}],"collection":[{"href":"https:\/\/grupotextil.es\/en\/wp-json\/wp\/v2\/product"}],"about":[{"href":"https:\/\/grupotextil.es\/en\/wp-json\/wp\/v2\/types\/product"}],"replies":[{"embeddable":true,"href":"https:\/\/grupotextil.es\/en\/wp-json\/wp\/v2\/comments?post=295460"}],"wp:featuredmedia":[{"embeddable":true,"href":"https:\/\/grupotextil.es\/en\/wp-json\/wp\/v2\/media\/295461"}],"wp:attachment":[{"href":"https:\/\/grupotextil.es\/en\/wp-json\/wp\/v2\/media?parent=295460"}],"wp:term":[{"taxonomy":"product_brand","embeddable":true,"href":"https:\/\/grupotextil.es\/en\/wp-json\/wp\/v2\/product_brand?post=295460"},{"taxonomy":"product_cat","embeddable":true,"href":"https:\/\/grupotextil.es\/en\/wp-json\/wp\/v2\/product_cat?post=295460"},{"taxonomy":"product_tag","embeddable":true,"href":"https:\/\/grupotextil.es\/en\/wp-json\/wp\/v2\/product_tag?post=295460"}],"curies":[{"name":"wp","href":"https:\/\/api.w.org\/{rel}","templated":true}]}}