{"id":295951,"date":"2026-03-06T01:29:18","date_gmt":"2026-03-06T01:29:18","guid":{"rendered":"https:\/\/grupotextil.es\/?post_type=product&#038;p=295951"},"modified":"2026-03-06T01:29:18","modified_gmt":"2026-03-06T01:29:18","slug":"calcetines-deportivos-ricos-en-algodon-valento-travis","status":"publish","type":"product","link":"https:\/\/grupotextil.es\/en\/product\/calcetines-deportivos-ricos-en-algodon-valento-travis\/","title":{"rendered":"Calcetines deportivos ricos en algod\u00f3n VALENTO TRAVIS"},"content":{"rendered":"<div class=\"product-description\">\n<div class=\"article_characteristics\">\n<ul style=\"margin-block-start: 0;\" >\n<li><b>Calcetines deportivos<\/b> ricos en algod\u00f3n.<\/li>\n<li>Confeccionados con <b>tejido transpirable<\/b> <b>rico en algod\u00f3n<\/b> que favorece la ventilaci\u00f3n, mezclado con poli\u00e9ster resistente y duradero, y elastano flexible y ajustable.<\/li>\n<li>Banda el\u00e1stica en la zona media del pie para una mejor sujeci\u00f3n y zonas de aireaci\u00f3n en el empeine que ayudan a mantener los pies secos.<\/li>\n<li>Pernera con canales el\u00e1sticos para mejor compresi\u00f3n con el\u00e1stico en la parte superior para una excelente sujeci\u00f3n.<\/li>\n<li>Pie de algod\u00f3n de rizo suave y transpirable, con refuerzos en tal\u00f3n y puntera de poliamida que aumentan su resistencia.<\/li>\n<li>M\u00e9todos id\u00f3neos de marcaje: bordados, cosidos.<\/li>\n<li>Ideales para la pr\u00e1ctica de actividades f\u00edsicas y deportivas.<\/li>\n<\/ul><\/div>\n<\/div>\n<div class=\"product-pdf\">\n<p><a href=\"https:\/\/valento.es\/?service=ServeDocuments&amp;function=serve_datasheet&amp;article_ref=CLVATRA\" target=\"_blank\" rel=\"noopener\">Descargar ficha t\u00e9cnica (PDF)<\/a><\/p>\n<\/div>","protected":false},"excerpt":{"rendered":"<p>Calcetines deportivos ricos en algod\u00f3n VALENTO TRAVIS de Valento. Disponible en la categor\u00eda Calcetines. Env\u00edo r\u00e1pido 24\/48h.<\/p>","protected":false},"featured_media":295952,"comment_status":"open","ping_status":"closed","template":"","meta":{"_acf_changed":false},"product_brand":[11282],"product_cat":[13953],"product_tag":[],"class_list":{"0":"post-295951","1":"product","2":"type-product","3":"status-publish","4":"has-post-thumbnail","6":"product_brand-valento","7":"product_cat-acc-calcetines","8":"tm-no-options","10":"first","11":"instock","12":"taxable","13":"shipping-taxable","14":"product-type-variable"},"acf":[],"_links":{"self":[{"href":"https:\/\/grupotextil.es\/en\/wp-json\/wp\/v2\/product\/295951","targetHints":{"allow":["GET"]}}],"collection":[{"href":"https:\/\/grupotextil.es\/en\/wp-json\/wp\/v2\/product"}],"about":[{"href":"https:\/\/grupotextil.es\/en\/wp-json\/wp\/v2\/types\/product"}],"replies":[{"embeddable":true,"href":"https:\/\/grupotextil.es\/en\/wp-json\/wp\/v2\/comments?post=295951"}],"wp:featuredmedia":[{"embeddable":true,"href":"https:\/\/grupotextil.es\/en\/wp-json\/wp\/v2\/media\/295952"}],"wp:attachment":[{"href":"https:\/\/grupotextil.es\/en\/wp-json\/wp\/v2\/media?parent=295951"}],"wp:term":[{"taxonomy":"product_brand","embeddable":true,"href":"https:\/\/grupotextil.es\/en\/wp-json\/wp\/v2\/product_brand?post=295951"},{"taxonomy":"product_cat","embeddable":true,"href":"https:\/\/grupotextil.es\/en\/wp-json\/wp\/v2\/product_cat?post=295951"},{"taxonomy":"product_tag","embeddable":true,"href":"https:\/\/grupotextil.es\/en\/wp-json\/wp\/v2\/product_tag?post=295951"}],"curies":[{"name":"wp","href":"https:\/\/api.w.org\/{rel}","templated":true}]}}