{"id":296115,"date":"2026-03-06T01:29:20","date_gmt":"2026-03-06T01:29:20","guid":{"rendered":"https:\/\/grupotextil.es\/?post_type=product&#038;p=296115"},"modified":"2026-03-06T01:29:20","modified_gmt":"2026-03-06T01:29:20","slug":"medias-de-futbol-bicolor-valento-trafford","status":"publish","type":"product","link":"https:\/\/grupotextil.es\/en\/product\/medias-de-futbol-bicolor-valento-trafford\/","title":{"rendered":"Medias de f\u00fatbol bicolor VALENTO TRAFFORD"},"content":{"rendered":"<div class=\"product-description\">\n<div class=\"article_characteristics\">\n<ul style=\"margin-block-start: 0;\" >\n<li><b>Medias de f\u00fatbol<\/b> <b>bicolor<\/b>.<\/li>\n<li>Confeccionadas en algod\u00f3n, suave y transpirable que favorece la ventilaci\u00f3n en la zona inferior del pie, y la parte superior en poli\u00e9ster resistente y duradero, con elastano flexible y ajustable.<\/li>\n<li>Contornos el\u00e1sticos en los tobillos y en la parte superior para una mayor sujeci\u00f3n y un mejor ajuste.<\/li>\n<li>Refuerzos en tal\u00f3n y en puntera con poliamida que aumentan su resistencia.<\/li>\n<li>M\u00e9todos id\u00f3neos de marcaje: bordados, cosidos.<\/li>\n<li>Ideales para equipos de f\u00fatbol y otros deportes.<\/li>\n<\/ul><\/div>\n<\/div>\n<div class=\"product-pdf\">\n<p><a href=\"https:\/\/valento.es\/?service=ServeDocuments&amp;function=serve_datasheet&amp;article_ref=CLVATRF\" target=\"_blank\" rel=\"noopener\">Descargar ficha t\u00e9cnica (PDF)<\/a><\/p>\n<\/div>","protected":false},"excerpt":{"rendered":"<p>Medias de f\u00fatbol bicolor VALENTO TRAFFORD de Valento. Disponible en la categor\u00eda Calcetines. Env\u00edo r\u00e1pido 24\/48h.<\/p>","protected":false},"featured_media":296116,"comment_status":"open","ping_status":"closed","template":"","meta":{"_acf_changed":false},"product_brand":[11282],"product_cat":[13953],"product_tag":[],"class_list":{"0":"post-296115","1":"product","2":"type-product","3":"status-publish","4":"has-post-thumbnail","6":"product_brand-valento","7":"product_cat-acc-calcetines","8":"tm-no-options","10":"first","11":"instock","12":"taxable","13":"shipping-taxable","14":"product-type-variable"},"acf":[],"_links":{"self":[{"href":"https:\/\/grupotextil.es\/en\/wp-json\/wp\/v2\/product\/296115","targetHints":{"allow":["GET"]}}],"collection":[{"href":"https:\/\/grupotextil.es\/en\/wp-json\/wp\/v2\/product"}],"about":[{"href":"https:\/\/grupotextil.es\/en\/wp-json\/wp\/v2\/types\/product"}],"replies":[{"embeddable":true,"href":"https:\/\/grupotextil.es\/en\/wp-json\/wp\/v2\/comments?post=296115"}],"wp:featuredmedia":[{"embeddable":true,"href":"https:\/\/grupotextil.es\/en\/wp-json\/wp\/v2\/media\/296116"}],"wp:attachment":[{"href":"https:\/\/grupotextil.es\/en\/wp-json\/wp\/v2\/media?parent=296115"}],"wp:term":[{"taxonomy":"product_brand","embeddable":true,"href":"https:\/\/grupotextil.es\/en\/wp-json\/wp\/v2\/product_brand?post=296115"},{"taxonomy":"product_cat","embeddable":true,"href":"https:\/\/grupotextil.es\/en\/wp-json\/wp\/v2\/product_cat?post=296115"},{"taxonomy":"product_tag","embeddable":true,"href":"https:\/\/grupotextil.es\/en\/wp-json\/wp\/v2\/product_tag?post=296115"}],"curies":[{"name":"wp","href":"https:\/\/api.w.org\/{rel}","templated":true}]}}