{"id":296299,"date":"2026-03-06T01:29:25","date_gmt":"2026-03-06T01:29:25","guid":{"rendered":"https:\/\/grupotextil.es\/?post_type=product&#038;p=296299"},"modified":"2026-03-06T01:29:25","modified_gmt":"2026-03-06T01:29:25","slug":"calcetines-deportivos-tricolor-valento-bolt","status":"publish","type":"product","link":"https:\/\/grupotextil.es\/en\/product\/calcetines-deportivos-tricolor-valento-bolt\/","title":{"rendered":"Calcetines deportivos tricolor VALENTO BOLT"},"content":{"rendered":"<div class=\"product-description\">\n<div class=\"article_characteristics\">\n<ul style=\"margin-block-start: 0;\" >\n<li><b>Calcetines deportivos<\/b> <b>tricolor<\/b>.<\/li>\n<li>Confeccionados en <b>tejido transpirable<\/b> <b>rico en algod\u00f3n<\/b> que favorece la ventilaci\u00f3n, mezclado con poliamida y elastano flexible y ajustable.<\/li>\n<li>Banda el\u00e1stica en la zona media del pie para una mejor sujeci\u00f3n y zonas de aireaci\u00f3n en el empeine que ayudan a mantener los pies secos.<\/li>\n<li>Perneras con canale el\u00e1stico para mejor compresi\u00f3n y el\u00e1stico en la parte superior para una excelente sujeci\u00f3n.<\/li>\n<li>Pie de algod\u00f3n de rizo suave y transpirable, con refuerzos en tal\u00f3n y puntera de poliamida que aumenta su resistencia.<\/li>\n<li>M\u00e9todos id\u00f3neos de marcaje: bordados, cosidos.<\/li>\n<li>Ideales para la pr\u00e1ctica de actividades f\u00edsicas y deportivas.<\/li>\n<\/ul><\/div>\n<\/div>\n<div class=\"product-pdf\">\n<p><a href=\"https:\/\/valento.es\/?service=ServeDocuments&amp;function=serve_datasheet&amp;article_ref=CLVABOL\" target=\"_blank\" rel=\"noopener\">Descargar ficha t\u00e9cnica (PDF)<\/a><\/p>\n<\/div>","protected":false},"excerpt":{"rendered":"<p>Calcetines deportivos tricolor VALENTO BOLT de Valento. Disponible en la categor\u00eda Calcetines. Env\u00edo r\u00e1pido 24\/48h.<\/p>","protected":false},"featured_media":296300,"comment_status":"open","ping_status":"closed","template":"","meta":{"_acf_changed":false},"product_brand":[11282],"product_cat":[13953],"product_tag":[],"class_list":{"0":"post-296299","1":"product","2":"type-product","3":"status-publish","4":"has-post-thumbnail","6":"product_brand-valento","7":"product_cat-acc-calcetines","8":"tm-no-options","10":"first","11":"instock","12":"taxable","13":"shipping-taxable","14":"product-type-variable"},"acf":[],"_links":{"self":[{"href":"https:\/\/grupotextil.es\/en\/wp-json\/wp\/v2\/product\/296299","targetHints":{"allow":["GET"]}}],"collection":[{"href":"https:\/\/grupotextil.es\/en\/wp-json\/wp\/v2\/product"}],"about":[{"href":"https:\/\/grupotextil.es\/en\/wp-json\/wp\/v2\/types\/product"}],"replies":[{"embeddable":true,"href":"https:\/\/grupotextil.es\/en\/wp-json\/wp\/v2\/comments?post=296299"}],"wp:featuredmedia":[{"embeddable":true,"href":"https:\/\/grupotextil.es\/en\/wp-json\/wp\/v2\/media\/296300"}],"wp:attachment":[{"href":"https:\/\/grupotextil.es\/en\/wp-json\/wp\/v2\/media?parent=296299"}],"wp:term":[{"taxonomy":"product_brand","embeddable":true,"href":"https:\/\/grupotextil.es\/en\/wp-json\/wp\/v2\/product_brand?post=296299"},{"taxonomy":"product_cat","embeddable":true,"href":"https:\/\/grupotextil.es\/en\/wp-json\/wp\/v2\/product_cat?post=296299"},{"taxonomy":"product_tag","embeddable":true,"href":"https:\/\/grupotextil.es\/en\/wp-json\/wp\/v2\/product_tag?post=296299"}],"curies":[{"name":"wp","href":"https:\/\/api.w.org\/{rel}","templated":true}]}}