{"id":296347,"date":"2026-03-06T01:29:27","date_gmt":"2026-03-06T01:29:27","guid":{"rendered":"https:\/\/grupotextil.es\/?post_type=product&#038;p=296347"},"modified":"2026-03-06T01:29:27","modified_gmt":"2026-03-06T01:29:27","slug":"calcetines-termicos-valento-carabu","status":"publish","type":"product","link":"https:\/\/grupotextil.es\/en\/product\/calcetines-termicos-valento-carabu\/","title":{"rendered":"Calcetines t\u00e9rmicos VALENTO CARABU"},"content":{"rendered":"<div class=\"product-description\">\n<div class=\"article_characteristics\">\n<ul style=\"margin-block-start: 0;\" >\n<li><b>Calcetines t\u00e9rmicos<\/b>.<\/li>\n<li>Confeccionados en tejido grueso de punto cerrojillo con poli\u00e9ster y elastano suave y el\u00e1stico que aporta un mayor confort.<\/li>\n<li>Tejido con rizo interior en la zona de la planta del pie que aporta retenci\u00f3n t\u00e9rmica.<\/li>\n<li>Contornos el\u00e1sticos en la zona media del pie y en la parte superior para una mayor sujeci\u00f3n y un mejor ajuste.<\/li>\n<li>Refuerzos en tal\u00f3n y en punta con poliamida que aumentan su resistencia.<\/li>\n<li>M\u00e9todos id\u00f3neos de marcaje: bordados, cosidos.<\/li>\n<li>Ideales como <b>ropa laboral<\/b> y <b>uniformes de invierno<\/b>.<\/li>\n<\/ul><\/div>\n<\/div>\n<div class=\"product-pdf\">\n<p><a href=\"https:\/\/valento.es\/?service=ServeDocuments&amp;function=serve_datasheet&amp;article_ref=CLVACAR\" target=\"_blank\" rel=\"noopener\">Descargar ficha t\u00e9cnica (PDF)<\/a><\/p>\n<\/div>","protected":false},"excerpt":{"rendered":"<p>Calcetines t\u00e9rmicos VALENTO CARABU de Valento. Disponible en la categor\u00eda Calcetines. Env\u00edo r\u00e1pido 24\/48h.<\/p>","protected":false},"featured_media":296348,"comment_status":"open","ping_status":"closed","template":"","meta":{"_acf_changed":false},"product_brand":[11282],"product_cat":[13953],"product_tag":[],"class_list":{"0":"post-296347","1":"product","2":"type-product","3":"status-publish","4":"has-post-thumbnail","6":"product_brand-valento","7":"product_cat-acc-calcetines","8":"tm-no-options","10":"first","11":"instock","12":"taxable","13":"shipping-taxable","14":"product-type-variable"},"acf":[],"_links":{"self":[{"href":"https:\/\/grupotextil.es\/en\/wp-json\/wp\/v2\/product\/296347","targetHints":{"allow":["GET"]}}],"collection":[{"href":"https:\/\/grupotextil.es\/en\/wp-json\/wp\/v2\/product"}],"about":[{"href":"https:\/\/grupotextil.es\/en\/wp-json\/wp\/v2\/types\/product"}],"replies":[{"embeddable":true,"href":"https:\/\/grupotextil.es\/en\/wp-json\/wp\/v2\/comments?post=296347"}],"wp:featuredmedia":[{"embeddable":true,"href":"https:\/\/grupotextil.es\/en\/wp-json\/wp\/v2\/media\/296348"}],"wp:attachment":[{"href":"https:\/\/grupotextil.es\/en\/wp-json\/wp\/v2\/media?parent=296347"}],"wp:term":[{"taxonomy":"product_brand","embeddable":true,"href":"https:\/\/grupotextil.es\/en\/wp-json\/wp\/v2\/product_brand?post=296347"},{"taxonomy":"product_cat","embeddable":true,"href":"https:\/\/grupotextil.es\/en\/wp-json\/wp\/v2\/product_cat?post=296347"},{"taxonomy":"product_tag","embeddable":true,"href":"https:\/\/grupotextil.es\/en\/wp-json\/wp\/v2\/product_tag?post=296347"}],"curies":[{"name":"wp","href":"https:\/\/api.w.org\/{rel}","templated":true}]}}