{"id":296428,"date":"2026-03-06T01:29:35","date_gmt":"2026-03-06T01:29:35","guid":{"rendered":"https:\/\/grupotextil.es\/?post_type=product&#038;p=296428"},"modified":"2026-03-06T01:29:35","modified_gmt":"2026-03-06T01:29:35","slug":"calcetines-infantiles-ricos-en-algodon-valento-cuco","status":"publish","type":"product","link":"https:\/\/grupotextil.es\/en\/product\/calcetines-infantiles-ricos-en-algodon-valento-cuco\/","title":{"rendered":"Calcetines infantiles ricos en algod\u00f3n VALENTO CUCO"},"content":{"rendered":"<div class=\"product-description\">\n<div class=\"article_characteristics\">\n<ul style=\"margin-block-start: 0;\" >\n<li><b>Calcetines infantiles<\/b> de altura media.<\/li>\n<li>Confeccionados con <b>tejido transpirable<\/b> <b>rico en algod\u00f3n<\/b> que favorece la ventilaci\u00f3n, mezclado con poli\u00e9ster resistente y duradero con elastano flexible y ajustable.<\/li>\n<li>Contornos el\u00e1sticos en la parte superior para una mayor sujeci\u00f3n y un mejor ajuste.<\/li>\n<li>Refuerzos en tal\u00f3n y en punta con poliamida que aumentan su resistencia.<\/li>\n<li>M\u00e9todos id\u00f3neos de marcaje: bordados, cosidos.<\/li>\n<li>Ideales para <b>uniforme escolar<\/b> y uso con zapato de vestir.<\/li>\n<\/ul><\/div>\n<\/div>\n<div class=\"product-pdf\">\n<p><a href=\"https:\/\/valento.es\/?service=ServeDocuments&amp;function=serve_datasheet&amp;article_ref=CLVACUC\" target=\"_blank\" rel=\"noopener\">Descargar ficha t\u00e9cnica (PDF)<\/a><\/p>\n<\/div>","protected":false},"excerpt":{"rendered":"<p>Calcetines infantiles ricos en algod\u00f3n VALENTO CUCO de Valento. Disponible en la categor\u00eda Calcetines. Env\u00edo r\u00e1pido 24\/48h.<\/p>","protected":false},"featured_media":296429,"comment_status":"open","ping_status":"closed","template":"","meta":{"_acf_changed":false},"product_brand":[11282],"product_cat":[13953],"product_tag":[],"class_list":{"0":"post-296428","1":"product","2":"type-product","3":"status-publish","4":"has-post-thumbnail","6":"product_brand-valento","7":"product_cat-acc-calcetines","8":"tm-no-options","10":"first","11":"instock","12":"taxable","13":"shipping-taxable","14":"product-type-variable"},"acf":[],"_links":{"self":[{"href":"https:\/\/grupotextil.es\/en\/wp-json\/wp\/v2\/product\/296428","targetHints":{"allow":["GET"]}}],"collection":[{"href":"https:\/\/grupotextil.es\/en\/wp-json\/wp\/v2\/product"}],"about":[{"href":"https:\/\/grupotextil.es\/en\/wp-json\/wp\/v2\/types\/product"}],"replies":[{"embeddable":true,"href":"https:\/\/grupotextil.es\/en\/wp-json\/wp\/v2\/comments?post=296428"}],"wp:featuredmedia":[{"embeddable":true,"href":"https:\/\/grupotextil.es\/en\/wp-json\/wp\/v2\/media\/296429"}],"wp:attachment":[{"href":"https:\/\/grupotextil.es\/en\/wp-json\/wp\/v2\/media?parent=296428"}],"wp:term":[{"taxonomy":"product_brand","embeddable":true,"href":"https:\/\/grupotextil.es\/en\/wp-json\/wp\/v2\/product_brand?post=296428"},{"taxonomy":"product_cat","embeddable":true,"href":"https:\/\/grupotextil.es\/en\/wp-json\/wp\/v2\/product_cat?post=296428"},{"taxonomy":"product_tag","embeddable":true,"href":"https:\/\/grupotextil.es\/en\/wp-json\/wp\/v2\/product_tag?post=296428"}],"curies":[{"name":"wp","href":"https:\/\/api.w.org\/{rel}","templated":true}]}}