{"id":297761,"date":"2026-03-06T01:30:01","date_gmt":"2026-03-06T01:30:01","guid":{"rendered":"https:\/\/grupotextil.es\/?post_type=product&#038;p=297761"},"modified":"2026-03-06T01:30:01","modified_gmt":"2026-03-06T01:30:01","slug":"camisa-de-trabajo-ligera-valento-whell","status":"publish","type":"product","link":"https:\/\/grupotextil.es\/en\/product\/camisa-de-trabajo-ligera-valento-whell\/","title":{"rendered":"Camisa de trabajo ligera VALENTO WHELL"},"content":{"rendered":"<div class=\"product-description\">\n<div class=\"article_characteristics\">\n<ul style=\"margin-block-start: 0;\" >\n<li><b>Camisa<\/b> de <b>manga corta<\/b>, ligera, fina y holgada.<\/li>\n<li>Confeccionada en tejido de popel\u00edn ligero de 210 hilos, mezcla algod\u00f3n con poli\u00e9ster resistente y duradero.<\/li>\n<li>Cierre de botones, bolsillo en pecho izquierdo para resaltar el marcaje.<\/li>\n<li>Pinzas traseras y bajo con aberturas laterales para mayor comodidad.<\/li>\n<li>Mangas y bajo con dobladillo,  costuras interiores sobrehiladas para mayor durabilidad y resistencia.<\/li>\n<li>M\u00e9todos id\u00f3neos de marcaje: serigraf\u00eda, vinilo, transfer, bordados, cosidos.<\/li>\n<li>Ideal como <b>ropa laboral<\/b> y <b>uniformes de trabajo<\/b>.<\/li>\n<\/ul><\/div>\n<\/div>\n<div class=\"product-pdf\">\n<p><a href=\"https:\/\/valento.es\/?service=ServeDocuments&amp;function=serve_datasheet&amp;article_ref=CSVAWHE\" target=\"_blank\" rel=\"noopener\">Descargar ficha t\u00e9cnica (PDF)<\/a><\/p>\n<\/div>","protected":false},"excerpt":{"rendered":"<p>Camisa de trabajo ligera VALENTO WHELL de Valento. Disponible en la categor\u00eda Camisas. Env\u00edo r\u00e1pido 24\/48h.<\/p>","protected":false},"featured_media":297762,"comment_status":"open","ping_status":"closed","template":"","meta":{"_acf_changed":false},"product_brand":[11282],"product_cat":[13938],"product_tag":[],"class_list":{"0":"post-297761","1":"product","2":"type-product","3":"status-publish","4":"has-post-thumbnail","6":"product_brand-valento","7":"product_cat-camisas-corporativas","8":"tm-no-options","10":"first","11":"instock","12":"taxable","13":"shipping-taxable","14":"product-type-variable"},"acf":[],"_links":{"self":[{"href":"https:\/\/grupotextil.es\/en\/wp-json\/wp\/v2\/product\/297761","targetHints":{"allow":["GET"]}}],"collection":[{"href":"https:\/\/grupotextil.es\/en\/wp-json\/wp\/v2\/product"}],"about":[{"href":"https:\/\/grupotextil.es\/en\/wp-json\/wp\/v2\/types\/product"}],"replies":[{"embeddable":true,"href":"https:\/\/grupotextil.es\/en\/wp-json\/wp\/v2\/comments?post=297761"}],"wp:featuredmedia":[{"embeddable":true,"href":"https:\/\/grupotextil.es\/en\/wp-json\/wp\/v2\/media\/297762"}],"wp:attachment":[{"href":"https:\/\/grupotextil.es\/en\/wp-json\/wp\/v2\/media?parent=297761"}],"wp:term":[{"taxonomy":"product_brand","embeddable":true,"href":"https:\/\/grupotextil.es\/en\/wp-json\/wp\/v2\/product_brand?post=297761"},{"taxonomy":"product_cat","embeddable":true,"href":"https:\/\/grupotextil.es\/en\/wp-json\/wp\/v2\/product_cat?post=297761"},{"taxonomy":"product_tag","embeddable":true,"href":"https:\/\/grupotextil.es\/en\/wp-json\/wp\/v2\/product_tag?post=297761"}],"curies":[{"name":"wp","href":"https:\/\/api.w.org\/{rel}","templated":true}]}}