{"id":298650,"date":"2026-03-06T01:30:26","date_gmt":"2026-03-06T01:30:26","guid":{"rendered":"https:\/\/grupotextil.es\/?post_type=product&#038;p=298650"},"modified":"2026-03-06T01:30:26","modified_gmt":"2026-03-06T01:30:26","slug":"camisa-de-rayas-manga-larga-valento-agency","status":"publish","type":"product","link":"https:\/\/grupotextil.es\/en\/product\/camisa-de-rayas-manga-larga-valento-agency\/","title":{"rendered":"Camisa de rayas manga larga VALENTO AGENCY"},"content":{"rendered":"<div class=\"product-description\">\n<div class=\"article_characteristics\">\n<ul style=\"margin-block-start: 0;\" >\n<li><b>Camisa<\/b> <b>de rayas<\/b>, <b>manga larga<\/b> y <b>bolsillo<\/b>.<\/li>\n<li>Confeccionada en tejido Oxford de 200 hilos, con hilo tintado a rayas, mezcla algod\u00f3n con poli\u00e9ster, resistente y duradero.<\/li>\n<li><b>Bolsillo<\/b> reforzado en pecho izquierdo para resaltar el marcaje.<\/li>\n<li>Pu\u00f1os y cierre frontal con botones, pliegue central en espalda que aporta mayor movilidad.<\/li>\n<li>Bajo con dobladillo y costuras reforzadas en laterales, hombros,  mangas y sisas que aumentan su resistencia.<\/li>\n<li>M\u00e9todos id\u00f3neos de marcaje: serigraf\u00eda, transfer, bordados, cosidos.<\/li>\n<li>Ideal como <b>ropa casual<\/b> y <b>uniformes corporativos<\/b>.<\/li>\n<\/ul><\/div>\n<\/div>\n<div class=\"product-pdf\">\n<p><a href=\"https:\/\/valento.es\/?service=ServeDocuments&amp;function=serve_datasheet&amp;article_ref=CSVAAGE\" target=\"_blank\" rel=\"noopener\">Descargar ficha t\u00e9cnica (PDF)<\/a><\/p>\n<\/div>","protected":false},"excerpt":{"rendered":"<p>Camisa de rayas manga larga VALENTO AGENCY de Valento. Disponible en la categor\u00eda Camisas. Env\u00edo r\u00e1pido 24\/48h.<\/p>","protected":false},"featured_media":298651,"comment_status":"open","ping_status":"closed","template":"","meta":{"_acf_changed":false},"product_brand":[11282],"product_cat":[13938],"product_tag":[],"class_list":{"0":"post-298650","1":"product","2":"type-product","3":"status-publish","4":"has-post-thumbnail","6":"product_brand-valento","7":"product_cat-camisas-corporativas","8":"tm-no-options","10":"first","11":"instock","12":"taxable","13":"shipping-taxable","14":"product-type-variable"},"acf":[],"_links":{"self":[{"href":"https:\/\/grupotextil.es\/en\/wp-json\/wp\/v2\/product\/298650","targetHints":{"allow":["GET"]}}],"collection":[{"href":"https:\/\/grupotextil.es\/en\/wp-json\/wp\/v2\/product"}],"about":[{"href":"https:\/\/grupotextil.es\/en\/wp-json\/wp\/v2\/types\/product"}],"replies":[{"embeddable":true,"href":"https:\/\/grupotextil.es\/en\/wp-json\/wp\/v2\/comments?post=298650"}],"wp:featuredmedia":[{"embeddable":true,"href":"https:\/\/grupotextil.es\/en\/wp-json\/wp\/v2\/media\/298651"}],"wp:attachment":[{"href":"https:\/\/grupotextil.es\/en\/wp-json\/wp\/v2\/media?parent=298650"}],"wp:term":[{"taxonomy":"product_brand","embeddable":true,"href":"https:\/\/grupotextil.es\/en\/wp-json\/wp\/v2\/product_brand?post=298650"},{"taxonomy":"product_cat","embeddable":true,"href":"https:\/\/grupotextil.es\/en\/wp-json\/wp\/v2\/product_cat?post=298650"},{"taxonomy":"product_tag","embeddable":true,"href":"https:\/\/grupotextil.es\/en\/wp-json\/wp\/v2\/product_tag?post=298650"}],"curies":[{"name":"wp","href":"https:\/\/api.w.org\/{rel}","templated":true}]}}