{"id":299846,"date":"2026-03-06T01:30:55","date_gmt":"2026-03-06T01:30:55","guid":{"rendered":"https:\/\/grupotextil.es\/?post_type=product&#038;p=299846"},"modified":"2026-03-06T01:30:55","modified_gmt":"2026-03-06T01:30:55","slug":"camiseta-tecnica-sin-mangas-mujer-valento-lucy","status":"publish","type":"product","link":"https:\/\/grupotextil.es\/en\/product\/camiseta-tecnica-sin-mangas-mujer-valento-lucy\/","title":{"rendered":"Camiseta t\u00e9cnica sin mangas mujer VALENTO LUCY"},"content":{"rendered":"<div class=\"product-description\">\n<div class=\"article_characteristics\">\n<ul style=\"margin-block-start: 0;\" >\n<li><b>Camiseta t\u00e9cnica sin mangas<\/b> para <b>mujer<\/b>.<\/li>\n<li>Confeccionada en <b>tejido transpirable<\/b> tubular en jaspeado vigor\u00e9 (excepto en color negro), de gran elasticidad y <b>secado r\u00e1pido<\/b>.<\/li>\n<li>Ensamblada con los m\u00e9todos seamless (sin costuras) y flat seam (costuras planas) que minimizan el roce con la piel, dise\u00f1o anat\u00f3mico y din\u00e1mico para mejor movilidad.<\/li>\n<li>Espalda de nadadora para mayor comodidad: tirantes, laterales y espalda alta con tejido Jacquard micro-perforado que favorece la transpiraci\u00f3n y la eliminaci\u00f3n de la humedad.<\/li>\n<li>Contornos ribeteados para un mejor acabado, bajo recto con canal\u00e9 extra-el\u00e1stico,  dobladillo con costura invisible para mayor confort.<\/li>\n<li>Ideal como <b>ropa deportiva<\/b> de alto rendimiento.<\/li>\n<\/ul><\/div>\n<\/div>\n<div class=\"product-pdf\">\n<p><a href=\"https:\/\/valento.es\/?service=ServeDocuments&amp;function=serve_datasheet&amp;article_ref=CAVALUY\" target=\"_blank\" rel=\"noopener\">Descargar ficha t\u00e9cnica (PDF)<\/a><\/p>\n<\/div>","protected":false},"excerpt":{"rendered":"<p>Camiseta t\u00e9cnica sin mangas mujer VALENTO LUCY de Valento. Disponible en la categor\u00eda Camisetas Mujer. Env\u00edo r\u00e1pido 24\/48h.<\/p>","protected":false},"featured_media":299847,"comment_status":"open","ping_status":"closed","template":"","meta":{"_acf_changed":false},"product_brand":[11282],"product_cat":[13977,13986,13974,13975,13973],"product_tag":[],"class_list":{"0":"post-299846","1":"product","2":"type-product","3":"status-publish","4":"has-post-thumbnail","6":"product_brand-valento","7":"product_cat-h-camisetas-manga-corta","8":"product_cat-m-camisetas-manga-corta","9":"product_cat-ropa-hombre","10":"product_cat-ropa-mujer","11":"product_cat-ropa","12":"tm-no-options","14":"first","15":"instock","16":"taxable","17":"shipping-taxable","18":"product-type-variable"},"acf":[],"_links":{"self":[{"href":"https:\/\/grupotextil.es\/en\/wp-json\/wp\/v2\/product\/299846","targetHints":{"allow":["GET"]}}],"collection":[{"href":"https:\/\/grupotextil.es\/en\/wp-json\/wp\/v2\/product"}],"about":[{"href":"https:\/\/grupotextil.es\/en\/wp-json\/wp\/v2\/types\/product"}],"replies":[{"embeddable":true,"href":"https:\/\/grupotextil.es\/en\/wp-json\/wp\/v2\/comments?post=299846"}],"wp:featuredmedia":[{"embeddable":true,"href":"https:\/\/grupotextil.es\/en\/wp-json\/wp\/v2\/media\/299847"}],"wp:attachment":[{"href":"https:\/\/grupotextil.es\/en\/wp-json\/wp\/v2\/media?parent=299846"}],"wp:term":[{"taxonomy":"product_brand","embeddable":true,"href":"https:\/\/grupotextil.es\/en\/wp-json\/wp\/v2\/product_brand?post=299846"},{"taxonomy":"product_cat","embeddable":true,"href":"https:\/\/grupotextil.es\/en\/wp-json\/wp\/v2\/product_cat?post=299846"},{"taxonomy":"product_tag","embeddable":true,"href":"https:\/\/grupotextil.es\/en\/wp-json\/wp\/v2\/product_tag?post=299846"}],"curies":[{"name":"wp","href":"https:\/\/api.w.org\/{rel}","templated":true}]}}