{"id":301318,"date":"2026-03-06T01:31:20","date_gmt":"2026-03-06T01:31:20","guid":{"rendered":"https:\/\/grupotextil.es\/?post_type=product&#038;p=301318"},"modified":"2026-03-06T01:31:20","modified_gmt":"2026-03-06T01:31:20","slug":"camiseta-tecnica-de-manga-corta-valento-brickplus","status":"publish","type":"product","link":"https:\/\/grupotextil.es\/en\/product\/camiseta-tecnica-de-manga-corta-valento-brickplus\/","title":{"rendered":"Camiseta t\u00e9cnica de manga corta VALENTO BRICKPLUS"},"content":{"rendered":"<div class=\"product-description\">\n<div class=\"article_characteristics\">\n<ul style=\"margin-block-start: 0;\" >\n<li><b>Camiseta t\u00e9cnica<\/b> de <b>manga corta<\/b>, <b>cuello redondo<\/b> y dise\u00f1o <b>bicolor<\/b>.<\/li>\n<li>Confeccionada en <b>tejido t\u00e9cnico transpirable<\/b> Bird-Eye que facilita el <b>secado r\u00e1pido<\/b> y la eliminaci\u00f3n del sudor.<\/li>\n<li>Dise\u00f1o <b>bicolor<\/b> y f\u00e1cilmente combinable: costuras, detalles en hombros y laterales en colores vivos combinados a contraste con blanco.<\/li>\n<li>Costuras planas en hombros y axilas que minimizan el roce con la piel.<\/li>\n<li>M\u00e9todos id\u00f3neos de marcaje: <b>sublimaci\u00f3n<\/b> sobre color blanco, serigraf\u00eda, transfer, vinilo, bordados, cosidos.<\/li>\n<li>Ideal para realizar actividades f\u00edsicas, eventos, carreras y como <b>ropa deportiva<\/b>.<\/li>\n<\/ul><\/div>\n<\/div>\n<div class=\"product-pdf\">\n<p><a href=\"https:\/\/valento.es\/?service=ServeDocuments&amp;function=serve_datasheet&amp;article_ref=CAVABRI\" target=\"_blank\" rel=\"noopener\">Descargar ficha t\u00e9cnica (PDF)<\/a><\/p>\n<\/div>","protected":false},"excerpt":{"rendered":"<p>Camiseta t\u00e9cnica de manga corta VALENTO BRICKPLUS de Valento. Disponible en la categor\u00eda Camisetas Tecnicas. Env\u00edo r\u00e1pido 24\/48h.<\/p>","protected":false},"featured_media":301319,"comment_status":"open","ping_status":"closed","template":"","meta":{"_acf_changed":false},"product_brand":[11282],"product_cat":[13977,13986,13974,13975,13973],"product_tag":[],"class_list":{"0":"post-301318","1":"product","2":"type-product","3":"status-publish","4":"has-post-thumbnail","6":"product_brand-valento","7":"product_cat-h-camisetas-manga-corta","8":"product_cat-m-camisetas-manga-corta","9":"product_cat-ropa-hombre","10":"product_cat-ropa-mujer","11":"product_cat-ropa","12":"tm-no-options","14":"first","15":"instock","16":"taxable","17":"shipping-taxable","18":"product-type-variable"},"acf":[],"_links":{"self":[{"href":"https:\/\/grupotextil.es\/en\/wp-json\/wp\/v2\/product\/301318","targetHints":{"allow":["GET"]}}],"collection":[{"href":"https:\/\/grupotextil.es\/en\/wp-json\/wp\/v2\/product"}],"about":[{"href":"https:\/\/grupotextil.es\/en\/wp-json\/wp\/v2\/types\/product"}],"replies":[{"embeddable":true,"href":"https:\/\/grupotextil.es\/en\/wp-json\/wp\/v2\/comments?post=301318"}],"wp:featuredmedia":[{"embeddable":true,"href":"https:\/\/grupotextil.es\/en\/wp-json\/wp\/v2\/media\/301319"}],"wp:attachment":[{"href":"https:\/\/grupotextil.es\/en\/wp-json\/wp\/v2\/media?parent=301318"}],"wp:term":[{"taxonomy":"product_brand","embeddable":true,"href":"https:\/\/grupotextil.es\/en\/wp-json\/wp\/v2\/product_brand?post=301318"},{"taxonomy":"product_cat","embeddable":true,"href":"https:\/\/grupotextil.es\/en\/wp-json\/wp\/v2\/product_cat?post=301318"},{"taxonomy":"product_tag","embeddable":true,"href":"https:\/\/grupotextil.es\/en\/wp-json\/wp\/v2\/product_tag?post=301318"}],"curies":[{"name":"wp","href":"https:\/\/api.w.org\/{rel}","templated":true}]}}