{"id":304108,"date":"2026-03-06T01:32:04","date_gmt":"2026-03-06T01:32:04","guid":{"rendered":"https:\/\/grupotextil.es\/?post_type=product&#038;p=304108"},"modified":"2026-03-06T01:32:04","modified_gmt":"2026-03-06T01:32:04","slug":"camiseta-sublimacion-manga-corta-valento-matrix","status":"publish","type":"product","link":"https:\/\/grupotextil.es\/en\/product\/camiseta-sublimacion-manga-corta-valento-matrix\/","title":{"rendered":"Camiseta sublimaci\u00f3n manga corta VALENTO MATRIX"},"content":{"rendered":"<div class=\"product-description\">\n<div class=\"article_characteristics\">\n<ul style=\"margin-block-start: 0;\" >\n<li><b>Camiseta<\/b> de <b>manga corta<\/b> y <b>corte regular<\/b>, especialmente dise\u00f1ada para <b>sublimaci\u00f3n<\/b>.<\/li>\n<li>Confeccionada en tejido de punto liso <b>100% poli\u00e9ster<\/b> con tacto algod\u00f3n, suave y agradable.<\/li>\n<li><b>Cuello redondo<\/b> de canal\u00e9 el\u00e1stico que se adapta c\u00f3modamente.<\/li>\n<li>Doble pespunte en cuello, bajo y mangas que aumenta su resistencia.<\/li>\n<li>Cinta interior de hombro a hombro que refuerza y mantiene su forma.<\/li>\n<li>M\u00e9todos id\u00f3neos de marcaje: <b>sublimaci\u00f3n<\/b>, serigraf\u00eda, transfer, vinilo, bordados, cosidos.<\/li>\n<li>Ideal como <b>textil promocional<\/b>, merchandising, suvenir, <b>fiestas populares<\/b>, eventos, etc.<\/li>\n<\/ul><\/div>\n<\/div>\n<div class=\"product-pdf\">\n<p><a href=\"https:\/\/valento.es\/?service=ServeDocuments&amp;function=serve_datasheet&amp;article_ref=CAVAMAT\" target=\"_blank\" rel=\"noopener\">Descargar ficha t\u00e9cnica (PDF)<\/a><\/p>\n<\/div>","protected":false},"excerpt":{"rendered":"<p>Camiseta sublimaci\u00f3n manga corta VALENTO MATRIX de Valento. Disponible en la categor\u00eda Camisetas Unisex. Env\u00edo r\u00e1pido 24\/48h.<\/p>","protected":false},"featured_media":304109,"comment_status":"open","ping_status":"closed","template":"","meta":{"_acf_changed":false},"product_brand":[11282],"product_cat":[13977,13986,13974,13975,13973],"product_tag":[],"class_list":{"0":"post-304108","1":"product","2":"type-product","3":"status-publish","4":"has-post-thumbnail","6":"product_brand-valento","7":"product_cat-h-camisetas-manga-corta","8":"product_cat-m-camisetas-manga-corta","9":"product_cat-ropa-hombre","10":"product_cat-ropa-mujer","11":"product_cat-ropa","12":"tm-no-options","14":"first","15":"instock","16":"taxable","17":"shipping-taxable","18":"product-type-variable"},"acf":[],"_links":{"self":[{"href":"https:\/\/grupotextil.es\/en\/wp-json\/wp\/v2\/product\/304108","targetHints":{"allow":["GET"]}}],"collection":[{"href":"https:\/\/grupotextil.es\/en\/wp-json\/wp\/v2\/product"}],"about":[{"href":"https:\/\/grupotextil.es\/en\/wp-json\/wp\/v2\/types\/product"}],"replies":[{"embeddable":true,"href":"https:\/\/grupotextil.es\/en\/wp-json\/wp\/v2\/comments?post=304108"}],"wp:featuredmedia":[{"embeddable":true,"href":"https:\/\/grupotextil.es\/en\/wp-json\/wp\/v2\/media\/304109"}],"wp:attachment":[{"href":"https:\/\/grupotextil.es\/en\/wp-json\/wp\/v2\/media?parent=304108"}],"wp:term":[{"taxonomy":"product_brand","embeddable":true,"href":"https:\/\/grupotextil.es\/en\/wp-json\/wp\/v2\/product_brand?post=304108"},{"taxonomy":"product_cat","embeddable":true,"href":"https:\/\/grupotextil.es\/en\/wp-json\/wp\/v2\/product_cat?post=304108"},{"taxonomy":"product_tag","embeddable":true,"href":"https:\/\/grupotextil.es\/en\/wp-json\/wp\/v2\/product_tag?post=304108"}],"curies":[{"name":"wp","href":"https:\/\/api.w.org\/{rel}","templated":true}]}}