{"id":306635,"date":"2026-03-06T01:33:24","date_gmt":"2026-03-06T01:33:24","guid":{"rendered":"https:\/\/grupotextil.es\/?post_type=product&#038;p=306635"},"modified":"2026-03-06T01:33:24","modified_gmt":"2026-03-06T01:33:24","slug":"bluson-mujer-microfibra-cuello-mao-valento-glandara","status":"publish","type":"product","link":"https:\/\/grupotextil.es\/en\/product\/bluson-mujer-microfibra-cuello-mao-valento-glandara\/","title":{"rendered":"Blus\u00f3n mujer microfibra cuello Mao VALENTO GLANDARA"},"content":{"rendered":"<div class=\"product-description\">\n<div class=\"article_characteristics\">\n<ul style=\"margin-block-start: 0;\" >\n<li><b>Blus\u00f3n de trabajo<\/b> de <b>mujer<\/b>, <b>manga corta<\/b> y corte entallado.<\/li>\n<li>Confeccionado en <b>tejido transpirable<\/b> <b>bi-el\u00e1stico<\/b> de microfibra, flexible, c\u00f3modo y vers\u00e1til.<\/li>\n<li>Cuello abierto tipo Mao terminado en pico con tela de refuerzo para un mejor acabado.<\/li>\n<li>Dos bolsillos delanteros para tener todo accesible, reforzados con presillas de seguridad para mayor durabilidad.<\/li>\n<li>Doble pespunte en bajo y mangas que aumenta su resistencia.<\/li>\n<li>M\u00e9todos id\u00f3neos de marcaje: serigraf\u00eda, transfer, vinilo, bordados, cosidos.<\/li>\n<li>Ideal como <b>ropa laboral<\/b>, <b>uniformes sanitarios<\/b> y <b>uniformes de est\u00e9tica<\/b>.<\/li>\n<\/ul><\/div>\n<\/div>\n<div class=\"product-pdf\">\n<p><a href=\"https:\/\/valento.es\/?service=ServeDocuments&amp;function=serve_datasheet&amp;article_ref=CQVAGLN\" target=\"_blank\" rel=\"noopener\">Descargar ficha t\u00e9cnica (PDF)<\/a><\/p>\n<\/div>","protected":false},"excerpt":{"rendered":"<p>Blus\u00f3n mujer microfibra cuello Mao VALENTO GLANDARA de Valento. Disponible en la categor\u00eda Camisolas Petos Y Conjuntos Sanitarios. Env\u00edo r\u00e1pido 24\/48h.<\/p>","protected":false},"featured_media":306636,"comment_status":"open","ping_status":"closed","template":"","meta":{"_acf_changed":false},"product_brand":[11282],"product_cat":[13981,13990,13974,13975,13973],"product_tag":[],"class_list":{"0":"post-306635","1":"product","2":"type-product","3":"status-publish","4":"has-post-thumbnail","6":"product_brand-valento","7":"product_cat-h-chaquetas-y-abrigos","8":"product_cat-m-chaquetas-y-abrigos","9":"product_cat-ropa-hombre","10":"product_cat-ropa-mujer","11":"product_cat-ropa","12":"tm-no-options","14":"first","15":"instock","16":"taxable","17":"shipping-taxable","18":"product-type-variable"},"acf":[],"_links":{"self":[{"href":"https:\/\/grupotextil.es\/en\/wp-json\/wp\/v2\/product\/306635","targetHints":{"allow":["GET"]}}],"collection":[{"href":"https:\/\/grupotextil.es\/en\/wp-json\/wp\/v2\/product"}],"about":[{"href":"https:\/\/grupotextil.es\/en\/wp-json\/wp\/v2\/types\/product"}],"replies":[{"embeddable":true,"href":"https:\/\/grupotextil.es\/en\/wp-json\/wp\/v2\/comments?post=306635"}],"wp:featuredmedia":[{"embeddable":true,"href":"https:\/\/grupotextil.es\/en\/wp-json\/wp\/v2\/media\/306636"}],"wp:attachment":[{"href":"https:\/\/grupotextil.es\/en\/wp-json\/wp\/v2\/media?parent=306635"}],"wp:term":[{"taxonomy":"product_brand","embeddable":true,"href":"https:\/\/grupotextil.es\/en\/wp-json\/wp\/v2\/product_brand?post=306635"},{"taxonomy":"product_cat","embeddable":true,"href":"https:\/\/grupotextil.es\/en\/wp-json\/wp\/v2\/product_cat?post=306635"},{"taxonomy":"product_tag","embeddable":true,"href":"https:\/\/grupotextil.es\/en\/wp-json\/wp\/v2\/product_tag?post=306635"}],"curies":[{"name":"wp","href":"https:\/\/api.w.org\/{rel}","templated":true}]}}