{"id":309255,"date":"2026-03-06T01:34:19","date_gmt":"2026-03-06T01:34:19","guid":{"rendered":"https:\/\/grupotextil.es\/?post_type=product&#038;p=309255"},"modified":"2026-03-06T01:34:19","modified_gmt":"2026-03-06T01:34:19","slug":"chaleco-de-trabajo-multibolsillos-valento-reporter","status":"publish","type":"product","link":"https:\/\/grupotextil.es\/en\/product\/chaleco-de-trabajo-multibolsillos-valento-reporter\/","title":{"rendered":"Chaleco de trabajo multibolsillos VALENTO REPORTER"},"content":{"rendered":"<div class=\"product-description\">\n<div class=\"article_characteristics\">\n<ul style=\"margin-block-start: 0;\" >\n<li><b>Chaleco de trabajo<\/b> <b>multibolsillos<\/b> acolchado, uno de nuestros <b>chalecos<\/b> m\u00e1s demandados por sus m\u00faltiples funcionalidades y amplia gama de colores.<\/li>\n<li>Confeccionado en tejido sarga resistente y duradera en cara exterior, forro interior liso y relleno acolchado que aporta retenci\u00f3n t\u00e9rmica.<\/li>\n<li><b>Cuello alto<\/b> y cierre frontal de <b>cremallera entera<\/b> con tapeta y cierre de botones a presi\u00f3n, para mayor calidez y confort.<\/li>\n<li>Cortavientos el\u00e1stico en sisas y cintura regulable con cierres laterales de botones a presi\u00f3n para un mejor ajuste, fald\u00f3n trasero que cubre la zona lumbar.<\/li>\n<li>Dos bolsillos frontales con fuelle, dos laterales, dos superiores con tapeta y velcro, dos a altura intermedia con cierre de cremallera, un compartimento para bol\u00edgrafo y un bolsillo interior con cierre de velcro para tener todo accesible y disponible.<\/li>\n<li>Incluye cremallera interior trasera para facilitar los diferentes tipos de marcaje: serigraf\u00eda, transfer, vinilo, bordados, cosidos.<\/li>\n<li>Ideal como <b>ropa laboral<\/b>, <b>uniformes de trabajo<\/b> y <b>textil promocional<\/b>.<\/li>\n<\/ul><\/div>\n<\/div>\n<div class=\"product-pdf\">\n<p><a href=\"https:\/\/valento.es\/?service=ServeDocuments&amp;function=serve_datasheet&amp;article_ref=CHVAREP\" target=\"_blank\" rel=\"noopener\">Descargar ficha t\u00e9cnica (PDF)<\/a><\/p>\n<\/div>","protected":false},"excerpt":{"rendered":"<p>Chaleco de trabajo multibolsillos VALENTO REPORTER de Valento. Disponible en la categor\u00eda Chalecos. Env\u00edo r\u00e1pido 24\/48h.<\/p>","protected":false},"featured_media":309256,"comment_status":"open","ping_status":"closed","template":"","meta":{"_acf_changed":false},"product_brand":[11282],"product_cat":[13991,13982,13974,13975,13973],"product_tag":[],"class_list":{"0":"post-309255","1":"product","2":"type-product","3":"status-publish","4":"has-post-thumbnail","6":"product_brand-valento","7":"product_cat-m-chalecos","8":"product_cat-h-chalecos","9":"product_cat-ropa-hombre","10":"product_cat-ropa-mujer","11":"product_cat-ropa","12":"tm-no-options","14":"first","15":"instock","16":"taxable","17":"shipping-taxable","18":"product-type-variable"},"acf":[],"_links":{"self":[{"href":"https:\/\/grupotextil.es\/en\/wp-json\/wp\/v2\/product\/309255","targetHints":{"allow":["GET"]}}],"collection":[{"href":"https:\/\/grupotextil.es\/en\/wp-json\/wp\/v2\/product"}],"about":[{"href":"https:\/\/grupotextil.es\/en\/wp-json\/wp\/v2\/types\/product"}],"replies":[{"embeddable":true,"href":"https:\/\/grupotextil.es\/en\/wp-json\/wp\/v2\/comments?post=309255"}],"wp:featuredmedia":[{"embeddable":true,"href":"https:\/\/grupotextil.es\/en\/wp-json\/wp\/v2\/media\/309256"}],"wp:attachment":[{"href":"https:\/\/grupotextil.es\/en\/wp-json\/wp\/v2\/media?parent=309255"}],"wp:term":[{"taxonomy":"product_brand","embeddable":true,"href":"https:\/\/grupotextil.es\/en\/wp-json\/wp\/v2\/product_brand?post=309255"},{"taxonomy":"product_cat","embeddable":true,"href":"https:\/\/grupotextil.es\/en\/wp-json\/wp\/v2\/product_cat?post=309255"},{"taxonomy":"product_tag","embeddable":true,"href":"https:\/\/grupotextil.es\/en\/wp-json\/wp\/v2\/product_tag?post=309255"}],"curies":[{"name":"wp","href":"https:\/\/api.w.org\/{rel}","templated":true}]}}