{"id":309778,"date":"2026-03-06T01:34:23","date_gmt":"2026-03-06T01:34:23","guid":{"rendered":"https:\/\/grupotextil.es\/?post_type=product&#038;p=309778"},"modified":"2026-03-06T01:34:23","modified_gmt":"2026-03-06T01:34:23","slug":"chaleco-softshell-con-polar-interior-valento-tundra","status":"publish","type":"product","link":"https:\/\/grupotextil.es\/en\/product\/chaleco-softshell-con-polar-interior-valento-tundra\/","title":{"rendered":"Chaleco softshell con polar interior VALENTO TUNDRA"},"content":{"rendered":"<div class=\"product-description\">\n<div class=\"article_characteristics\">\n<ul style=\"margin-block-start: 0;\" >\n<li><b>Chaleco<\/b> <b>softshell<\/b>, su inmejorable relaci\u00f3n calidad-precio y su gran variedad de colores hacen que sea uno de nuestros chalecos m\u00e1s vendidos.<\/li>\n<li>Confeccionado en tejido <b>softshell<\/b> el\u00e1stico de tres capas (exterior plano hidr\u00f3fugo, intermedia transpirable e interior micro-polar) con efecto cortavientos, hidro-repelente y de alta retenci\u00f3n t\u00e9rmica.<\/li>\n<li>Cuello alto de doble capa e interior polar, cierre de <b>cremallera entera<\/b> que incluye protege barbilla para mayor comodidad.<\/li>\n<li>Bajo recto con cord\u00f3n el\u00e1stico y freno para un ajuste c\u00f3modo.<\/li>\n<li>Dos bolsillos oblicuos con cremallera para tener todo accesible.<\/li>\n<li>M\u00e9todos id\u00f3neos de marcaje: bordados, cosidos y termo-adhesivos anti-sublimaci\u00f3n.<\/li>\n<li>Ideal para diferentes usos: <b>ropa laboral<\/b>, <b>textil promocional<\/b>, <b>ropa deportiva<\/b> y actividades al aire libre.<\/li>\n<\/ul><\/div>\n<\/div>\n<div class=\"product-pdf\">\n<p><a href=\"https:\/\/valento.es\/?service=ServeDocuments&amp;function=serve_datasheet&amp;article_ref=CHVATUN\" target=\"_blank\" rel=\"noopener\">Descargar ficha t\u00e9cnica (PDF)<\/a><\/p>\n<\/div>","protected":false},"excerpt":{"rendered":"<p>Chaleco softshell con polar interior VALENTO TUNDRA de Valento. Disponible en la categor\u00eda Chalecos. Env\u00edo r\u00e1pido 24\/48h.<\/p>","protected":false},"featured_media":309779,"comment_status":"open","ping_status":"closed","template":"","meta":{"_acf_changed":false},"product_brand":[11282],"product_cat":[13982,13991,13974,13975,13973],"product_tag":[],"class_list":{"0":"post-309778","1":"product","2":"type-product","3":"status-publish","4":"has-post-thumbnail","6":"product_brand-valento","7":"product_cat-h-chalecos","8":"product_cat-m-chalecos","9":"product_cat-ropa-hombre","10":"product_cat-ropa-mujer","11":"product_cat-ropa","12":"tm-no-options","14":"first","15":"instock","16":"taxable","17":"shipping-taxable","18":"product-type-variable"},"acf":[],"_links":{"self":[{"href":"https:\/\/grupotextil.es\/en\/wp-json\/wp\/v2\/product\/309778","targetHints":{"allow":["GET"]}}],"collection":[{"href":"https:\/\/grupotextil.es\/en\/wp-json\/wp\/v2\/product"}],"about":[{"href":"https:\/\/grupotextil.es\/en\/wp-json\/wp\/v2\/types\/product"}],"replies":[{"embeddable":true,"href":"https:\/\/grupotextil.es\/en\/wp-json\/wp\/v2\/comments?post=309778"}],"wp:featuredmedia":[{"embeddable":true,"href":"https:\/\/grupotextil.es\/en\/wp-json\/wp\/v2\/media\/309779"}],"wp:attachment":[{"href":"https:\/\/grupotextil.es\/en\/wp-json\/wp\/v2\/media?parent=309778"}],"wp:term":[{"taxonomy":"product_brand","embeddable":true,"href":"https:\/\/grupotextil.es\/en\/wp-json\/wp\/v2\/product_brand?post=309778"},{"taxonomy":"product_cat","embeddable":true,"href":"https:\/\/grupotextil.es\/en\/wp-json\/wp\/v2\/product_cat?post=309778"},{"taxonomy":"product_tag","embeddable":true,"href":"https:\/\/grupotextil.es\/en\/wp-json\/wp\/v2\/product_tag?post=309778"}],"curies":[{"name":"wp","href":"https:\/\/api.w.org\/{rel}","templated":true}]}}