{"id":310229,"date":"2026-03-06T01:34:27","date_gmt":"2026-03-06T01:34:27","guid":{"rendered":"https:\/\/grupotextil.es\/?post_type=product&#038;p=310229"},"modified":"2026-03-06T01:34:27","modified_gmt":"2026-03-06T01:34:27","slug":"chaleco-multibolsillos-ligero-valento-safari","status":"publish","type":"product","link":"https:\/\/grupotextil.es\/en\/product\/chaleco-multibolsillos-ligero-valento-safari\/","title":{"rendered":"Chaleco multibolsillos ligero VALENTO SAFARI"},"content":{"rendered":"<div class=\"product-description\">\n<div class=\"article_characteristics\">\n<ul style=\"margin-block-start: 0;\" >\n<li><b>Chaleco<\/b> <b>multibolsillos<\/b>, uno de los m\u00e1s demandados por su inmejorable relaci\u00f3n calidad-precio y sus m\u00faltiples funcionalidades.<\/li>\n<li>Confeccionado en <b>tejido transpirable<\/b> y resistente de sarga con forro interior de rejilla hasta la mitad de la espalda que favorece la ventilaci\u00f3n.<\/li>\n<li>Cuello abierto con forma de pico y cierre de <b>cremallera entera<\/b>.<\/li>\n<li>Costuras ribeteadas en cuello, sisas y bajo que aumenta su resistencia y durabilidad.<\/li>\n<li>Nueve bolsillos delanteros para tener todo accesible y disponible: siete con tapeta y velcro, dos con fuelle y cremallera, una anilla para colgar cosas y dos bolsillos traseros tambi\u00e9n con tapeta y velcro.<\/li>\n<li>M\u00e9todos id\u00f3neos de marcaje: serigraf\u00eda, transfer, bordados, cosidos.<\/li>\n<li>Ideal para diferentes usos: <b>ropa laboral<\/b>, <b>textil promocional<\/b> y actividades al aire libre (caza, pesca, trekking, etc).<\/li>\n<\/ul><\/div>\n<\/div>\n<div class=\"product-pdf\">\n<p><a href=\"https:\/\/valento.es\/?service=ServeDocuments&amp;function=serve_datasheet&amp;article_ref=CHVASAF\" target=\"_blank\" rel=\"noopener\">Descargar ficha t\u00e9cnica (PDF)<\/a><\/p>\n<\/div>","protected":false},"excerpt":{"rendered":"<p>Chaleco multibolsillos ligero VALENTO SAFARI de Valento. Disponible en la categor\u00eda Chalecos. Env\u00edo r\u00e1pido 24\/48h.<\/p>","protected":false},"featured_media":310230,"comment_status":"open","ping_status":"closed","template":"","meta":{"_acf_changed":false},"product_brand":[11282],"product_cat":[13982,13991,13974,13975,13973],"product_tag":[],"class_list":{"0":"post-310229","1":"product","2":"type-product","3":"status-publish","4":"has-post-thumbnail","6":"product_brand-valento","7":"product_cat-h-chalecos","8":"product_cat-m-chalecos","9":"product_cat-ropa-hombre","10":"product_cat-ropa-mujer","11":"product_cat-ropa","12":"tm-no-options","14":"first","15":"instock","16":"taxable","17":"shipping-taxable","18":"product-type-variable"},"acf":[],"_links":{"self":[{"href":"https:\/\/grupotextil.es\/en\/wp-json\/wp\/v2\/product\/310229","targetHints":{"allow":["GET"]}}],"collection":[{"href":"https:\/\/grupotextil.es\/en\/wp-json\/wp\/v2\/product"}],"about":[{"href":"https:\/\/grupotextil.es\/en\/wp-json\/wp\/v2\/types\/product"}],"replies":[{"embeddable":true,"href":"https:\/\/grupotextil.es\/en\/wp-json\/wp\/v2\/comments?post=310229"}],"wp:featuredmedia":[{"embeddable":true,"href":"https:\/\/grupotextil.es\/en\/wp-json\/wp\/v2\/media\/310230"}],"wp:attachment":[{"href":"https:\/\/grupotextil.es\/en\/wp-json\/wp\/v2\/media?parent=310229"}],"wp:term":[{"taxonomy":"product_brand","embeddable":true,"href":"https:\/\/grupotextil.es\/en\/wp-json\/wp\/v2\/product_brand?post=310229"},{"taxonomy":"product_cat","embeddable":true,"href":"https:\/\/grupotextil.es\/en\/wp-json\/wp\/v2\/product_cat?post=310229"},{"taxonomy":"product_tag","embeddable":true,"href":"https:\/\/grupotextil.es\/en\/wp-json\/wp\/v2\/product_tag?post=310229"}],"curies":[{"name":"wp","href":"https:\/\/api.w.org\/{rel}","templated":true}]}}