{"id":311493,"date":"2026-03-06T01:34:43","date_gmt":"2026-03-06T01:34:43","guid":{"rendered":"https:\/\/grupotextil.es\/?post_type=product&#038;p=311493"},"modified":"2026-03-06T01:34:43","modified_gmt":"2026-03-06T01:34:43","slug":"chaleco-de-trabajo-multibolsillos-ligero-valento-hardware","status":"publish","type":"product","link":"https:\/\/grupotextil.es\/en\/product\/chaleco-de-trabajo-multibolsillos-ligero-valento-hardware\/","title":{"rendered":"Chaleco de trabajo multibolsillos ligero VALENTO HARDWARE"},"content":{"rendered":"<div class=\"product-description\">\n<div class=\"article_characteristics\">\n<ul style=\"margin-block-start: 0;\" >\n<li><b>Chaleco<\/b> de <b>trabajo<\/b> <b>multibolsillos<\/b>, para ambientes c\u00e1lidos manteniendo la misma funcionalidad y est\u00e9tica de nuestro conocido <b>chaleco<\/b> Reporter.<\/li>\n<li>Confeccionado en tejido sarga resistente con forro interior entero de rejilla transpirable que favorece la ventilaci\u00f3n.<\/li>\n<li>Cuello abierto con forma de pico y cierre de <b>cremallera entera<\/b>.<\/li>\n<li>Dos bolsillos inferiores con fuelle para hacerlos m\u00e1s amplios, dos laterales y dos superiores todos con tapeta y velcro, para tener todo accesible, tambi\u00e9n incluye dos departamentos para bol\u00edgrafos o rotuladores.<\/li>\n<li>Bajo recto con doble pespunte que aumenta su resistencia.<\/li>\n<li>Incluye cremallera interior trasera para facilitar los diferentes tipos de marcaje: serigraf\u00eda, transfer, vinilo, bordados, cosidos.<\/li>\n<li>Ideal como <b>ropa laboral<\/b> y <b>uniformes de <b>trabajo<\/b><\/b>.<\/li>\n<\/ul><\/div>\n<\/div>\n<div class=\"product-pdf\">\n<p><a href=\"https:\/\/valento.es\/?service=ServeDocuments&amp;function=serve_datasheet&amp;article_ref=CHVAHAR\" target=\"_blank\" rel=\"noopener\">Descargar ficha t\u00e9cnica (PDF)<\/a><\/p>\n<\/div>","protected":false},"excerpt":{"rendered":"<p>Chaleco de trabajo multibolsillos ligero VALENTO HARDWARE de Valento. Disponible en la categor\u00eda Chalecos. Env\u00edo r\u00e1pido 24\/48h.<\/p>","protected":false},"featured_media":311494,"comment_status":"open","ping_status":"closed","template":"","meta":{"_acf_changed":false},"product_brand":[11282],"product_cat":[13982,13991,13974,13975,13973],"product_tag":[],"class_list":{"0":"post-311493","1":"product","2":"type-product","3":"status-publish","4":"has-post-thumbnail","6":"product_brand-valento","7":"product_cat-h-chalecos","8":"product_cat-m-chalecos","9":"product_cat-ropa-hombre","10":"product_cat-ropa-mujer","11":"product_cat-ropa","12":"tm-no-options","14":"first","15":"instock","16":"taxable","17":"shipping-taxable","18":"product-type-variable"},"acf":[],"_links":{"self":[{"href":"https:\/\/grupotextil.es\/en\/wp-json\/wp\/v2\/product\/311493","targetHints":{"allow":["GET"]}}],"collection":[{"href":"https:\/\/grupotextil.es\/en\/wp-json\/wp\/v2\/product"}],"about":[{"href":"https:\/\/grupotextil.es\/en\/wp-json\/wp\/v2\/types\/product"}],"replies":[{"embeddable":true,"href":"https:\/\/grupotextil.es\/en\/wp-json\/wp\/v2\/comments?post=311493"}],"wp:featuredmedia":[{"embeddable":true,"href":"https:\/\/grupotextil.es\/en\/wp-json\/wp\/v2\/media\/311494"}],"wp:attachment":[{"href":"https:\/\/grupotextil.es\/en\/wp-json\/wp\/v2\/media?parent=311493"}],"wp:term":[{"taxonomy":"product_brand","embeddable":true,"href":"https:\/\/grupotextil.es\/en\/wp-json\/wp\/v2\/product_brand?post=311493"},{"taxonomy":"product_cat","embeddable":true,"href":"https:\/\/grupotextil.es\/en\/wp-json\/wp\/v2\/product_cat?post=311493"},{"taxonomy":"product_tag","embeddable":true,"href":"https:\/\/grupotextil.es\/en\/wp-json\/wp\/v2\/product_tag?post=311493"}],"curies":[{"name":"wp","href":"https:\/\/api.w.org\/{rel}","templated":true}]}}