{"id":312309,"date":"2026-03-06T01:35:07","date_gmt":"2026-03-06T01:35:07","guid":{"rendered":"https:\/\/grupotextil.es\/?post_type=product&#038;p=312309"},"modified":"2026-03-06T01:35:07","modified_gmt":"2026-03-06T01:35:07","slug":"chaleco-acolchado-de-rombos-valento-worker","status":"publish","type":"product","link":"https:\/\/grupotextil.es\/en\/product\/chaleco-acolchado-de-rombos-valento-worker\/","title":{"rendered":"Chaleco acolchado de rombos VALENTO WORKER"},"content":{"rendered":"<div class=\"product-description\">\n<div class=\"article_characteristics\">\n<ul style=\"margin-block-start: 0;\" >\n<li><b>Chaleco de trabajo<\/b> acolchado con pespuntes de rombos.<\/li>\n<li>Confeccionado con tejido plano cosido a rombos, forro interior liso y relleno acolchado que aporta retenci\u00f3n t\u00e9rmica.<\/li>\n<li>Cuello alto abierto y cierre de <b>cremallera entera<\/b> hasta el comienzo del cuello que aporta ventilaci\u00f3n adicional.<\/li>\n<li>El\u00e1stico fruncido en cintura para mejor ajuste.<\/li>\n<li>Dos bolsillos laterales delanteros, un departamento para bol\u00edgrafos, un bolsillo en pecho izquierdo para resaltar el marcaje y un bolsillo interior con velcro para tener todo accesible.<\/li>\n<li>Incluye cremallera interior trasera para facilitar los diferentes tipos de marcaje: serigraf\u00eda, transfer, vinilo, bordados, cosidos.<\/li>\n<li>Ideal como <b>ropa laboral<\/b> para diferentes sectores: almac\u00e9n, log\u00edstica, transporte, industria base, etc.<\/li>\n<\/ul><\/div>\n<\/div>\n<div class=\"product-pdf\">\n<p><a href=\"https:\/\/valento.es\/?service=ServeDocuments&amp;function=serve_datasheet&amp;article_ref=CHVAWOR\" target=\"_blank\" rel=\"noopener\">Descargar ficha t\u00e9cnica (PDF)<\/a><\/p>\n<\/div>","protected":false},"excerpt":{"rendered":"<p>Chaleco acolchado de rombos VALENTO WORKER de Valento. Disponible en la categor\u00eda Chalecos. Env\u00edo r\u00e1pido 24\/48h.<\/p>","protected":false},"featured_media":312310,"comment_status":"open","ping_status":"closed","template":"","meta":{"_acf_changed":false},"product_brand":[11282],"product_cat":[13982,13991,13974,13975,13973],"product_tag":[],"class_list":{"0":"post-312309","1":"product","2":"type-product","3":"status-publish","4":"has-post-thumbnail","6":"product_brand-valento","7":"product_cat-h-chalecos","8":"product_cat-m-chalecos","9":"product_cat-ropa-hombre","10":"product_cat-ropa-mujer","11":"product_cat-ropa","12":"tm-no-options","14":"first","15":"instock","16":"taxable","17":"shipping-taxable","18":"product-type-variable"},"acf":[],"_links":{"self":[{"href":"https:\/\/grupotextil.es\/en\/wp-json\/wp\/v2\/product\/312309","targetHints":{"allow":["GET"]}}],"collection":[{"href":"https:\/\/grupotextil.es\/en\/wp-json\/wp\/v2\/product"}],"about":[{"href":"https:\/\/grupotextil.es\/en\/wp-json\/wp\/v2\/types\/product"}],"replies":[{"embeddable":true,"href":"https:\/\/grupotextil.es\/en\/wp-json\/wp\/v2\/comments?post=312309"}],"wp:featuredmedia":[{"embeddable":true,"href":"https:\/\/grupotextil.es\/en\/wp-json\/wp\/v2\/media\/312310"}],"wp:attachment":[{"href":"https:\/\/grupotextil.es\/en\/wp-json\/wp\/v2\/media?parent=312309"}],"wp:term":[{"taxonomy":"product_brand","embeddable":true,"href":"https:\/\/grupotextil.es\/en\/wp-json\/wp\/v2\/product_brand?post=312309"},{"taxonomy":"product_cat","embeddable":true,"href":"https:\/\/grupotextil.es\/en\/wp-json\/wp\/v2\/product_cat?post=312309"},{"taxonomy":"product_tag","embeddable":true,"href":"https:\/\/grupotextil.es\/en\/wp-json\/wp\/v2\/product_tag?post=312309"}],"curies":[{"name":"wp","href":"https:\/\/api.w.org\/{rel}","templated":true}]}}