{"id":312366,"date":"2026-03-06T01:35:11","date_gmt":"2026-03-06T01:35:11","guid":{"rendered":"https:\/\/grupotextil.es\/?post_type=product&#038;p=312366"},"modified":"2026-03-06T01:35:11","modified_gmt":"2026-03-06T01:35:11","slug":"chaleco-con-polar-interior-multibolsillos-valento-truman","status":"publish","type":"product","link":"https:\/\/grupotextil.es\/en\/product\/chaleco-con-polar-interior-multibolsillos-valento-truman\/","title":{"rendered":"Chaleco con polar interior multibolsillos VALENTO TRUMAN"},"content":{"rendered":"<div class=\"product-description\">\n<div class=\"article_characteristics\">\n<ul style=\"margin-block-start: 0;\" >\n<li><b>Chaleco de trabajo<\/b> <b>multibolsillos<\/b> con <b>polar interior<\/b>.<\/li>\n<li>Confeccionado con tejido exterior Canvas resistente con acabado hidro-repelente, relleno acolchado y tejido micro-polar <b>anti-pilling<\/b> en el interior que aporta alta retenci\u00f3n t\u00e9rmica.<\/li>\n<li>Cuello alto y cierre frontal de <b>cremallera entera<\/b> con tapeta y botones a presi\u00f3n, que aporta calidez y confort.<\/li>\n<li>Cortavientos de canal\u00e9 el\u00e1stico en sisas y cintura regulable con cierres laterales de botones a presi\u00f3n para un mejor ajuste.<\/li>\n<li>Incluye cuatro bolsillos delanteros con tapeta, velcro y tirador, dos departamentos para bol\u00edgrafos y dos bolsillos laterales para tener todo accesible.<\/li>\n<li>Incluye cremallera interior trasera para facilitar los diferentes tipos de marcaje: serigraf\u00eda, transfer, vinilo, bordados, cosidos.<\/li>\n<li>Ideal como <b>ropa laboral<\/b> y <b>uniformes de trabajo<\/b>.<\/li>\n<\/ul><\/div>\n<\/div>\n<div class=\"product-pdf\">\n<p><a href=\"https:\/\/valento.es\/?service=ServeDocuments&amp;function=serve_datasheet&amp;article_ref=CHVATRU\" target=\"_blank\" rel=\"noopener\">Descargar ficha t\u00e9cnica (PDF)<\/a><\/p>\n<\/div>","protected":false},"excerpt":{"rendered":"<p>Chaleco con polar interior multibolsillos VALENTO TRUMAN de Valento. Disponible en la categor\u00eda Chalecos. Env\u00edo r\u00e1pido 24\/48h.<\/p>","protected":false},"featured_media":312367,"comment_status":"open","ping_status":"closed","template":"","meta":{"_acf_changed":false},"product_brand":[11282],"product_cat":[13991,13982,13974,13975,13973],"product_tag":[],"class_list":{"0":"post-312366","1":"product","2":"type-product","3":"status-publish","4":"has-post-thumbnail","6":"product_brand-valento","7":"product_cat-m-chalecos","8":"product_cat-h-chalecos","9":"product_cat-ropa-hombre","10":"product_cat-ropa-mujer","11":"product_cat-ropa","12":"tm-no-options","14":"first","15":"instock","16":"taxable","17":"shipping-taxable","18":"product-type-variable"},"acf":[],"_links":{"self":[{"href":"https:\/\/grupotextil.es\/en\/wp-json\/wp\/v2\/product\/312366","targetHints":{"allow":["GET"]}}],"collection":[{"href":"https:\/\/grupotextil.es\/en\/wp-json\/wp\/v2\/product"}],"about":[{"href":"https:\/\/grupotextil.es\/en\/wp-json\/wp\/v2\/types\/product"}],"replies":[{"embeddable":true,"href":"https:\/\/grupotextil.es\/en\/wp-json\/wp\/v2\/comments?post=312366"}],"wp:featuredmedia":[{"embeddable":true,"href":"https:\/\/grupotextil.es\/en\/wp-json\/wp\/v2\/media\/312367"}],"wp:attachment":[{"href":"https:\/\/grupotextil.es\/en\/wp-json\/wp\/v2\/media?parent=312366"}],"wp:term":[{"taxonomy":"product_brand","embeddable":true,"href":"https:\/\/grupotextil.es\/en\/wp-json\/wp\/v2\/product_brand?post=312366"},{"taxonomy":"product_cat","embeddable":true,"href":"https:\/\/grupotextil.es\/en\/wp-json\/wp\/v2\/product_cat?post=312366"},{"taxonomy":"product_tag","embeddable":true,"href":"https:\/\/grupotextil.es\/en\/wp-json\/wp\/v2\/product_tag?post=312366"}],"curies":[{"name":"wp","href":"https:\/\/api.w.org\/{rel}","templated":true}]}}