{"id":312462,"date":"2026-03-06T01:35:16","date_gmt":"2026-03-06T01:35:16","guid":{"rendered":"https:\/\/grupotextil.es\/?post_type=product&#038;p=312462"},"modified":"2026-03-06T01:35:16","modified_gmt":"2026-03-06T01:35:16","slug":"chaleco-acolchado-tejido-loft-valento-tampere","status":"publish","type":"product","link":"https:\/\/grupotextil.es\/en\/product\/chaleco-acolchado-tejido-loft-valento-tampere\/","title":{"rendered":"Chaleco acolchado tejido Loft VALENTO TAMPERE"},"content":{"rendered":"<div class=\"product-description\">\n<div class=\"article_characteristics\">\n<ul style=\"margin-block-start: 0;\" >\n<li><b>Chaleco acolchado<\/b>.<\/li>\n<li>Confeccionado en tejido Loft con exterior plano hidr\u00f3fugo, forro interior liso y relleno acolchado que aporta retenci\u00f3n t\u00e9rmica mediante canales.<\/li>\n<li>Cuello alto y cierre de cremallera completa para mayor calidez y confort.<\/li>\n<li>Sisas y cintura de vivo el\u00e1stico para un mejor acabado.<\/li>\n<li>Dos bolsillos verticales con cremallera y dos bolsillos interiores para tener todo guardado.<\/li>\n<li>M\u00e9todos id\u00f3neos de marcaje: serigraf\u00eda, transfer, vinilo, bordados, cosidos.<\/li>\n<li>Ideal como <b>textil promocional<\/b>, <b>ropa deportiva<\/b> y <b>ropa casual<\/b>.<\/li>\n<\/ul><\/div>\n<\/div>\n<div class=\"product-pdf\">\n<p><a href=\"https:\/\/valento.es\/?service=ServeDocuments&amp;function=serve_datasheet&amp;article_ref=CHVATAM\" target=\"_blank\" rel=\"noopener\">Descargar ficha t\u00e9cnica (PDF)<\/a><\/p>\n<\/div>","protected":false},"excerpt":{"rendered":"<p>Chaleco acolchado tejido Loft VALENTO TAMPERE de Valento. Disponible en la categor\u00eda Chalecos. Env\u00edo r\u00e1pido 24\/48h.<\/p>","protected":false},"featured_media":312463,"comment_status":"open","ping_status":"closed","template":"","meta":{"_acf_changed":false},"product_brand":[11282],"product_cat":[13991,13982,13974,13975,13973],"product_tag":[],"class_list":{"0":"post-312462","1":"product","2":"type-product","3":"status-publish","4":"has-post-thumbnail","6":"product_brand-valento","7":"product_cat-m-chalecos","8":"product_cat-h-chalecos","9":"product_cat-ropa-hombre","10":"product_cat-ropa-mujer","11":"product_cat-ropa","12":"tm-no-options","14":"first","15":"instock","16":"taxable","17":"shipping-taxable","18":"product-type-variable"},"acf":[],"_links":{"self":[{"href":"https:\/\/grupotextil.es\/en\/wp-json\/wp\/v2\/product\/312462","targetHints":{"allow":["GET"]}}],"collection":[{"href":"https:\/\/grupotextil.es\/en\/wp-json\/wp\/v2\/product"}],"about":[{"href":"https:\/\/grupotextil.es\/en\/wp-json\/wp\/v2\/types\/product"}],"replies":[{"embeddable":true,"href":"https:\/\/grupotextil.es\/en\/wp-json\/wp\/v2\/comments?post=312462"}],"wp:featuredmedia":[{"embeddable":true,"href":"https:\/\/grupotextil.es\/en\/wp-json\/wp\/v2\/media\/312463"}],"wp:attachment":[{"href":"https:\/\/grupotextil.es\/en\/wp-json\/wp\/v2\/media?parent=312462"}],"wp:term":[{"taxonomy":"product_brand","embeddable":true,"href":"https:\/\/grupotextil.es\/en\/wp-json\/wp\/v2\/product_brand?post=312462"},{"taxonomy":"product_cat","embeddable":true,"href":"https:\/\/grupotextil.es\/en\/wp-json\/wp\/v2\/product_cat?post=312462"},{"taxonomy":"product_tag","embeddable":true,"href":"https:\/\/grupotextil.es\/en\/wp-json\/wp\/v2\/product_tag?post=312462"}],"curies":[{"name":"wp","href":"https:\/\/api.w.org\/{rel}","templated":true}]}}