{"id":315383,"date":"2026-03-06T01:36:49","date_gmt":"2026-03-06T01:36:49","guid":{"rendered":"https:\/\/grupotextil.es\/?post_type=product&#038;p=315383"},"modified":"2026-03-06T01:36:49","modified_gmt":"2026-03-06T01:36:49","slug":"chandal-completo-valento-centric","status":"publish","type":"product","link":"https:\/\/grupotextil.es\/en\/product\/chandal-completo-valento-centric\/","title":{"rendered":"Ch\u00e1ndal completo VALENTO CENTRIC"},"content":{"rendered":"<div class=\"product-description\">\n<div class=\"article_characteristics\">\n<ul style=\"margin-block-start: 0;\" >\n<li><b>Ch\u00e1ndal<\/b> formado por <b>pantal\u00f3n deportivo largo<\/b> y <b>chaqueta deportiva<\/b> de <b>cremallera entera<\/b>.<\/li>\n<li>Confeccionado en tejido acetato Dual Flock con perchado interior que aporta retenci\u00f3n t\u00e9rmica.<\/li>\n<li><b>Chaqueta deportiva<\/b> con cuello alto y cierre de <b>cremallera entera<\/b> para mayor calidez y confort, pu\u00f1os y bajo de canal\u00e9 el\u00e1stico que se adapta c\u00f3modamente.<\/li>\n<li>Dos bolsillos oblicuos en cintura con cremallera para tener todo accesible.<\/li>\n<li><b>Pantal\u00f3n deportivo largo<\/b> con cintura entera de goma el\u00e1stica y cord\u00f3n regulador para un mejor ajuste y mayor comodidad, dos bolsillos oblicuos en caderas para tener todo accesible.<\/li>\n<li>M\u00e9todos id\u00f3neos de marcaje: serigraf\u00eda, transfer, bordados, cosidos.<\/li>\n<li>Ideal como <b>ropa deportiva<\/b>, se vende en conjunto no por separado.<\/li>\n<\/ul><\/div>\n<\/div>\n<div class=\"product-pdf\">\n<p><a href=\"https:\/\/valento.es\/?service=ServeDocuments&amp;function=serve_datasheet&amp;article_ref=CDVACEN\" target=\"_blank\" rel=\"noopener\">Descargar ficha t\u00e9cnica (PDF)<\/a><\/p>\n<\/div>","protected":false},"excerpt":{"rendered":"<p>Ch\u00e1ndal completo VALENTO CENTRIC de Valento. Disponible en la categor\u00eda Conjuntos Deportivos Y Chandales. Env\u00edo r\u00e1pido 24\/48h.<\/p>","protected":false},"featured_media":315384,"comment_status":"open","ping_status":"closed","template":"","meta":{"_acf_changed":false},"product_brand":[11282],"product_cat":[13940],"product_tag":[],"class_list":{"0":"post-315383","1":"product","2":"type-product","3":"status-publish","4":"has-post-thumbnail","6":"product_brand-valento","7":"product_cat-rd-conjuntos-deportivos","8":"tm-no-options","10":"first","11":"instock","12":"taxable","13":"shipping-taxable","14":"product-type-variable"},"acf":[],"_links":{"self":[{"href":"https:\/\/grupotextil.es\/en\/wp-json\/wp\/v2\/product\/315383","targetHints":{"allow":["GET"]}}],"collection":[{"href":"https:\/\/grupotextil.es\/en\/wp-json\/wp\/v2\/product"}],"about":[{"href":"https:\/\/grupotextil.es\/en\/wp-json\/wp\/v2\/types\/product"}],"replies":[{"embeddable":true,"href":"https:\/\/grupotextil.es\/en\/wp-json\/wp\/v2\/comments?post=315383"}],"wp:featuredmedia":[{"embeddable":true,"href":"https:\/\/grupotextil.es\/en\/wp-json\/wp\/v2\/media\/315384"}],"wp:attachment":[{"href":"https:\/\/grupotextil.es\/en\/wp-json\/wp\/v2\/media?parent=315383"}],"wp:term":[{"taxonomy":"product_brand","embeddable":true,"href":"https:\/\/grupotextil.es\/en\/wp-json\/wp\/v2\/product_brand?post=315383"},{"taxonomy":"product_cat","embeddable":true,"href":"https:\/\/grupotextil.es\/en\/wp-json\/wp\/v2\/product_cat?post=315383"},{"taxonomy":"product_tag","embeddable":true,"href":"https:\/\/grupotextil.es\/en\/wp-json\/wp\/v2\/product_tag?post=315383"}],"curies":[{"name":"wp","href":"https:\/\/api.w.org\/{rel}","templated":true}]}}