{"id":317053,"date":"2026-03-06T01:37:23","date_gmt":"2026-03-06T01:37:23","guid":{"rendered":"https:\/\/grupotextil.es\/?post_type=product&#038;p=317053"},"modified":"2026-03-06T01:37:23","modified_gmt":"2026-03-06T01:37:23","slug":"delantal-con-peto-y-amplio-bolsillo-valento-oven","status":"publish","type":"product","link":"https:\/\/grupotextil.es\/en\/product\/delantal-con-peto-y-amplio-bolsillo-valento-oven\/","title":{"rendered":"Delantal con peto y amplio bolsillo VALENTO OVEN"},"content":{"rendered":"<div class=\"product-description\">\n<div class=\"article_characteristics\">\n<ul style=\"margin-block-start: 0;\" >\n<li><b>Delantal con peto<\/b> y <b>bolsillo<\/b>, con inmejorable relaci\u00f3n calidad-precio y amplia gama de colores que lo hacen uno de nuestros delantales m\u00e1s vendidos.<\/li>\n<li>Confeccionado en tejido sarga mezcla algod\u00f3n con poli\u00e9ster resistente y duradero.<\/li>\n<li>Cintas laterales para ajustar mediante nudo a la cintura y tirante ancho para colgar al cuello.<\/li>\n<li>Amplio <b>bolsillo<\/b> central para tener todo accesible.<\/li>\n<li>Contornos con costuras redobladas y presillas en el <b>bolsillo<\/b> que aumentan su resistencia.<\/li>\n<li>M\u00e9todos id\u00f3neos de marcaje: serigraf\u00eda, vinilo, transfer, bordados, cosidos.<\/li>\n<li>Ideal como <b>uniformes de hosteler\u00eda<\/b>, <b>textil promocional<\/b> y <b>regalo personalizado<\/b>.<\/li>\n<\/ul><\/div>\n<\/div>\n<div class=\"product-pdf\">\n<p><a href=\"https:\/\/valento.es\/?service=ServeDocuments&amp;function=serve_datasheet&amp;article_ref=DEVAOVE\" target=\"_blank\" rel=\"noopener\">Descargar ficha t\u00e9cnica (PDF)<\/a><\/p>\n<\/div>","protected":false},"excerpt":{"rendered":"<p>Delantal con peto y amplio bolsillo VALENTO OVEN de Valento. Disponible en la categor\u00eda Delantales Gorros De Cocina Y Hosteleria. Env\u00edo r\u00e1pido 24\/48h.<\/p>","protected":false},"featured_media":317054,"comment_status":"open","ping_status":"closed","template":"","meta":{"_acf_changed":false},"product_brand":[11282],"product_cat":[13933,13974,13932,13975],"product_tag":[],"class_list":{"0":"post-317053","1":"product","2":"type-product","3":"status-publish","4":"has-post-thumbnail","6":"product_brand-valento","7":"product_cat-rl-delantales","8":"product_cat-ropa-hombre","9":"product_cat-hosteleria-horeca","10":"product_cat-ropa-mujer","11":"tm-no-options","13":"first","14":"instock","15":"taxable","16":"shipping-taxable","17":"product-type-variable"},"acf":[],"_links":{"self":[{"href":"https:\/\/grupotextil.es\/en\/wp-json\/wp\/v2\/product\/317053","targetHints":{"allow":["GET"]}}],"collection":[{"href":"https:\/\/grupotextil.es\/en\/wp-json\/wp\/v2\/product"}],"about":[{"href":"https:\/\/grupotextil.es\/en\/wp-json\/wp\/v2\/types\/product"}],"replies":[{"embeddable":true,"href":"https:\/\/grupotextil.es\/en\/wp-json\/wp\/v2\/comments?post=317053"}],"wp:featuredmedia":[{"embeddable":true,"href":"https:\/\/grupotextil.es\/en\/wp-json\/wp\/v2\/media\/317054"}],"wp:attachment":[{"href":"https:\/\/grupotextil.es\/en\/wp-json\/wp\/v2\/media?parent=317053"}],"wp:term":[{"taxonomy":"product_brand","embeddable":true,"href":"https:\/\/grupotextil.es\/en\/wp-json\/wp\/v2\/product_brand?post=317053"},{"taxonomy":"product_cat","embeddable":true,"href":"https:\/\/grupotextil.es\/en\/wp-json\/wp\/v2\/product_cat?post=317053"},{"taxonomy":"product_tag","embeddable":true,"href":"https:\/\/grupotextil.es\/en\/wp-json\/wp\/v2\/product_tag?post=317053"}],"curies":[{"name":"wp","href":"https:\/\/api.w.org\/{rel}","templated":true}]}}