{"id":317222,"date":"2026-03-06T01:37:29","date_gmt":"2026-03-06T01:37:29","guid":{"rendered":"https:\/\/grupotextil.es\/?post_type=product&#038;p=317222"},"modified":"2026-03-06T01:37:29","modified_gmt":"2026-03-06T01:37:29","slug":"rollo-de-mantel-tnt-precortado-valento-hostex","status":"publish","type":"product","link":"https:\/\/grupotextil.es\/en\/product\/rollo-de-mantel-tnt-precortado-valento-hostex\/","title":{"rendered":"Rollo de mantel TNT precortado VALENTO HOSTEX"},"content":{"rendered":"<div class=\"product-description\">\n<div class=\"article_characteristics\">\n<ul style=\"margin-block-start: 0;\" >\n<li><b>Mantel<\/b> <b>desechable<\/b> de tejido no tejido, con tama\u00f1o grande.<\/li>\n<li>Fabricado en material no tejido (TNT) resistente y repelente.<\/li>\n<li>Rollos de 100 unidades precortadas para facilitar su uso.<\/li>\n<li>Ideal para <b>hosteler\u00eda<\/b>, comedores, servicios de catering, etc.<\/li>\n<li>Este art\u00edculo puede llevar un coste extra de transporte.<\/li>\n<\/ul><\/div>\n<\/div>\n<div class=\"product-pdf\">\n<p><a href=\"https:\/\/valento.es\/?service=ServeDocuments&amp;function=serve_datasheet&amp;article_ref=MLVAHOS\" target=\"_blank\" rel=\"noopener\">Descargar ficha t\u00e9cnica (PDF)<\/a><\/p>\n<\/div>","protected":false},"excerpt":{"rendered":"<p>Rollo de mantel TNT precortado VALENTO HOSTEX de Valento. Disponible en la categor\u00eda Delantales Gorros De Cocina Y Hosteleria. Env\u00edo r\u00e1pido 24\/48h.<\/p>","protected":false},"featured_media":317223,"comment_status":"open","ping_status":"closed","template":"","meta":{"_acf_changed":false},"product_brand":[11282],"product_cat":[13974,13932,13975],"product_tag":[],"class_list":{"0":"post-317222","1":"product","2":"type-product","3":"status-publish","4":"has-post-thumbnail","6":"product_brand-valento","7":"product_cat-ropa-hombre","8":"product_cat-hosteleria-horeca","9":"product_cat-ropa-mujer","10":"tm-no-options","12":"first","13":"instock","14":"taxable","15":"shipping-taxable","16":"product-type-variable"},"acf":[],"_links":{"self":[{"href":"https:\/\/grupotextil.es\/en\/wp-json\/wp\/v2\/product\/317222","targetHints":{"allow":["GET"]}}],"collection":[{"href":"https:\/\/grupotextil.es\/en\/wp-json\/wp\/v2\/product"}],"about":[{"href":"https:\/\/grupotextil.es\/en\/wp-json\/wp\/v2\/types\/product"}],"replies":[{"embeddable":true,"href":"https:\/\/grupotextil.es\/en\/wp-json\/wp\/v2\/comments?post=317222"}],"wp:featuredmedia":[{"embeddable":true,"href":"https:\/\/grupotextil.es\/en\/wp-json\/wp\/v2\/media\/317223"}],"wp:attachment":[{"href":"https:\/\/grupotextil.es\/en\/wp-json\/wp\/v2\/media?parent=317222"}],"wp:term":[{"taxonomy":"product_brand","embeddable":true,"href":"https:\/\/grupotextil.es\/en\/wp-json\/wp\/v2\/product_brand?post=317222"},{"taxonomy":"product_cat","embeddable":true,"href":"https:\/\/grupotextil.es\/en\/wp-json\/wp\/v2\/product_cat?post=317222"},{"taxonomy":"product_tag","embeddable":true,"href":"https:\/\/grupotextil.es\/en\/wp-json\/wp\/v2\/product_tag?post=317222"}],"curies":[{"name":"wp","href":"https:\/\/api.w.org\/{rel}","templated":true}]}}