{"id":317350,"date":"2026-03-06T01:37:44","date_gmt":"2026-03-06T01:37:44","guid":{"rendered":"https:\/\/grupotextil.es\/?post_type=product&#038;p=317350"},"modified":"2026-03-06T01:37:44","modified_gmt":"2026-03-06T01:37:44","slug":"pano-de-cocina-100-algodon-valento-appetit","status":"publish","type":"product","link":"https:\/\/grupotextil.es\/en\/product\/pano-de-cocina-100-algodon-valento-appetit\/","title":{"rendered":"Pa\u00f1o de cocina 100% algod\u00f3n VALENTO APPETIT"},"content":{"rendered":"<div class=\"product-description\">\n<div class=\"article_characteristics\">\n<ul style=\"margin-block-start: 0;\" >\n<li><b>Pa\u00f1o de <b>cocina<\/b><\/b> multiusos.<\/li>\n<li>Confeccionado en tejido plano <b>100% algod\u00f3n<\/b> suave, resistente y duradero, con hilo tintado y dise\u00f1o <b>a rayas<\/b> y <b>a cuadros<\/b>.<\/li>\n<li>Costuras con dobladillo para mayor resistencia y durabilidad.<\/li>\n<li>Incluye colgador central en un lateral trasero para facilitar el almacenaje y el secado.<\/li>\n<li>M\u00e9todos id\u00f3neos de marcaje: serigraf\u00eda, transfer, bordados, cosidos.<\/li>\n<li>Ideal para la limpieza de superficies de cocina.<\/li>\n<\/ul><\/div>\n<\/div>\n<div class=\"product-pdf\">\n<p><a href=\"https:\/\/valento.es\/?service=ServeDocuments&amp;function=serve_datasheet&amp;article_ref=PLVAAPP\" target=\"_blank\" rel=\"noopener\">Descargar ficha t\u00e9cnica (PDF)<\/a><\/p>\n<\/div>","protected":false},"excerpt":{"rendered":"<p>Pa\u00f1o de cocina 100% algod\u00f3n VALENTO APPETIT de Valento. Disponible en la categor\u00eda Delantales Gorros De Cocina Y Hosteleria. Env\u00edo r\u00e1pido 24\/48h.<\/p>","protected":false},"featured_media":317351,"comment_status":"open","ping_status":"closed","template":"","meta":{"_acf_changed":false},"product_brand":[11282],"product_cat":[13932,13970],"product_tag":[],"class_list":{"0":"post-317350","1":"product","2":"type-product","3":"status-publish","4":"has-post-thumbnail","6":"product_brand-valento","7":"product_cat-hosteleria-horeca","8":"product_cat-toallas-y-textil-hogar","9":"tm-no-options","11":"first","12":"instock","13":"taxable","14":"shipping-taxable","15":"product-type-variable"},"acf":[],"_links":{"self":[{"href":"https:\/\/grupotextil.es\/en\/wp-json\/wp\/v2\/product\/317350","targetHints":{"allow":["GET"]}}],"collection":[{"href":"https:\/\/grupotextil.es\/en\/wp-json\/wp\/v2\/product"}],"about":[{"href":"https:\/\/grupotextil.es\/en\/wp-json\/wp\/v2\/types\/product"}],"replies":[{"embeddable":true,"href":"https:\/\/grupotextil.es\/en\/wp-json\/wp\/v2\/comments?post=317350"}],"wp:featuredmedia":[{"embeddable":true,"href":"https:\/\/grupotextil.es\/en\/wp-json\/wp\/v2\/media\/317351"}],"wp:attachment":[{"href":"https:\/\/grupotextil.es\/en\/wp-json\/wp\/v2\/media?parent=317350"}],"wp:term":[{"taxonomy":"product_brand","embeddable":true,"href":"https:\/\/grupotextil.es\/en\/wp-json\/wp\/v2\/product_brand?post=317350"},{"taxonomy":"product_cat","embeddable":true,"href":"https:\/\/grupotextil.es\/en\/wp-json\/wp\/v2\/product_cat?post=317350"},{"taxonomy":"product_tag","embeddable":true,"href":"https:\/\/grupotextil.es\/en\/wp-json\/wp\/v2\/product_tag?post=317350"}],"curies":[{"name":"wp","href":"https:\/\/api.w.org\/{rel}","templated":true}]}}