{"id":317374,"date":"2026-03-06T01:37:47","date_gmt":"2026-03-06T01:37:47","guid":{"rendered":"https:\/\/grupotextil.es\/?post_type=product&#038;p=317374"},"modified":"2026-03-06T01:37:47","modified_gmt":"2026-03-06T01:37:47","slug":"gorro-de-cocina-con-rejilla-tipo-gatsby-valento-smoothy","status":"publish","type":"product","link":"https:\/\/grupotextil.es\/en\/product\/gorro-de-cocina-con-rejilla-tipo-gatsby-valento-smoothy\/","title":{"rendered":"Gorro de cocina con rejilla tipo gatsby VALENTO SMOOTHY"},"content":{"rendered":"<div class=\"product-description\">\n<div class=\"article_characteristics\">\n<ul style=\"margin-block-start: 0;\" >\n<li><b>Gorra de cocina<\/b> <b>con rejilla<\/b>, tipo gatsby.<\/li>\n<li>Visera forrada de tejido sarga mezcla algod\u00f3n con poli\u00e9ster resistente y duradero, parte superior de rejilla que favorece la ventilaci\u00f3n.<\/li>\n<li>Visera semi-r\u00edgida y curvada para mayor comodidad.<\/li>\n<li>Goma el\u00e1stica en todo el contorno que se adapta c\u00f3modamente y recoge todo el cabello.<\/li>\n<li>Costuras interiores sobrehiladas que aumentan su resistencia.<\/li>\n<li>M\u00e9todos id\u00f3neos de marcaje: serigraf\u00eda, vinilo, transfer.<\/li>\n<li>Ideal como <b>ropa laboral<\/b> y <b>uniformes de hosteler\u00eda<\/b>.<\/li>\n<\/ul><\/div>\n<\/div>\n<div class=\"product-pdf\">\n<p><a href=\"https:\/\/valento.es\/?service=ServeDocuments&amp;function=serve_datasheet&amp;article_ref=GRVASMO\" target=\"_blank\" rel=\"noopener\">Descargar ficha t\u00e9cnica (PDF)<\/a><\/p>\n<\/div>","protected":false},"excerpt":{"rendered":"<p>Gorro de cocina con rejilla tipo gatsby VALENTO SMOOTHY de Valento. Disponible en la categor\u00eda Delantales Gorros De Cocina Y Hosteleria. Env\u00edo r\u00e1pido 24\/48h.<\/p>","protected":false},"featured_media":317375,"comment_status":"open","ping_status":"closed","template":"","meta":{"_acf_changed":false},"product_brand":[11282],"product_cat":[13974,13932,13975],"product_tag":[],"class_list":{"0":"post-317374","1":"product","2":"type-product","3":"status-publish","4":"has-post-thumbnail","6":"product_brand-valento","7":"product_cat-ropa-hombre","8":"product_cat-hosteleria-horeca","9":"product_cat-ropa-mujer","10":"tm-no-options","12":"first","13":"instock","14":"taxable","15":"shipping-taxable","16":"product-type-variable"},"acf":[],"_links":{"self":[{"href":"https:\/\/grupotextil.es\/en\/wp-json\/wp\/v2\/product\/317374","targetHints":{"allow":["GET"]}}],"collection":[{"href":"https:\/\/grupotextil.es\/en\/wp-json\/wp\/v2\/product"}],"about":[{"href":"https:\/\/grupotextil.es\/en\/wp-json\/wp\/v2\/types\/product"}],"replies":[{"embeddable":true,"href":"https:\/\/grupotextil.es\/en\/wp-json\/wp\/v2\/comments?post=317374"}],"wp:featuredmedia":[{"embeddable":true,"href":"https:\/\/grupotextil.es\/en\/wp-json\/wp\/v2\/media\/317375"}],"wp:attachment":[{"href":"https:\/\/grupotextil.es\/en\/wp-json\/wp\/v2\/media?parent=317374"}],"wp:term":[{"taxonomy":"product_brand","embeddable":true,"href":"https:\/\/grupotextil.es\/en\/wp-json\/wp\/v2\/product_brand?post=317374"},{"taxonomy":"product_cat","embeddable":true,"href":"https:\/\/grupotextil.es\/en\/wp-json\/wp\/v2\/product_cat?post=317374"},{"taxonomy":"product_tag","embeddable":true,"href":"https:\/\/grupotextil.es\/en\/wp-json\/wp\/v2\/product_tag?post=317374"}],"curies":[{"name":"wp","href":"https:\/\/api.w.org\/{rel}","templated":true}]}}