{"id":317522,"date":"2026-03-06T01:37:58","date_gmt":"2026-03-06T01:37:58","guid":{"rendered":"https:\/\/grupotextil.es\/?post_type=product&#038;p=317522"},"modified":"2026-03-06T01:37:58","modified_gmt":"2026-03-06T01:37:58","slug":"servilleta-de-tela-para-hosteleria-valento-menu","status":"publish","type":"product","link":"https:\/\/grupotextil.es\/en\/product\/servilleta-de-tela-para-hosteleria-valento-menu\/","title":{"rendered":"Servilleta de tela para hosteler\u00eda VALENTO MENU"},"content":{"rendered":"<div class=\"product-description\">\n<div class=\"article_characteristics\">\n<ul style=\"margin-block-start: 0;\" >\n<li><b>Servilleta<\/b> de tela para <b>hosteler\u00eda<\/b>.<\/li>\n<li>Confeccionada en tejido de raso mate grueso, tupido y absorbente, con perchado por ambas caras y acabado en tacto sedoso.<\/li>\n<li>Contorno con dobladillo decorativo que aumenta su durabilidad.<\/li>\n<li>M\u00e9todos id\u00f3neos de marcaje: serigraf\u00eda, <b>sublimaci\u00f3n<\/b> sobre color blanco, vinilo, transfer, bordados, cosidos.<\/li>\n<li>Ideal para suministros de <b>hosteler\u00eda<\/b> y uso en restaurantes.<\/li>\n<\/ul><\/div>\n<\/div>\n<div class=\"product-pdf\">\n<p><a href=\"https:\/\/valento.es\/?service=ServeDocuments&amp;function=serve_datasheet&amp;article_ref=SEVAMEN\" target=\"_blank\" rel=\"noopener\">Descargar ficha t\u00e9cnica (PDF)<\/a><\/p>\n<\/div>","protected":false},"excerpt":{"rendered":"<p>Servilleta de tela para hosteler\u00eda VALENTO MENU de Valento. Disponible en la categor\u00eda Delantales Gorros De Cocina Y Hosteleria. Env\u00edo r\u00e1pido 24\/48h.<\/p>","protected":false},"featured_media":317523,"comment_status":"open","ping_status":"closed","template":"","meta":{"_acf_changed":false},"product_brand":[11282],"product_cat":[13932],"product_tag":[],"class_list":{"0":"post-317522","1":"product","2":"type-product","3":"status-publish","4":"has-post-thumbnail","6":"product_brand-valento","7":"product_cat-hosteleria-horeca","8":"tm-no-options","10":"first","11":"instock","12":"taxable","13":"shipping-taxable","14":"product-type-variable"},"acf":[],"_links":{"self":[{"href":"https:\/\/grupotextil.es\/en\/wp-json\/wp\/v2\/product\/317522","targetHints":{"allow":["GET"]}}],"collection":[{"href":"https:\/\/grupotextil.es\/en\/wp-json\/wp\/v2\/product"}],"about":[{"href":"https:\/\/grupotextil.es\/en\/wp-json\/wp\/v2\/types\/product"}],"replies":[{"embeddable":true,"href":"https:\/\/grupotextil.es\/en\/wp-json\/wp\/v2\/comments?post=317522"}],"wp:featuredmedia":[{"embeddable":true,"href":"https:\/\/grupotextil.es\/en\/wp-json\/wp\/v2\/media\/317523"}],"wp:attachment":[{"href":"https:\/\/grupotextil.es\/en\/wp-json\/wp\/v2\/media?parent=317522"}],"wp:term":[{"taxonomy":"product_brand","embeddable":true,"href":"https:\/\/grupotextil.es\/en\/wp-json\/wp\/v2\/product_brand?post=317522"},{"taxonomy":"product_cat","embeddable":true,"href":"https:\/\/grupotextil.es\/en\/wp-json\/wp\/v2\/product_cat?post=317522"},{"taxonomy":"product_tag","embeddable":true,"href":"https:\/\/grupotextil.es\/en\/wp-json\/wp\/v2\/product_tag?post=317522"}],"curies":[{"name":"wp","href":"https:\/\/api.w.org\/{rel}","templated":true}]}}