{"id":317909,"date":"2026-03-06T01:38:53","date_gmt":"2026-03-06T01:38:53","guid":{"rendered":"https:\/\/grupotextil.es\/?post_type=product&#038;p=317909"},"modified":"2026-03-06T01:38:53","modified_gmt":"2026-03-06T01:38:53","slug":"gorro-de-rejilla-blanca-valento-croissant","status":"publish","type":"product","link":"https:\/\/grupotextil.es\/en\/product\/gorro-de-rejilla-blanca-valento-croissant\/","title":{"rendered":"Gorro de rejilla blanca VALENTO CROISSANT"},"content":{"rendered":"<div class=\"product-description\">\n<div class=\"article_characteristics\">\n<ul style=\"margin-block-start: 0;\" >\n<li><b>Gorro<\/b> de alimentaci\u00f3n de rejilla blanca.<\/li>\n<li>Confeccionado con tejido de rejilla <b>100% poli\u00e9ster<\/b> que aporta durabilidad y elasticidad.<\/li>\n<li>Contorno de canal\u00e9 el\u00e1stico que se adapta c\u00f3modamente.<\/li>\n<li>Costuras interiores sobrehiladas que aumentan su resistencia.<\/li>\n<li>M\u00e9todos id\u00f3neos de marcaje (en la parte acanalada): bordados, cosidos.<\/li>\n<li>Ideal para su uso en <b>hosteler\u00eda<\/b> e <b>industria alimentaria<\/b>.<\/li>\n<\/ul><\/div>\n<\/div>\n<div class=\"product-pdf\">\n<p><a href=\"https:\/\/valento.es\/?service=ServeDocuments&amp;function=serve_datasheet&amp;article_ref=GRVACRO\" target=\"_blank\" rel=\"noopener\">Descargar ficha t\u00e9cnica (PDF)<\/a><\/p>\n<\/div>","protected":false},"excerpt":{"rendered":"<p>Gorro de rejilla blanca VALENTO CROISSANT de Valento. Disponible en la categor\u00eda Delantales Gorros De Cocina Y Hosteleria. Env\u00edo r\u00e1pido 24\/48h.<\/p>","protected":false},"featured_media":317910,"comment_status":"open","ping_status":"closed","template":"","meta":{"_acf_changed":false},"product_brand":[11282],"product_cat":[13974,13932,13975],"product_tag":[],"class_list":{"0":"post-317909","1":"product","2":"type-product","3":"status-publish","4":"has-post-thumbnail","6":"product_brand-valento","7":"product_cat-ropa-hombre","8":"product_cat-hosteleria-horeca","9":"product_cat-ropa-mujer","10":"tm-no-options","12":"first","13":"instock","14":"taxable","15":"shipping-taxable","16":"product-type-variable"},"acf":[],"_links":{"self":[{"href":"https:\/\/grupotextil.es\/en\/wp-json\/wp\/v2\/product\/317909","targetHints":{"allow":["GET"]}}],"collection":[{"href":"https:\/\/grupotextil.es\/en\/wp-json\/wp\/v2\/product"}],"about":[{"href":"https:\/\/grupotextil.es\/en\/wp-json\/wp\/v2\/types\/product"}],"replies":[{"embeddable":true,"href":"https:\/\/grupotextil.es\/en\/wp-json\/wp\/v2\/comments?post=317909"}],"wp:featuredmedia":[{"embeddable":true,"href":"https:\/\/grupotextil.es\/en\/wp-json\/wp\/v2\/media\/317910"}],"wp:attachment":[{"href":"https:\/\/grupotextil.es\/en\/wp-json\/wp\/v2\/media?parent=317909"}],"wp:term":[{"taxonomy":"product_brand","embeddable":true,"href":"https:\/\/grupotextil.es\/en\/wp-json\/wp\/v2\/product_brand?post=317909"},{"taxonomy":"product_cat","embeddable":true,"href":"https:\/\/grupotextil.es\/en\/wp-json\/wp\/v2\/product_cat?post=317909"},{"taxonomy":"product_tag","embeddable":true,"href":"https:\/\/grupotextil.es\/en\/wp-json\/wp\/v2\/product_tag?post=317909"}],"curies":[{"name":"wp","href":"https:\/\/api.w.org\/{rel}","templated":true}]}}