{"id":318406,"date":"2026-03-06T01:39:57","date_gmt":"2026-03-06T01:39:57","guid":{"rendered":"https:\/\/grupotextil.es\/?post_type=product&#038;p=318406"},"modified":"2026-03-06T01:39:57","modified_gmt":"2026-03-06T01:39:57","slug":"gorra-beisbol-de-6-paneles-valento-minneapolis","status":"publish","type":"product","link":"https:\/\/grupotextil.es\/en\/product\/gorra-beisbol-de-6-paneles-valento-minneapolis\/","title":{"rendered":"Gorra b\u00e9isbol de 6 paneles VALENTO MINNEAPOLIS"},"content":{"rendered":"<div class=\"product-description\">\n<div class=\"article_characteristics\">\n<ul style=\"margin-block-start: 0;\" >\n<li><b>Gorra<\/b> de algod\u00f3n <b>6 paneles<\/b>, premium quality.<\/li>\n<li>Confeccionada en tejido sarga gruesa <b>100% algod\u00f3n<\/b> aterciopelado de tacto suave, que aporta durabilidad, resistencia y facilita la transpiraci\u00f3n.<\/li>\n<li>Seis orificios respiradores bordados para una mejor ventilaci\u00f3n, visera curvada, que evita la entrada de los rayos de sol y aporta mayor frescura.<\/li>\n<li>Zona frontal curvada con costura central y refuerzo interior termo-fijado que mantiene su forma, banda interior mullida en el contorno que favorece la absorci\u00f3n del sudor y aporta mayor confort.<\/li>\n<li>Apertura trasera semicircular con leng\u00fceta de ajuste mediante velcro para una mejor sujeci\u00f3n.<\/li>\n<li>M\u00e9todos id\u00f3neos de marcaje: bordados, cosidos.<\/li>\n<li>Ideal para <b>regalo promocional<\/b>, <b>regalo personalizado<\/b>, suvenir, merchandising y <b>ropa deportiva<\/b>.<\/li>\n<\/ul><\/div>\n<\/div>\n<div class=\"product-pdf\">\n<p><a href=\"https:\/\/valento.es\/?service=ServeDocuments&amp;function=serve_datasheet&amp;article_ref=GOVAMIN\" target=\"_blank\" rel=\"noopener\">Descargar ficha t\u00e9cnica (PDF)<\/a><\/p>\n<\/div>","protected":false},"excerpt":{"rendered":"<p>Gorra b\u00e9isbol de 6 paneles VALENTO MINNEAPOLIS de Valento. Disponible en la categor\u00eda Gorras Y Gorros De Verano. Env\u00edo r\u00e1pido 24\/48h.<\/p>","protected":false},"featured_media":318407,"comment_status":"open","ping_status":"closed","template":"","meta":{"_acf_changed":false},"product_brand":[11282],"product_cat":[13949,13974,13975],"product_tag":[],"class_list":{"0":"post-318406","1":"product","2":"type-product","3":"status-publish","4":"has-post-thumbnail","6":"product_brand-valento","7":"product_cat-acc-gorras-y-sombreros","8":"product_cat-ropa-hombre","9":"product_cat-ropa-mujer","10":"tm-no-options","12":"first","13":"instock","14":"taxable","15":"shipping-taxable","16":"product-type-variable"},"acf":[],"_links":{"self":[{"href":"https:\/\/grupotextil.es\/en\/wp-json\/wp\/v2\/product\/318406","targetHints":{"allow":["GET"]}}],"collection":[{"href":"https:\/\/grupotextil.es\/en\/wp-json\/wp\/v2\/product"}],"about":[{"href":"https:\/\/grupotextil.es\/en\/wp-json\/wp\/v2\/types\/product"}],"replies":[{"embeddable":true,"href":"https:\/\/grupotextil.es\/en\/wp-json\/wp\/v2\/comments?post=318406"}],"wp:featuredmedia":[{"embeddable":true,"href":"https:\/\/grupotextil.es\/en\/wp-json\/wp\/v2\/media\/318407"}],"wp:attachment":[{"href":"https:\/\/grupotextil.es\/en\/wp-json\/wp\/v2\/media?parent=318406"}],"wp:term":[{"taxonomy":"product_brand","embeddable":true,"href":"https:\/\/grupotextil.es\/en\/wp-json\/wp\/v2\/product_brand?post=318406"},{"taxonomy":"product_cat","embeddable":true,"href":"https:\/\/grupotextil.es\/en\/wp-json\/wp\/v2\/product_cat?post=318406"},{"taxonomy":"product_tag","embeddable":true,"href":"https:\/\/grupotextil.es\/en\/wp-json\/wp\/v2\/product_tag?post=318406"}],"curies":[{"name":"wp","href":"https:\/\/api.w.org\/{rel}","templated":true}]}}