{"id":318477,"date":"2026-03-06T01:40:05","date_gmt":"2026-03-06T01:40:05","guid":{"rendered":"https:\/\/grupotextil.es\/?post_type=product&#038;p=318477"},"modified":"2026-03-06T01:40:05","modified_gmt":"2026-03-06T01:40:05","slug":"gorra-de-6-paneles-diseno-bicolor-valento-tuxton","status":"publish","type":"product","link":"https:\/\/grupotextil.es\/en\/product\/gorra-de-6-paneles-diseno-bicolor-valento-tuxton\/","title":{"rendered":"Gorra de 6 paneles dise\u00f1o bicolor VALENTO TUXTON"},"content":{"rendered":"<div class=\"product-description\">\n<div class=\"article_characteristics\">\n<ul style=\"margin-block-start: 0;\" >\n<li><b>Gorra<\/b> de <b>6 paneles<\/b> con dise\u00f1o <b>bicolor<\/b>.<\/li>\n<li>Confeccionada en tejido sarga gruesa, <b>100% algod\u00f3n<\/b> aterciopelado de tacto suave, que aporta durabilidad, resistencia y facilita la transpiraci\u00f3n.<\/li>\n<li>Seis orificios respiradores bordados para una mejor ventilaci\u00f3n, visera curvada, que evita la entrada de los rayos de sol y aporta mayor frescura, banda interior en el contorno que aporta mayor confort.<\/li>\n<li>Zona frontal curvada con costura central y refuerzo interior termo-fijado que mantiene su forma.<\/li>\n<li>Apertura trasera semicircular con leng\u00fceta de ajuste mediante velcro para una mejor sujeci\u00f3n.<\/li>\n<li>M\u00e9todos id\u00f3neos de marcaje: bordados, cosidos.<\/li>\n<li>Ideal para <b>regalo promocional<\/b>, suvenir, merchandising y como <b>ropa deportiva<\/b>.<\/li>\n<\/ul><\/div>\n<\/div>\n<div class=\"product-pdf\">\n<p><a href=\"https:\/\/valento.es\/?service=ServeDocuments&amp;function=serve_datasheet&amp;article_ref=GOVATUX\" target=\"_blank\" rel=\"noopener\">Descargar ficha t\u00e9cnica (PDF)<\/a><\/p>\n<\/div>","protected":false},"excerpt":{"rendered":"<p>Gorra de 6 paneles dise\u00f1o bicolor VALENTO TUXTON de Valento. Disponible en la categor\u00eda Gorras Y Gorros De Verano. Env\u00edo r\u00e1pido 24\/48h.<\/p>","protected":false},"featured_media":318478,"comment_status":"open","ping_status":"closed","template":"","meta":{"_acf_changed":false},"product_brand":[11282],"product_cat":[13949,13974,13975],"product_tag":[],"class_list":{"0":"post-318477","1":"product","2":"type-product","3":"status-publish","4":"has-post-thumbnail","6":"product_brand-valento","7":"product_cat-acc-gorras-y-sombreros","8":"product_cat-ropa-hombre","9":"product_cat-ropa-mujer","10":"tm-no-options","12":"first","13":"instock","14":"taxable","15":"shipping-taxable","16":"product-type-variable"},"acf":[],"_links":{"self":[{"href":"https:\/\/grupotextil.es\/en\/wp-json\/wp\/v2\/product\/318477","targetHints":{"allow":["GET"]}}],"collection":[{"href":"https:\/\/grupotextil.es\/en\/wp-json\/wp\/v2\/product"}],"about":[{"href":"https:\/\/grupotextil.es\/en\/wp-json\/wp\/v2\/types\/product"}],"replies":[{"embeddable":true,"href":"https:\/\/grupotextil.es\/en\/wp-json\/wp\/v2\/comments?post=318477"}],"wp:featuredmedia":[{"embeddable":true,"href":"https:\/\/grupotextil.es\/en\/wp-json\/wp\/v2\/media\/318478"}],"wp:attachment":[{"href":"https:\/\/grupotextil.es\/en\/wp-json\/wp\/v2\/media?parent=318477"}],"wp:term":[{"taxonomy":"product_brand","embeddable":true,"href":"https:\/\/grupotextil.es\/en\/wp-json\/wp\/v2\/product_brand?post=318477"},{"taxonomy":"product_cat","embeddable":true,"href":"https:\/\/grupotextil.es\/en\/wp-json\/wp\/v2\/product_cat?post=318477"},{"taxonomy":"product_tag","embeddable":true,"href":"https:\/\/grupotextil.es\/en\/wp-json\/wp\/v2\/product_tag?post=318477"}],"curies":[{"name":"wp","href":"https:\/\/api.w.org\/{rel}","templated":true}]}}