{"id":318490,"date":"2026-03-06T01:40:07","date_gmt":"2026-03-06T01:40:07","guid":{"rendered":"https:\/\/grupotextil.es\/?post_type=product&#038;p=318490"},"modified":"2026-03-06T01:40:07","modified_gmt":"2026-03-06T01:40:07","slug":"gorra-ligera-y-transpirable-valento-monegros","status":"publish","type":"product","link":"https:\/\/grupotextil.es\/en\/product\/gorra-ligera-y-transpirable-valento-monegros\/","title":{"rendered":"Gorra ligera y transpirable VALENTO MONEGROS"},"content":{"rendered":"<div class=\"product-description\">\n<div class=\"article_characteristics\">\n<ul style=\"margin-block-start: 0;\" >\n<li><b>Gorra<\/b> <b>transpirable<\/b> y ligera.<\/li>\n<li>Confeccionada en doble tejido: tejido de rejilla que favorece la ventilaci\u00f3n y tejido ligero aterciopelado de <b>microfibra<\/b>.<\/li>\n<li>Visera curvada que evita la entrada de los rayos de sol y aporta mayor frescura.<\/li>\n<li>Banda interior mullida en el contorno que favorece la absorci\u00f3n del sudor y aporta mayor confort.<\/li>\n<li>Cierre trasero con cord\u00f3n el\u00e1stico y freno para un mejor ajuste.<\/li>\n<li>M\u00e9todos id\u00f3neos de marcaje: sublimaci\u00f3n sobre color blanco, serigraf\u00eda, transfer, bordados, cosidos.<\/li>\n<li>Ideal para actividades f\u00edsicas y deportivas.<\/li>\n<\/ul><\/div>\n<\/div>\n<div class=\"product-pdf\">\n<p><a href=\"https:\/\/valento.es\/?service=ServeDocuments&amp;function=serve_datasheet&amp;article_ref=GOVAMON\" target=\"_blank\" rel=\"noopener\">Descargar ficha t\u00e9cnica (PDF)<\/a><\/p>\n<\/div>","protected":false},"excerpt":{"rendered":"<p>Gorra ligera y transpirable VALENTO MONEGROS de Valento. Disponible en la categor\u00eda Gorras Y Gorros De Verano. Env\u00edo r\u00e1pido 24\/48h.<\/p>","protected":false},"featured_media":318491,"comment_status":"open","ping_status":"closed","template":"","meta":{"_acf_changed":false},"product_brand":[11282],"product_cat":[13949,13974,13975],"product_tag":[],"class_list":{"0":"post-318490","1":"product","2":"type-product","3":"status-publish","4":"has-post-thumbnail","6":"product_brand-valento","7":"product_cat-acc-gorras-y-sombreros","8":"product_cat-ropa-hombre","9":"product_cat-ropa-mujer","10":"tm-no-options","12":"first","13":"instock","14":"taxable","15":"shipping-taxable","16":"product-type-variable"},"acf":[],"_links":{"self":[{"href":"https:\/\/grupotextil.es\/en\/wp-json\/wp\/v2\/product\/318490","targetHints":{"allow":["GET"]}}],"collection":[{"href":"https:\/\/grupotextil.es\/en\/wp-json\/wp\/v2\/product"}],"about":[{"href":"https:\/\/grupotextil.es\/en\/wp-json\/wp\/v2\/types\/product"}],"replies":[{"embeddable":true,"href":"https:\/\/grupotextil.es\/en\/wp-json\/wp\/v2\/comments?post=318490"}],"wp:featuredmedia":[{"embeddable":true,"href":"https:\/\/grupotextil.es\/en\/wp-json\/wp\/v2\/media\/318491"}],"wp:attachment":[{"href":"https:\/\/grupotextil.es\/en\/wp-json\/wp\/v2\/media?parent=318490"}],"wp:term":[{"taxonomy":"product_brand","embeddable":true,"href":"https:\/\/grupotextil.es\/en\/wp-json\/wp\/v2\/product_brand?post=318490"},{"taxonomy":"product_cat","embeddable":true,"href":"https:\/\/grupotextil.es\/en\/wp-json\/wp\/v2\/product_cat?post=318490"},{"taxonomy":"product_tag","embeddable":true,"href":"https:\/\/grupotextil.es\/en\/wp-json\/wp\/v2\/product_tag?post=318490"}],"curies":[{"name":"wp","href":"https:\/\/api.w.org\/{rel}","templated":true}]}}