{"id":318559,"date":"2026-03-06T01:40:18","date_gmt":"2026-03-06T01:40:18","guid":{"rendered":"https:\/\/grupotextil.es\/?post_type=product&#038;p=318559"},"modified":"2026-03-06T01:40:18","modified_gmt":"2026-03-06T01:40:18","slug":"gorra-transpirable-de-6-paneles-valento-sport","status":"publish","type":"product","link":"https:\/\/grupotextil.es\/en\/product\/gorra-transpirable-de-6-paneles-valento-sport\/","title":{"rendered":"Gorra transpirable de 6 paneles VALENTO SPORT"},"content":{"rendered":"<div class=\"product-description\">\n<div class=\"article_characteristics\">\n<ul style=\"margin-block-start: 0;\" >\n<li><b>Gorra deportiva<\/b> tipo <b>b\u00e9isbol<\/b> con <b>6 paneles<\/b>.<\/li>\n<li>Confeccionada en <b>tejido transpirable<\/b> <b>100% poli\u00e9ster<\/b> de tacto suave y agradable.<\/li>\n<li>Visera curvada que evita la entrada de los rayos de sol y aporta mayor frescura, banda interior en el contorno que aporta mayor confort.<\/li>\n<li>Zona frontal curvada con costura central y sin refuerzo interior para mayor flexibilidad y comodidad.<\/li>\n<li>Apertura trasera semicircular con leng\u00fceta de ajuste mediante velcro para una mejor sujeci\u00f3n.<\/li>\n<li>M\u00e9todos id\u00f3neos de marcaje: bordados, cosidos.<\/li>\n<li>Ideal para <b>regalo promocional<\/b>, <b>regalo personalizado<\/b>, suvenir, merchandising, como <b>ropa deportiva<\/b> y <b>ropa casual<\/b>.<\/li>\n<\/ul><\/div>\n<\/div>\n<div class=\"product-pdf\">\n<p><a href=\"https:\/\/valento.es\/?service=ServeDocuments&amp;function=serve_datasheet&amp;article_ref=GOVASPO\" target=\"_blank\" rel=\"noopener\">Descargar ficha t\u00e9cnica (PDF)<\/a><\/p>\n<\/div>","protected":false},"excerpt":{"rendered":"<p>Gorra transpirable de 6 paneles VALENTO SPORT de Valento. Disponible en la categor\u00eda Gorras Y Gorros De Verano. Env\u00edo r\u00e1pido 24\/48h.<\/p>","protected":false},"featured_media":318560,"comment_status":"open","ping_status":"closed","template":"","meta":{"_acf_changed":false},"product_brand":[11282],"product_cat":[13949,13974,13975],"product_tag":[],"class_list":{"0":"post-318559","1":"product","2":"type-product","3":"status-publish","4":"has-post-thumbnail","6":"product_brand-valento","7":"product_cat-acc-gorras-y-sombreros","8":"product_cat-ropa-hombre","9":"product_cat-ropa-mujer","10":"tm-no-options","12":"first","13":"instock","14":"taxable","15":"shipping-taxable","16":"product-type-variable"},"acf":[],"_links":{"self":[{"href":"https:\/\/grupotextil.es\/en\/wp-json\/wp\/v2\/product\/318559","targetHints":{"allow":["GET"]}}],"collection":[{"href":"https:\/\/grupotextil.es\/en\/wp-json\/wp\/v2\/product"}],"about":[{"href":"https:\/\/grupotextil.es\/en\/wp-json\/wp\/v2\/types\/product"}],"replies":[{"embeddable":true,"href":"https:\/\/grupotextil.es\/en\/wp-json\/wp\/v2\/comments?post=318559"}],"wp:featuredmedia":[{"embeddable":true,"href":"https:\/\/grupotextil.es\/en\/wp-json\/wp\/v2\/media\/318560"}],"wp:attachment":[{"href":"https:\/\/grupotextil.es\/en\/wp-json\/wp\/v2\/media?parent=318559"}],"wp:term":[{"taxonomy":"product_brand","embeddable":true,"href":"https:\/\/grupotextil.es\/en\/wp-json\/wp\/v2\/product_brand?post=318559"},{"taxonomy":"product_cat","embeddable":true,"href":"https:\/\/grupotextil.es\/en\/wp-json\/wp\/v2\/product_cat?post=318559"},{"taxonomy":"product_tag","embeddable":true,"href":"https:\/\/grupotextil.es\/en\/wp-json\/wp\/v2\/product_tag?post=318559"}],"curies":[{"name":"wp","href":"https:\/\/api.w.org\/{rel}","templated":true}]}}