{"id":318757,"date":"2026-03-06T01:40:40","date_gmt":"2026-03-06T01:40:40","guid":{"rendered":"https:\/\/grupotextil.es\/?post_type=product&#038;p=318757"},"modified":"2026-03-06T01:40:40","modified_gmt":"2026-03-06T01:40:40","slug":"polo-manga-larga-cierre-de-velcro-valento-valiant","status":"publish","type":"product","link":"https:\/\/grupotextil.es\/en\/product\/polo-manga-larga-cierre-de-velcro-valento-valiant\/","title":{"rendered":"Polo manga larga cierre de velcro VALENTO VALIANT"},"content":{"rendered":"<div class=\"product-description\">\n<div class=\"article_characteristics\">\n<ul style=\"margin-block-start: 0;\" >\n<li><b>Polo<\/b> de <b>manga larga<\/b> y cuello con cierre de velcro.<\/li>\n<li>Confeccionado en tejido de punto granito mezcla algod\u00f3n con poli\u00e9ster resistente y duradero.<\/li>\n<li>Cuello con canal\u00e9 el\u00e1stico y cierre de tapeta con velcro ideal para <b>uniformes<\/b> de la <b>industria alimentaria<\/b>.<\/li>\n<li><b>Manga larga<\/b> con pu\u00f1o de canal\u00e9 el\u00e1stico que se adapta c\u00f3modamente.<\/li>\n<li>Doble pespunte en bajo que aumenta su resistencia.<\/li>\n<li>Incluye bolsillo para coser, m\u00e9todos id\u00f3neos de marcaje: serigraf\u00eda, transfer, bordados, cosidos.<\/li>\n<li>Ideal como <b>ropa laboral<\/b>, <b>uniformes<\/b> de <b>industria alimentaria<\/b> y <b>textil promocional<\/b>.<\/li>\n<\/ul><\/div>\n<\/div>\n<div class=\"product-pdf\">\n<p><a href=\"https:\/\/valento.es\/?service=ServeDocuments&amp;function=serve_datasheet&amp;article_ref=POVAVAL\" target=\"_blank\" rel=\"noopener\">Descargar ficha t\u00e9cnica (PDF)<\/a><\/p>\n<\/div>","protected":false},"excerpt":{"rendered":"<p>Polo manga larga cierre de velcro VALENTO VALIANT de Valento. Disponible en la categor\u00eda Industria Alimentaria. Env\u00edo r\u00e1pido 24\/48h.<\/p>","protected":false},"featured_media":318758,"comment_status":"open","ping_status":"closed","template":"","meta":{"_acf_changed":false},"product_brand":[11282],"product_cat":[13974,13975,13979,13988,13973],"product_tag":[],"class_list":{"0":"post-318757","1":"product","2":"type-product","3":"status-publish","4":"has-post-thumbnail","6":"product_brand-valento","7":"product_cat-ropa-hombre","8":"product_cat-ropa-mujer","9":"product_cat-h-polos","10":"product_cat-m-polos","11":"product_cat-ropa","12":"tm-no-options","14":"first","15":"instock","16":"taxable","17":"shipping-taxable","18":"product-type-variable"},"acf":[],"_links":{"self":[{"href":"https:\/\/grupotextil.es\/en\/wp-json\/wp\/v2\/product\/318757","targetHints":{"allow":["GET"]}}],"collection":[{"href":"https:\/\/grupotextil.es\/en\/wp-json\/wp\/v2\/product"}],"about":[{"href":"https:\/\/grupotextil.es\/en\/wp-json\/wp\/v2\/types\/product"}],"replies":[{"embeddable":true,"href":"https:\/\/grupotextil.es\/en\/wp-json\/wp\/v2\/comments?post=318757"}],"wp:featuredmedia":[{"embeddable":true,"href":"https:\/\/grupotextil.es\/en\/wp-json\/wp\/v2\/media\/318758"}],"wp:attachment":[{"href":"https:\/\/grupotextil.es\/en\/wp-json\/wp\/v2\/media?parent=318757"}],"wp:term":[{"taxonomy":"product_brand","embeddable":true,"href":"https:\/\/grupotextil.es\/en\/wp-json\/wp\/v2\/product_brand?post=318757"},{"taxonomy":"product_cat","embeddable":true,"href":"https:\/\/grupotextil.es\/en\/wp-json\/wp\/v2\/product_cat?post=318757"},{"taxonomy":"product_tag","embeddable":true,"href":"https:\/\/grupotextil.es\/en\/wp-json\/wp\/v2\/product_tag?post=318757"}],"curies":[{"name":"wp","href":"https:\/\/api.w.org\/{rel}","templated":true}]}}