{"id":319022,"date":"2026-03-06T01:40:54","date_gmt":"2026-03-06T01:40:54","guid":{"rendered":"https:\/\/grupotextil.es\/?post_type=product&#038;p=319022"},"modified":"2026-03-06T01:40:54","modified_gmt":"2026-03-06T01:40:54","slug":"balaclava-de-rejilla-alimentacion-valento-baguette","status":"publish","type":"product","link":"https:\/\/grupotextil.es\/en\/product\/balaclava-de-rejilla-alimentacion-valento-baguette\/","title":{"rendered":"Balaclava de rejilla alimentaci\u00f3n VALENTO BAGUETTE"},"content":{"rendered":"<div class=\"product-description\">\n<div class=\"article_characteristics\">\n<ul style=\"margin-block-start: 0;\" >\n<li><b>Balaclava<\/b> de alimentaci\u00f3n de rejilla blanca, cubre cabeza, hombros y pecho.<\/li>\n<li>Confeccionado con tejido de rejilla <b>100% poli\u00e9ster<\/b> que aporta durabilidad y elasticidad.<\/li>\n<li>Formado por dos piezas cosidas: un gorro con contorno de canal\u00e9 el\u00e1stico que se adapta c\u00f3modamente unido a otra pieza que cubre hombros y pecho.<\/li>\n<li>Costuras interiores sobrehiladas y doble pespunte en bajo que aumenta su resistencia.<\/li>\n<li>M\u00e9todos id\u00f3neos de marcaje (en la parte acanalada): bordados, cosidos.<\/li>\n<li>Ideal para su uso en <b>hosteler\u00eda<\/b> e <b>industria alimentaria<\/b>.<\/li>\n<\/ul><\/div>\n<\/div>\n<div class=\"product-pdf\">\n<p><a href=\"https:\/\/valento.es\/?service=ServeDocuments&amp;function=serve_datasheet&amp;article_ref=BLVABAG\" target=\"_blank\" rel=\"noopener\">Descargar ficha t\u00e9cnica (PDF)<\/a><\/p>\n<\/div>","protected":false},"excerpt":{"rendered":"<p>Balaclava de rejilla alimentaci\u00f3n VALENTO BAGUETTE de Valento. Disponible en la categor\u00eda Industria Alimentaria. Env\u00edo r\u00e1pido 24\/48h.<\/p>","protected":false},"featured_media":319023,"comment_status":"open","ping_status":"closed","template":"","meta":{"_acf_changed":false},"product_brand":[11282],"product_cat":[13974,13975],"product_tag":[],"class_list":{"0":"post-319022","1":"product","2":"type-product","3":"status-publish","4":"has-post-thumbnail","6":"product_brand-valento","7":"product_cat-ropa-hombre","8":"product_cat-ropa-mujer","9":"tm-no-options","11":"first","12":"instock","13":"taxable","14":"shipping-taxable","15":"product-type-variable"},"acf":[],"_links":{"self":[{"href":"https:\/\/grupotextil.es\/en\/wp-json\/wp\/v2\/product\/319022","targetHints":{"allow":["GET"]}}],"collection":[{"href":"https:\/\/grupotextil.es\/en\/wp-json\/wp\/v2\/product"}],"about":[{"href":"https:\/\/grupotextil.es\/en\/wp-json\/wp\/v2\/types\/product"}],"replies":[{"embeddable":true,"href":"https:\/\/grupotextil.es\/en\/wp-json\/wp\/v2\/comments?post=319022"}],"wp:featuredmedia":[{"embeddable":true,"href":"https:\/\/grupotextil.es\/en\/wp-json\/wp\/v2\/media\/319023"}],"wp:attachment":[{"href":"https:\/\/grupotextil.es\/en\/wp-json\/wp\/v2\/media?parent=319022"}],"wp:term":[{"taxonomy":"product_brand","embeddable":true,"href":"https:\/\/grupotextil.es\/en\/wp-json\/wp\/v2\/product_brand?post=319022"},{"taxonomy":"product_cat","embeddable":true,"href":"https:\/\/grupotextil.es\/en\/wp-json\/wp\/v2\/product_cat?post=319022"},{"taxonomy":"product_tag","embeddable":true,"href":"https:\/\/grupotextil.es\/en\/wp-json\/wp\/v2\/product_tag?post=319022"}],"curies":[{"name":"wp","href":"https:\/\/api.w.org\/{rel}","templated":true}]}}