{"id":319045,"date":"2026-03-06T01:40:58","date_gmt":"2026-03-06T01:40:58","guid":{"rendered":"https:\/\/grupotextil.es\/?post_type=product&#038;p=319045"},"modified":"2026-03-06T01:40:58","modified_gmt":"2026-03-06T01:40:58","slug":"polo-manga-corta-cuello-velcro-valento-sailer","status":"publish","type":"product","link":"https:\/\/grupotextil.es\/en\/product\/polo-manga-corta-cuello-velcro-valento-sailer\/","title":{"rendered":"Polo manga corta cuello velcro VALENTO SAILER"},"content":{"rendered":"<div class=\"product-description\">\n<div class=\"article_characteristics\">\n<ul style=\"margin-block-start: 0;\" >\n<li><b>Polo<\/b> de <b>manga corta<\/b> y cuello de velcro.<\/li>\n<li>Confeccionado en tejido mezcla algod\u00f3n con poli\u00e9ster resistente y duradero.<\/li>\n<li>Cuello con cierre de tapeta central con velcro para un mejor ajuste.<\/li>\n<li>Cuello y bocamangas de tricotosa que se adaptan c\u00f3modamente.<\/li>\n<li>Doble pespunte en bajo que aumenta su resistencia.<\/li>\n<li>M\u00e9todos id\u00f3neos de marcaje: serigraf\u00eda, bordados, cosidos.<\/li>\n<li>Ideal como <b>ropa laboral<\/b> y <b>uniformes<\/b> de <b>industria alimentaria<\/b>.<\/li>\n<\/ul><\/div>\n<\/div>\n<div class=\"product-pdf\">\n<p><a href=\"https:\/\/valento.es\/?service=ServeDocuments&amp;function=serve_datasheet&amp;article_ref=POVASAI\" target=\"_blank\" rel=\"noopener\">Descargar ficha t\u00e9cnica (PDF)<\/a><\/p>\n<\/div>","protected":false},"excerpt":{"rendered":"<p>Polo manga corta cuello velcro VALENTO SAILER de Valento. Disponible en la categor\u00eda Industria Alimentaria. Env\u00edo r\u00e1pido 24\/48h.<\/p>","protected":false},"featured_media":319046,"comment_status":"open","ping_status":"closed","template":"","meta":{"_acf_changed":false},"product_brand":[11282],"product_cat":[13974,13975,13979,13988,13973],"product_tag":[],"class_list":{"0":"post-319045","1":"product","2":"type-product","3":"status-publish","4":"has-post-thumbnail","6":"product_brand-valento","7":"product_cat-ropa-hombre","8":"product_cat-ropa-mujer","9":"product_cat-h-polos","10":"product_cat-m-polos","11":"product_cat-ropa","12":"tm-no-options","14":"first","15":"instock","16":"taxable","17":"shipping-taxable","18":"product-type-variable"},"acf":[],"_links":{"self":[{"href":"https:\/\/grupotextil.es\/en\/wp-json\/wp\/v2\/product\/319045","targetHints":{"allow":["GET"]}}],"collection":[{"href":"https:\/\/grupotextil.es\/en\/wp-json\/wp\/v2\/product"}],"about":[{"href":"https:\/\/grupotextil.es\/en\/wp-json\/wp\/v2\/types\/product"}],"replies":[{"embeddable":true,"href":"https:\/\/grupotextil.es\/en\/wp-json\/wp\/v2\/comments?post=319045"}],"wp:featuredmedia":[{"embeddable":true,"href":"https:\/\/grupotextil.es\/en\/wp-json\/wp\/v2\/media\/319046"}],"wp:attachment":[{"href":"https:\/\/grupotextil.es\/en\/wp-json\/wp\/v2\/media?parent=319045"}],"wp:term":[{"taxonomy":"product_brand","embeddable":true,"href":"https:\/\/grupotextil.es\/en\/wp-json\/wp\/v2\/product_brand?post=319045"},{"taxonomy":"product_cat","embeddable":true,"href":"https:\/\/grupotextil.es\/en\/wp-json\/wp\/v2\/product_cat?post=319045"},{"taxonomy":"product_tag","embeddable":true,"href":"https:\/\/grupotextil.es\/en\/wp-json\/wp\/v2\/product_tag?post=319045"}],"curies":[{"name":"wp","href":"https:\/\/api.w.org\/{rel}","templated":true}]}}