{"id":319740,"date":"2026-03-06T01:41:21","date_gmt":"2026-03-06T01:41:21","guid":{"rendered":"https:\/\/grupotextil.es\/?post_type=product&#038;p=319740"},"modified":"2026-03-06T01:41:21","modified_gmt":"2026-03-06T01:41:21","slug":"mallas-cortas-sin-costuras-mujer-valento-brooke","status":"publish","type":"product","link":"https:\/\/grupotextil.es\/en\/product\/mallas-cortas-sin-costuras-mujer-valento-brooke\/","title":{"rendered":"Mallas cortas sin costuras mujer VALENTO BROOKE"},"content":{"rendered":"<div class=\"product-description\">\n<div class=\"article_characteristics\">\n<ul style=\"margin-block-start: 0;\" >\n<li><b>Mallas cortas<\/b> <b>sin costuras<\/b> para <b>mujer<\/b>.<\/li>\n<li>Confeccionadas en <b>tejido transpirable<\/b> de gran elasticidad en jaspeado vigor\u00e9 (excepto en color negro).<\/li>\n<li>Ensambladas con los m\u00e9todos seamless (<b>sin costuras<\/b>) y flat seam (costuras planas) que minimizan el roce con la piel, dise\u00f1o anat\u00f3mico y din\u00e1mico para mejor movilidad.<\/li>\n<li>Canal\u00e9 extra-el\u00e1stico en cintura para un mejor ajuste y en los laterales para una mejor compresi\u00f3n y sujeci\u00f3n, bajo con dobladillo y costura invisible.<\/li>\n<li>M\u00e9todos id\u00f3neos de marcaje: bordados, cosidos.<\/li>\n<li>Ideal como <b>ropa deportiva<\/b>.<\/li>\n<\/ul><\/div>\n<\/div>\n<div class=\"product-pdf\">\n<p><a href=\"https:\/\/valento.es\/?service=ServeDocuments&amp;function=serve_datasheet&amp;article_ref=MAVABRO\" target=\"_blank\" rel=\"noopener\">Descargar ficha t\u00e9cnica (PDF)<\/a><\/p>\n<\/div>","protected":false},"excerpt":{"rendered":"<p>Mallas cortas sin costuras mujer VALENTO BROOKE de Valento. Disponible en la categor\u00eda Mallas Y Leggings. Env\u00edo r\u00e1pido 24\/48h.<\/p>","protected":false},"featured_media":319741,"comment_status":"open","ping_status":"closed","template":"","meta":{"_acf_changed":false},"product_brand":[11282],"product_cat":[13968],"product_tag":[],"class_list":{"0":"post-319740","1":"product","2":"type-product","3":"status-publish","4":"has-post-thumbnail","6":"product_brand-valento","7":"product_cat-rd-mallas-y-leggings","8":"tm-no-options","10":"first","11":"instock","12":"taxable","13":"shipping-taxable","14":"product-type-variable"},"acf":[],"_links":{"self":[{"href":"https:\/\/grupotextil.es\/en\/wp-json\/wp\/v2\/product\/319740","targetHints":{"allow":["GET"]}}],"collection":[{"href":"https:\/\/grupotextil.es\/en\/wp-json\/wp\/v2\/product"}],"about":[{"href":"https:\/\/grupotextil.es\/en\/wp-json\/wp\/v2\/types\/product"}],"replies":[{"embeddable":true,"href":"https:\/\/grupotextil.es\/en\/wp-json\/wp\/v2\/comments?post=319740"}],"wp:featuredmedia":[{"embeddable":true,"href":"https:\/\/grupotextil.es\/en\/wp-json\/wp\/v2\/media\/319741"}],"wp:attachment":[{"href":"https:\/\/grupotextil.es\/en\/wp-json\/wp\/v2\/media?parent=319740"}],"wp:term":[{"taxonomy":"product_brand","embeddable":true,"href":"https:\/\/grupotextil.es\/en\/wp-json\/wp\/v2\/product_brand?post=319740"},{"taxonomy":"product_cat","embeddable":true,"href":"https:\/\/grupotextil.es\/en\/wp-json\/wp\/v2\/product_cat?post=319740"},{"taxonomy":"product_tag","embeddable":true,"href":"https:\/\/grupotextil.es\/en\/wp-json\/wp\/v2\/product_tag?post=319740"}],"curies":[{"name":"wp","href":"https:\/\/api.w.org\/{rel}","templated":true}]}}