{"id":320203,"date":"2026-03-06T01:41:43","date_gmt":"2026-03-06T01:41:43","guid":{"rendered":"https:\/\/grupotextil.es\/?post_type=product&#038;p=320203"},"modified":"2026-03-06T01:41:43","modified_gmt":"2026-03-06T01:41:43","slug":"bolsa-para-transporte-de-mantas-valento-cover","status":"publish","type":"product","link":"https:\/\/grupotextil.es\/en\/product\/bolsa-para-transporte-de-mantas-valento-cover\/","title":{"rendered":"Bolsa para transporte de mantas VALENTO COVER"},"content":{"rendered":"<div class=\"product-description\">\n<div class=\"article_characteristics\">\n<ul style=\"margin-block-start: 0;\" >\n<li><b>Bolsa<\/b> <b>porta <b>mantas<\/b><\/b>.<\/li>\n<li>Confeccionada en tejido plano hidr\u00f3fugo, resistente y duradero.<\/li>\n<li>Forma cil\u00edndrica que permite meter dentro la manta enrollada.<\/li>\n<li>Cierre con cord\u00f3n regulador y freno para un mejor ajuste.<\/li>\n<li>Cord\u00f3n doble que sirve de asa para transportar la manta c\u00f3modamente.<\/li>\n<li>M\u00e9todos id\u00f3neos de marcaje: serigraf\u00eda, transfer, vinilo, bordados, cosidos.<\/li>\n<li>Ideal para el transporte de los modelos de <b>mantas<\/b> KODIAK, DREAMS, CRIB y TERRAIN.<\/li>\n<\/ul><\/div>\n<\/div>\n<div class=\"product-pdf\">\n<p><a href=\"https:\/\/valento.es\/?service=ServeDocuments&amp;function=serve_datasheet&amp;article_ref=BMVACOV\" target=\"_blank\" rel=\"noopener\">Descargar ficha t\u00e9cnica (PDF)<\/a><\/p>\n<\/div>","protected":false},"excerpt":{"rendered":"<p>Bolsa para transporte de mantas VALENTO COVER de Valento. Disponible en la categor\u00eda Mantas. Env\u00edo r\u00e1pido 24\/48h.<\/p>","protected":false},"featured_media":320204,"comment_status":"open","ping_status":"closed","template":"","meta":{"_acf_changed":false},"product_brand":[11282],"product_cat":[13970],"product_tag":[],"class_list":{"0":"post-320203","1":"product","2":"type-product","3":"status-publish","4":"has-post-thumbnail","6":"product_brand-valento","7":"product_cat-toallas-y-textil-hogar","8":"tm-no-options","10":"first","11":"instock","12":"taxable","13":"shipping-taxable","14":"product-type-variable"},"acf":[],"_links":{"self":[{"href":"https:\/\/grupotextil.es\/en\/wp-json\/wp\/v2\/product\/320203","targetHints":{"allow":["GET"]}}],"collection":[{"href":"https:\/\/grupotextil.es\/en\/wp-json\/wp\/v2\/product"}],"about":[{"href":"https:\/\/grupotextil.es\/en\/wp-json\/wp\/v2\/types\/product"}],"replies":[{"embeddable":true,"href":"https:\/\/grupotextil.es\/en\/wp-json\/wp\/v2\/comments?post=320203"}],"wp:featuredmedia":[{"embeddable":true,"href":"https:\/\/grupotextil.es\/en\/wp-json\/wp\/v2\/media\/320204"}],"wp:attachment":[{"href":"https:\/\/grupotextil.es\/en\/wp-json\/wp\/v2\/media?parent=320203"}],"wp:term":[{"taxonomy":"product_brand","embeddable":true,"href":"https:\/\/grupotextil.es\/en\/wp-json\/wp\/v2\/product_brand?post=320203"},{"taxonomy":"product_cat","embeddable":true,"href":"https:\/\/grupotextil.es\/en\/wp-json\/wp\/v2\/product_cat?post=320203"},{"taxonomy":"product_tag","embeddable":true,"href":"https:\/\/grupotextil.es\/en\/wp-json\/wp\/v2\/product_tag?post=320203"}],"curies":[{"name":"wp","href":"https:\/\/api.w.org\/{rel}","templated":true}]}}