{"id":320222,"date":"2026-03-06T01:41:46","date_gmt":"2026-03-06T01:41:46","guid":{"rendered":"https:\/\/grupotextil.es\/?post_type=product&#038;p=320222"},"modified":"2026-03-06T01:41:46","modified_gmt":"2026-03-06T01:41:46","slug":"portamantas-con-asa-de-transporte-valento-comfy","status":"publish","type":"product","link":"https:\/\/grupotextil.es\/en\/product\/portamantas-con-asa-de-transporte-valento-comfy\/","title":{"rendered":"Portamantas con asa de transporte VALENTO COMFY"},"content":{"rendered":"<div class=\"product-description\">\n<div class=\"article_characteristics\">\n<ul style=\"margin-block-start: 0;\" >\n<li><b>Porta <b>mantas<\/b><\/b> con asa.<\/li>\n<li>Confeccionado con cinta textil de tejido Canvas resistente.<\/li>\n<li>Incorpora un asa para mejor transporte y cierres de velcro para mejor ajuste de las <b>mantas<\/b>.<\/li>\n<li>Contiene un panel de tela en el centro para su personalizaci\u00f3n.<\/li>\n<li>M\u00e9todos id\u00f3neos de marcaje: serigraf\u00eda, transfer, vinilo, bordados, cosidos.<\/li>\n<li>Ideal para el transporte de las <b>mantas<\/b> KODIAK, DREAMS, CRIB, TERRAIN y CUSHION.<\/li>\n<\/ul><\/div>\n<\/div>\n<div class=\"product-pdf\">\n<p><a href=\"https:\/\/valento.es\/?service=ServeDocuments&amp;function=serve_datasheet&amp;article_ref=BMVACOM\" target=\"_blank\" rel=\"noopener\">Descargar ficha t\u00e9cnica (PDF)<\/a><\/p>\n<\/div>","protected":false},"excerpt":{"rendered":"<p>Portamantas con asa de transporte VALENTO COMFY de Valento. Disponible en la categor\u00eda Mantas. Env\u00edo r\u00e1pido 24\/48h.<\/p>","protected":false},"featured_media":320223,"comment_status":"open","ping_status":"closed","template":"","meta":{"_acf_changed":false},"product_brand":[11282],"product_cat":[13970],"product_tag":[],"class_list":{"0":"post-320222","1":"product","2":"type-product","3":"status-publish","4":"has-post-thumbnail","6":"product_brand-valento","7":"product_cat-toallas-y-textil-hogar","8":"tm-no-options","10":"first","11":"instock","12":"taxable","13":"shipping-taxable","14":"product-type-variable"},"acf":[],"_links":{"self":[{"href":"https:\/\/grupotextil.es\/en\/wp-json\/wp\/v2\/product\/320222","targetHints":{"allow":["GET"]}}],"collection":[{"href":"https:\/\/grupotextil.es\/en\/wp-json\/wp\/v2\/product"}],"about":[{"href":"https:\/\/grupotextil.es\/en\/wp-json\/wp\/v2\/types\/product"}],"replies":[{"embeddable":true,"href":"https:\/\/grupotextil.es\/en\/wp-json\/wp\/v2\/comments?post=320222"}],"wp:featuredmedia":[{"embeddable":true,"href":"https:\/\/grupotextil.es\/en\/wp-json\/wp\/v2\/media\/320223"}],"wp:attachment":[{"href":"https:\/\/grupotextil.es\/en\/wp-json\/wp\/v2\/media?parent=320222"}],"wp:term":[{"taxonomy":"product_brand","embeddable":true,"href":"https:\/\/grupotextil.es\/en\/wp-json\/wp\/v2\/product_brand?post=320222"},{"taxonomy":"product_cat","embeddable":true,"href":"https:\/\/grupotextil.es\/en\/wp-json\/wp\/v2\/product_cat?post=320222"},{"taxonomy":"product_tag","embeddable":true,"href":"https:\/\/grupotextil.es\/en\/wp-json\/wp\/v2\/product_tag?post=320222"}],"curies":[{"name":"wp","href":"https:\/\/api.w.org\/{rel}","templated":true}]}}