{"id":320237,"date":"2026-03-06T01:41:49","date_gmt":"2026-03-06T01:41:49","guid":{"rendered":"https:\/\/grupotextil.es\/?post_type=product&#038;p=320237"},"modified":"2026-03-06T01:41:49","modified_gmt":"2026-03-06T01:41:49","slug":"manta-de-coralina-extra-grande-valento-kinger","status":"publish","type":"product","link":"https:\/\/grupotextil.es\/en\/product\/manta-de-coralina-extra-grande-valento-kinger\/","title":{"rendered":"Manta de coralina extra grande VALENTO KINGER"},"content":{"rendered":"<div class=\"product-description\">\n<div class=\"article_characteristics\">\n<ul style=\"margin-block-start: 0;\" >\n<li><b>Manta<\/b> de <b>coralina<\/b> extra grande.<\/li>\n<li>Confeccionada en tejido <b>coralina<\/b> extra grueso, s\u00faper suave y muy agradable.<\/li>\n<li>Textura con filamentos largos que aportan volumen, calidez y confort.<\/li>\n<li>Forma rectangular cosida con doble costura en los laterales que aumenta su resistencia.<\/li>\n<li>M\u00e9todos id\u00f3neos de marcaje: bordados, cosidos.<\/li>\n<li>Ideal como <b>regalo personalizado<\/b> y complemento invernal para su uso en el hogar: sof\u00e1, sill\u00f3n, cama doble, etc.<\/li>\n<\/ul><\/div>\n<\/div>\n<div class=\"product-pdf\">\n<p><a href=\"https:\/\/valento.es\/?service=ServeDocuments&amp;function=serve_datasheet&amp;article_ref=MTVAKIN\" target=\"_blank\" rel=\"noopener\">Descargar ficha t\u00e9cnica (PDF)<\/a><\/p>\n<\/div>","protected":false},"excerpt":{"rendered":"<p>Manta de coralina extra grande VALENTO KINGER de Valento. Disponible en la categor\u00eda Mantas. Env\u00edo r\u00e1pido 24\/48h.<\/p>","protected":false},"featured_media":320238,"comment_status":"open","ping_status":"closed","template":"","meta":{"_acf_changed":false},"product_brand":[11282],"product_cat":[13970],"product_tag":[],"class_list":{"0":"post-320237","1":"product","2":"type-product","3":"status-publish","4":"has-post-thumbnail","6":"product_brand-valento","7":"product_cat-toallas-y-textil-hogar","8":"tm-no-options","10":"first","11":"instock","12":"taxable","13":"shipping-taxable","14":"product-type-variable"},"acf":[],"_links":{"self":[{"href":"https:\/\/grupotextil.es\/en\/wp-json\/wp\/v2\/product\/320237","targetHints":{"allow":["GET"]}}],"collection":[{"href":"https:\/\/grupotextil.es\/en\/wp-json\/wp\/v2\/product"}],"about":[{"href":"https:\/\/grupotextil.es\/en\/wp-json\/wp\/v2\/types\/product"}],"replies":[{"embeddable":true,"href":"https:\/\/grupotextil.es\/en\/wp-json\/wp\/v2\/comments?post=320237"}],"wp:featuredmedia":[{"embeddable":true,"href":"https:\/\/grupotextil.es\/en\/wp-json\/wp\/v2\/media\/320238"}],"wp:attachment":[{"href":"https:\/\/grupotextil.es\/en\/wp-json\/wp\/v2\/media?parent=320237"}],"wp:term":[{"taxonomy":"product_brand","embeddable":true,"href":"https:\/\/grupotextil.es\/en\/wp-json\/wp\/v2\/product_brand?post=320237"},{"taxonomy":"product_cat","embeddable":true,"href":"https:\/\/grupotextil.es\/en\/wp-json\/wp\/v2\/product_cat?post=320237"},{"taxonomy":"product_tag","embeddable":true,"href":"https:\/\/grupotextil.es\/en\/wp-json\/wp\/v2\/product_tag?post=320237"}],"curies":[{"name":"wp","href":"https:\/\/api.w.org\/{rel}","templated":true}]}}