{"id":320662,"date":"2026-03-06T01:42:14","date_gmt":"2026-03-06T01:42:14","guid":{"rendered":"https:\/\/grupotextil.es\/?post_type=product&#038;p=320662"},"modified":"2026-03-06T01:42:14","modified_gmt":"2026-03-06T01:42:14","slug":"bolsa-para-zapatos-100-algodon-valento-sara","status":"publish","type":"product","link":"https:\/\/grupotextil.es\/en\/product\/bolsa-para-zapatos-100-algodon-valento-sara\/","title":{"rendered":"Bolsa para zapatos 100% algod\u00f3n VALENTO SARA"},"content":{"rendered":"<div class=\"product-description\">\n<div class=\"article_characteristics\">\n<ul style=\"margin-block-start: 0;\" >\n<li><b>Bolsa para zapatos<\/b>.<\/li>\n<li>Confeccionada en <b>tejido transpirable<\/b> y resistente <b>100% algod\u00f3n<\/b> crudo natural, sin tratamiento qu\u00edmico en el tinte.<\/li>\n<li>Contorno superior con dobladillo y cierre con cord\u00f3n ajustable para mantener todo guardado.<\/li>\n<li>Fondo sin costuras y costuras laterales sobrehiladas que aumentan su resistencia.<\/li>\n<li>M\u00e9todos id\u00f3neos de marcaje: serigraf\u00eda, transfer, bordados, cosidos.<\/li>\n<li>Ideal para el transporte de calzado deportivo y como <b>regalo promocional<\/b>.<\/li>\n<\/ul><\/div>\n<\/div>\n<div class=\"product-pdf\">\n<p><a href=\"https:\/\/valento.es\/?service=ServeDocuments&amp;function=serve_datasheet&amp;article_ref=BOVASAR\" target=\"_blank\" rel=\"noopener\">Descargar ficha t\u00e9cnica (PDF)<\/a><\/p>\n<\/div>","protected":false},"excerpt":{"rendered":"<p>Bolsa para zapatos 100% algod\u00f3n VALENTO SARA de Valento. Disponible en la categor\u00eda Mochilas. Env\u00edo r\u00e1pido 24\/48h.<\/p>","protected":false},"featured_media":320663,"comment_status":"open","ping_status":"closed","template":"","meta":{"_acf_changed":false},"product_brand":[11282],"product_cat":[13974,13975],"product_tag":[],"class_list":{"0":"post-320662","1":"product","2":"type-product","3":"status-publish","4":"has-post-thumbnail","6":"product_brand-valento","7":"product_cat-ropa-hombre","8":"product_cat-ropa-mujer","9":"tm-no-options","11":"first","12":"instock","13":"taxable","14":"shipping-taxable","15":"product-type-variable"},"acf":[],"_links":{"self":[{"href":"https:\/\/grupotextil.es\/en\/wp-json\/wp\/v2\/product\/320662","targetHints":{"allow":["GET"]}}],"collection":[{"href":"https:\/\/grupotextil.es\/en\/wp-json\/wp\/v2\/product"}],"about":[{"href":"https:\/\/grupotextil.es\/en\/wp-json\/wp\/v2\/types\/product"}],"replies":[{"embeddable":true,"href":"https:\/\/grupotextil.es\/en\/wp-json\/wp\/v2\/comments?post=320662"}],"wp:featuredmedia":[{"embeddable":true,"href":"https:\/\/grupotextil.es\/en\/wp-json\/wp\/v2\/media\/320663"}],"wp:attachment":[{"href":"https:\/\/grupotextil.es\/en\/wp-json\/wp\/v2\/media?parent=320662"}],"wp:term":[{"taxonomy":"product_brand","embeddable":true,"href":"https:\/\/grupotextil.es\/en\/wp-json\/wp\/v2\/product_brand?post=320662"},{"taxonomy":"product_cat","embeddable":true,"href":"https:\/\/grupotextil.es\/en\/wp-json\/wp\/v2\/product_cat?post=320662"},{"taxonomy":"product_tag","embeddable":true,"href":"https:\/\/grupotextil.es\/en\/wp-json\/wp\/v2\/product_tag?post=320662"}],"curies":[{"name":"wp","href":"https:\/\/api.w.org\/{rel}","templated":true}]}}