{"id":320688,"date":"2026-03-06T01:42:19","date_gmt":"2026-03-06T01:42:19","guid":{"rendered":"https:\/\/grupotextil.es\/?post_type=product&#038;p=320688"},"modified":"2026-03-06T01:42:19","modified_gmt":"2026-03-06T01:42:19","slug":"mochila-de-asalto-impermeable-valento-seal","status":"publish","type":"product","link":"https:\/\/grupotextil.es\/en\/product\/mochila-de-asalto-impermeable-valento-seal\/","title":{"rendered":"Mochila de asalto impermeable VALENTO SEAL"},"content":{"rendered":"<div class=\"product-description\">\n<div class=\"article_characteristics\">\n<ul style=\"margin-block-start: 0;\" >\n<li><b>Mochila<\/b> de gran capacidad con fuelles.<\/li>\n<li>Confeccionada en <b>tejido impermeable<\/b> Rip-Stop, grueso y resistente en el exterior, forro liso en el interior y tejido de rejilla en la espalda, en la cara interior de los tirantes y el asa que favorece la ventilaci\u00f3n.<\/li>\n<li>Refuerzo ergon\u00f3mico con espuma interior, en las zonas dorsal y lumbar, para mayor confort y agarre abdominal para una mejor sujeci\u00f3n.<\/li>\n<li>Tres amplios bolsillos exteriores con cierre de cremallera para tener todo accesible (el m\u00e1s peque\u00f1o con salida para cables y bolsillo interior para accesorios), cintas textiles exteriores para colgar parches con velcro y otros complementos.<\/li>\n<li>Fuelles que ampl\u00edan notablemente su capacidad y enganches de pl\u00e1stico laterales para disminuir el volumen y facilitar su transporte.<\/li>\n<li>M\u00e9todos id\u00f3neos de marcaje: serigraf\u00eda, vinilo, transfer, bordados, cosidos.<\/li>\n<li>Ideal para uso deportivo, entrenamientos militares, <b>deportes de aventura<\/b>, viajes, etc.<\/li>\n<\/ul><\/div>\n<\/div>\n<div class=\"product-pdf\">\n<p><a href=\"https:\/\/valento.es\/?service=ServeDocuments&amp;function=serve_datasheet&amp;article_ref=MCVASEA\" target=\"_blank\" rel=\"noopener\">Descargar ficha t\u00e9cnica (PDF)<\/a><\/p>\n<\/div>","protected":false},"excerpt":{"rendered":"<p>Mochila de asalto impermeable VALENTO SEAL de Valento. Disponible en la categor\u00eda Mochilas. Env\u00edo r\u00e1pido 24\/48h.<\/p>","protected":false},"featured_media":320689,"comment_status":"open","ping_status":"closed","template":"","meta":{"_acf_changed":false},"product_brand":[11282],"product_cat":[13954],"product_tag":[],"class_list":{"0":"post-320688","1":"product","2":"type-product","3":"status-publish","4":"has-post-thumbnail","6":"product_brand-valento","7":"product_cat-acc-bolsas-y-mochilas","8":"tm-no-options","10":"first","11":"instock","12":"taxable","13":"shipping-taxable","14":"product-type-variable"},"acf":[],"_links":{"self":[{"href":"https:\/\/grupotextil.es\/en\/wp-json\/wp\/v2\/product\/320688","targetHints":{"allow":["GET"]}}],"collection":[{"href":"https:\/\/grupotextil.es\/en\/wp-json\/wp\/v2\/product"}],"about":[{"href":"https:\/\/grupotextil.es\/en\/wp-json\/wp\/v2\/types\/product"}],"replies":[{"embeddable":true,"href":"https:\/\/grupotextil.es\/en\/wp-json\/wp\/v2\/comments?post=320688"}],"wp:featuredmedia":[{"embeddable":true,"href":"https:\/\/grupotextil.es\/en\/wp-json\/wp\/v2\/media\/320689"}],"wp:attachment":[{"href":"https:\/\/grupotextil.es\/en\/wp-json\/wp\/v2\/media?parent=320688"}],"wp:term":[{"taxonomy":"product_brand","embeddable":true,"href":"https:\/\/grupotextil.es\/en\/wp-json\/wp\/v2\/product_brand?post=320688"},{"taxonomy":"product_cat","embeddable":true,"href":"https:\/\/grupotextil.es\/en\/wp-json\/wp\/v2\/product_cat?post=320688"},{"taxonomy":"product_tag","embeddable":true,"href":"https:\/\/grupotextil.es\/en\/wp-json\/wp\/v2\/product_tag?post=320688"}],"curies":[{"name":"wp","href":"https:\/\/api.w.org\/{rel}","templated":true}]}}