{"id":320795,"date":"2026-03-06T01:42:29","date_gmt":"2026-03-06T01:42:29","guid":{"rendered":"https:\/\/grupotextil.es\/?post_type=product&#038;p=320795"},"modified":"2026-03-06T01:42:29","modified_gmt":"2026-03-06T01:42:29","slug":"funda-de-tela-para-movil-valento-people","status":"publish","type":"product","link":"https:\/\/grupotextil.es\/en\/product\/funda-de-tela-para-movil-valento-people\/","title":{"rendered":"Funda de tela para m\u00f3vil VALENTO PEOPLE"},"content":{"rendered":"<div class=\"product-description\">\n<div class=\"article_characteristics\">\n<ul style=\"margin-block-start: 0;\" >\n<li><b>Funda de m\u00f3vil<\/b>.<\/li>\n<li>Confeccionada en tejido t\u00e9cnico resistente y duradero.<\/li>\n<li>Disponible en varios tama\u00f1os y en variedad de colores vivos y neutros.<\/li>\n<li>Ideal para proteger el tel\u00e9fono m\u00f3vil.<\/li>\n<\/ul><\/div>\n<\/div>\n<div class=\"product-pdf\">\n<p><a href=\"https:\/\/valento.es\/?service=ServeDocuments&amp;function=serve_datasheet&amp;article_ref=FDVAPEO\" target=\"_blank\" rel=\"noopener\">Descargar ficha t\u00e9cnica (PDF)<\/a><\/p>\n<\/div>","protected":false},"excerpt":{"rendered":"<p>Funda de tela para m\u00f3vil VALENTO PEOPLE de Valento. Disponible en la categor\u00eda Outlet. Env\u00edo r\u00e1pido 24\/48h.<\/p>","protected":false},"featured_media":320796,"comment_status":"open","ping_status":"closed","template":"","meta":{"_acf_changed":false},"product_brand":[11282],"product_cat":[13973],"product_tag":[],"class_list":{"0":"post-320795","1":"product","2":"type-product","3":"status-publish","4":"has-post-thumbnail","6":"product_brand-valento","7":"product_cat-ropa","8":"tm-no-options","10":"first","11":"instock","12":"taxable","13":"shipping-taxable","14":"product-type-variable"},"acf":[],"_links":{"self":[{"href":"https:\/\/grupotextil.es\/en\/wp-json\/wp\/v2\/product\/320795","targetHints":{"allow":["GET"]}}],"collection":[{"href":"https:\/\/grupotextil.es\/en\/wp-json\/wp\/v2\/product"}],"about":[{"href":"https:\/\/grupotextil.es\/en\/wp-json\/wp\/v2\/types\/product"}],"replies":[{"embeddable":true,"href":"https:\/\/grupotextil.es\/en\/wp-json\/wp\/v2\/comments?post=320795"}],"wp:featuredmedia":[{"embeddable":true,"href":"https:\/\/grupotextil.es\/en\/wp-json\/wp\/v2\/media\/320796"}],"wp:attachment":[{"href":"https:\/\/grupotextil.es\/en\/wp-json\/wp\/v2\/media?parent=320795"}],"wp:term":[{"taxonomy":"product_brand","embeddable":true,"href":"https:\/\/grupotextil.es\/en\/wp-json\/wp\/v2\/product_brand?post=320795"},{"taxonomy":"product_cat","embeddable":true,"href":"https:\/\/grupotextil.es\/en\/wp-json\/wp\/v2\/product_cat?post=320795"},{"taxonomy":"product_tag","embeddable":true,"href":"https:\/\/grupotextil.es\/en\/wp-json\/wp\/v2\/product_tag?post=320795"}],"curies":[{"name":"wp","href":"https:\/\/api.w.org\/{rel}","templated":true}]}}