{"id":321159,"date":"2026-03-06T01:42:39","date_gmt":"2026-03-06T01:42:39","guid":{"rendered":"https:\/\/grupotextil.es\/?post_type=product&#038;p=321159"},"modified":"2026-03-06T01:42:39","modified_gmt":"2026-03-06T01:42:39","slug":"camiseta-de-mujer-sin-mangas-valento-surf","status":"publish","type":"product","link":"https:\/\/grupotextil.es\/en\/product\/camiseta-de-mujer-sin-mangas-valento-surf\/","title":{"rendered":"Camiseta de mujer sin mangas VALENTO SURF"},"content":{"rendered":"<div class=\"product-description\">\n<div class=\"article_characteristics\">\n<ul style=\"margin-block-start: 0;\" >\n<li><b>Camiseta sin mangas<\/b> de <b>mujer<\/b>, corte entallado, cuello con abertura en forma de l\u00e1grima y dise\u00f1o <b>bicolor<\/b>.<\/li>\n<li>Confeccionada en tejido de canal\u00e9 mezcla algod\u00f3n con poli\u00e9ster resistente y duradero.<\/li>\n<li>Tirantes, cuello y sisas ribeteados, en color a contraste, para un mejor acabado.<\/li>\n<li>Doble pespunte en bajo que aumenta su resistencia.<\/li>\n<li>M\u00e9todos id\u00f3neos de marcaje: serigraf\u00eda, transfer, vinilo, bordados, cosidos.<\/li>\n<li>Ideal como <b>textil promocional<\/b> y <b>ropa casual<\/b>.<\/li>\n<\/ul><\/div>\n<\/div>\n<div class=\"product-pdf\">\n<p><a href=\"https:\/\/valento.es\/?service=ServeDocuments&amp;function=serve_datasheet&amp;article_ref=CAVASUR\" target=\"_blank\" rel=\"noopener\">Descargar ficha t\u00e9cnica (PDF)<\/a><\/p>\n<\/div>","protected":false},"excerpt":{"rendered":"<p>Camiseta de mujer sin mangas VALENTO SURF de Valento. Disponible en la categor\u00eda Outlet. Env\u00edo r\u00e1pido 24\/48h.<\/p>","protected":false},"featured_media":321160,"comment_status":"open","ping_status":"closed","template":"","meta":{"_acf_changed":false},"product_brand":[11282],"product_cat":[13977,13986,13974,13975,13973],"product_tag":[],"class_list":{"0":"post-321159","1":"product","2":"type-product","3":"status-publish","4":"has-post-thumbnail","6":"product_brand-valento","7":"product_cat-h-camisetas-manga-corta","8":"product_cat-m-camisetas-manga-corta","9":"product_cat-ropa-hombre","10":"product_cat-ropa-mujer","11":"product_cat-ropa","12":"tm-no-options","14":"first","15":"instock","16":"taxable","17":"shipping-taxable","18":"product-type-variable"},"acf":[],"_links":{"self":[{"href":"https:\/\/grupotextil.es\/en\/wp-json\/wp\/v2\/product\/321159","targetHints":{"allow":["GET"]}}],"collection":[{"href":"https:\/\/grupotextil.es\/en\/wp-json\/wp\/v2\/product"}],"about":[{"href":"https:\/\/grupotextil.es\/en\/wp-json\/wp\/v2\/types\/product"}],"replies":[{"embeddable":true,"href":"https:\/\/grupotextil.es\/en\/wp-json\/wp\/v2\/comments?post=321159"}],"wp:featuredmedia":[{"embeddable":true,"href":"https:\/\/grupotextil.es\/en\/wp-json\/wp\/v2\/media\/321160"}],"wp:attachment":[{"href":"https:\/\/grupotextil.es\/en\/wp-json\/wp\/v2\/media?parent=321159"}],"wp:term":[{"taxonomy":"product_brand","embeddable":true,"href":"https:\/\/grupotextil.es\/en\/wp-json\/wp\/v2\/product_brand?post=321159"},{"taxonomy":"product_cat","embeddable":true,"href":"https:\/\/grupotextil.es\/en\/wp-json\/wp\/v2\/product_cat?post=321159"},{"taxonomy":"product_tag","embeddable":true,"href":"https:\/\/grupotextil.es\/en\/wp-json\/wp\/v2\/product_tag?post=321159"}],"curies":[{"name":"wp","href":"https:\/\/api.w.org\/{rel}","templated":true}]}}