{"id":323519,"date":"2026-03-06T01:43:17","date_gmt":"2026-03-06T01:43:17","guid":{"rendered":"https:\/\/grupotextil.es\/?post_type=product&#038;p=323519"},"modified":"2026-03-06T01:43:17","modified_gmt":"2026-03-06T01:43:17","slug":"pantalon-uniforme-sanitario-valento-pixel","status":"publish","type":"product","link":"https:\/\/grupotextil.es\/en\/product\/pantalon-uniforme-sanitario-valento-pixel\/","title":{"rendered":"Pantal\u00f3n uniforme sanitario VALENTO PIXEL"},"content":{"rendered":"<div class=\"product-description\">\n<div class=\"article_characteristics\">\n<ul style=\"margin-block-start: 0;\" >\n<li><b>Pantal\u00f3n de trabajo<\/b> de corte recto.<\/li>\n<li>Confeccionado en tejido sarga mezcla algod\u00f3n con poli\u00e9ster que aporta durabilidad y resistencia.<\/li>\n<li>Cierre de bot\u00f3n, cremallera y tapeta, cintura con goma el\u00e1stica para mayor comodidad y un mejor ajuste.<\/li>\n<li>Bolsillo trasero derecho tipo parche para resaltar el marcaje.<\/li>\n<li>Costuras principales reforzadas que aportan durabilidad y resistencia.<\/li>\n<li>M\u00e9todos id\u00f3neos de marcaje: serigraf\u00eda, transfer, vinilo, bordados, cosidos.<\/li>\n<li>Ideal para <b>uniformes sanitarios<\/b>, <b>uniformes de est\u00e9tica<\/b> y <b>ropa laboral<\/b>, combina con los blusones LINK y HELSINKI.<\/li>\n<\/ul><\/div>\n<\/div>\n<div class=\"product-pdf\">\n<p><a href=\"https:\/\/valento.es\/?service=ServeDocuments&amp;function=serve_datasheet&amp;article_ref=PAVAPIX\" target=\"_blank\" rel=\"noopener\">Descargar ficha t\u00e9cnica (PDF)<\/a><\/p>\n<\/div>","protected":false},"excerpt":{"rendered":"<p>Pantal\u00f3n uniforme sanitario VALENTO PIXEL de Valento. Disponible en la categor\u00eda Pantalones. Env\u00edo r\u00e1pido 24\/48h.<\/p>","protected":false},"featured_media":323520,"comment_status":"open","ping_status":"closed","template":"","meta":{"_acf_changed":false},"product_brand":[11282],"product_cat":[13974,13975,13983,13992,13973],"product_tag":[],"class_list":{"0":"post-323519","1":"product","2":"type-product","3":"status-publish","4":"has-post-thumbnail","6":"product_brand-valento","7":"product_cat-ropa-hombre","8":"product_cat-ropa-mujer","9":"product_cat-h-pantalones","10":"product_cat-m-pantalones","11":"product_cat-ropa","12":"tm-no-options","14":"first","15":"instock","16":"taxable","17":"shipping-taxable","18":"product-type-variable"},"acf":[],"_links":{"self":[{"href":"https:\/\/grupotextil.es\/en\/wp-json\/wp\/v2\/product\/323519","targetHints":{"allow":["GET"]}}],"collection":[{"href":"https:\/\/grupotextil.es\/en\/wp-json\/wp\/v2\/product"}],"about":[{"href":"https:\/\/grupotextil.es\/en\/wp-json\/wp\/v2\/types\/product"}],"replies":[{"embeddable":true,"href":"https:\/\/grupotextil.es\/en\/wp-json\/wp\/v2\/comments?post=323519"}],"wp:featuredmedia":[{"embeddable":true,"href":"https:\/\/grupotextil.es\/en\/wp-json\/wp\/v2\/media\/323520"}],"wp:attachment":[{"href":"https:\/\/grupotextil.es\/en\/wp-json\/wp\/v2\/media?parent=323519"}],"wp:term":[{"taxonomy":"product_brand","embeddable":true,"href":"https:\/\/grupotextil.es\/en\/wp-json\/wp\/v2\/product_brand?post=323519"},{"taxonomy":"product_cat","embeddable":true,"href":"https:\/\/grupotextil.es\/en\/wp-json\/wp\/v2\/product_cat?post=323519"},{"taxonomy":"product_tag","embeddable":true,"href":"https:\/\/grupotextil.es\/en\/wp-json\/wp\/v2\/product_tag?post=323519"}],"curies":[{"name":"wp","href":"https:\/\/api.w.org\/{rel}","templated":true}]}}