{"id":325180,"date":"2026-03-06T01:43:46","date_gmt":"2026-03-06T01:43:46","guid":{"rendered":"https:\/\/grupotextil.es\/?post_type=product&#038;p=325180"},"modified":"2026-03-06T01:43:46","modified_gmt":"2026-03-06T01:43:46","slug":"pantalon-de-trabajo-reforzado-multibolsillos-valento-dynamite","status":"publish","type":"product","link":"https:\/\/grupotextil.es\/en\/product\/pantalon-de-trabajo-reforzado-multibolsillos-valento-dynamite\/","title":{"rendered":"Pantal\u00f3n de trabajo reforzado multibolsillos VALENTO DYNAMITE"},"content":{"rendered":"<div class=\"product-description\">\n<div class=\"article_characteristics\">\n<ul style=\"margin-block-start: 0;\" >\n<li><b>Pantal\u00f3n de trabajo<\/b> <b>multibolsillos<\/b> con dise\u00f1o <b>bicolor<\/b>.<\/li>\n<li>Confeccionado en tejido Canvas mezcla algod\u00f3n con poli\u00e9ster y refuerzos con tejido de poliamida, ambos hidro-repelentes, resistentes y duraderos.<\/li>\n<li>Cierre de bot\u00f3n met\u00e1lico, cremallera y tapeta, cintura con trabillas (delantera derecha con anilla para colgar tarjeta o accesorios) y banda el\u00e1stica con hilos de goma antideslizantes en el interior para mayor comodidad y una mejor sujeci\u00f3n.<\/li>\n<li>Dos bolsillos delanteros americanos, dos traseros y uno lateral izquierdo con cierre de tapa con velcro y tirador, uno lateral derecho para el c\u00fater o herramientas, todos de carga con sistema anti-perforaci\u00f3n.<\/li>\n<li>Costuras principales triples y puntos de mayor tracci\u00f3n reforzados con presillas de seguridad que aportan durabilidad y resistencia.<\/li>\n<li>M\u00e9todos id\u00f3neos de marcaje: serigraf\u00eda, transfer, vinilo, bordados, cosidos.<\/li>\n<li>Ideal como <b>ropa laboral<\/b> y <b>uniformes de trabajo<\/b>, combina con la chaqueta DYNAMITE, se venden por separado.<\/li>\n<\/ul><\/div>\n<\/div>\n<div class=\"product-pdf\">\n<p><a href=\"https:\/\/valento.es\/?service=ServeDocuments&amp;function=serve_datasheet&amp;article_ref=PAVADYN\" target=\"_blank\" rel=\"noopener\">Descargar ficha t\u00e9cnica (PDF)<\/a><\/p>\n<\/div>","protected":false},"excerpt":{"rendered":"<p>Pantal\u00f3n de trabajo reforzado multibolsillos VALENTO DYNAMITE de Valento. Disponible en la categor\u00eda Pantalones. Env\u00edo r\u00e1pido 24\/48h.<\/p>","protected":false},"featured_media":325181,"comment_status":"open","ping_status":"closed","template":"","meta":{"_acf_changed":false},"product_brand":[11282],"product_cat":[13974,13975,13983,13992,13973],"product_tag":[],"class_list":{"0":"post-325180","1":"product","2":"type-product","3":"status-publish","4":"has-post-thumbnail","6":"product_brand-valento","7":"product_cat-ropa-hombre","8":"product_cat-ropa-mujer","9":"product_cat-h-pantalones","10":"product_cat-m-pantalones","11":"product_cat-ropa","12":"tm-no-options","14":"first","15":"instock","16":"taxable","17":"shipping-taxable","18":"product-type-variable"},"acf":[],"_links":{"self":[{"href":"https:\/\/grupotextil.es\/en\/wp-json\/wp\/v2\/product\/325180","targetHints":{"allow":["GET"]}}],"collection":[{"href":"https:\/\/grupotextil.es\/en\/wp-json\/wp\/v2\/product"}],"about":[{"href":"https:\/\/grupotextil.es\/en\/wp-json\/wp\/v2\/types\/product"}],"replies":[{"embeddable":true,"href":"https:\/\/grupotextil.es\/en\/wp-json\/wp\/v2\/comments?post=325180"}],"wp:featuredmedia":[{"embeddable":true,"href":"https:\/\/grupotextil.es\/en\/wp-json\/wp\/v2\/media\/325181"}],"wp:attachment":[{"href":"https:\/\/grupotextil.es\/en\/wp-json\/wp\/v2\/media?parent=325180"}],"wp:term":[{"taxonomy":"product_brand","embeddable":true,"href":"https:\/\/grupotextil.es\/en\/wp-json\/wp\/v2\/product_brand?post=325180"},{"taxonomy":"product_cat","embeddable":true,"href":"https:\/\/grupotextil.es\/en\/wp-json\/wp\/v2\/product_cat?post=325180"},{"taxonomy":"product_tag","embeddable":true,"href":"https:\/\/grupotextil.es\/en\/wp-json\/wp\/v2\/product_tag?post=325180"}],"curies":[{"name":"wp","href":"https:\/\/api.w.org\/{rel}","templated":true}]}}