{"id":326322,"date":"2026-03-06T01:44:16","date_gmt":"2026-03-06T01:44:16","guid":{"rendered":"https:\/\/grupotextil.es\/?post_type=product&#038;p=326322"},"modified":"2026-03-06T01:44:16","modified_gmt":"2026-03-06T01:44:16","slug":"pantalon-chino-elastico-mujer-valento-alessia","status":"publish","type":"product","link":"https:\/\/grupotextil.es\/en\/product\/pantalon-chino-elastico-mujer-valento-alessia\/","title":{"rendered":"Pantal\u00f3n chino el\u00e1stico mujer VALENTO ALESSIA"},"content":{"rendered":"<div class=\"product-description\">\n<div class=\"article_characteristics\">\n<ul style=\"margin-block-start: 0;\" >\n<li><b>Pantal\u00f3n chino<\/b> <b>el\u00e1stico<\/b> para <b>mujer<\/b>.<\/li>\n<li>Confeccionado en tejido sarga mono-el\u00e1stica que aporta durabilidad y mayor movilidad.<\/li>\n<li>Cierre de bot\u00f3n de derecha a izquierda y cremallera con tapeta, cinturilla con forma de <b>mujer<\/b> y trabillas para cintur\u00f3n para un mejor ajuste y mayor comodidad.<\/li>\n<li>Dos bolsillos oblicuos en las caderas y dos traseros tipo ojal con cierre de bot\u00f3n, para tener todo accesible y disponible.<\/li>\n<li>Costuras principales reforzadas y puntos de mayor tracci\u00f3n reforzados con presillas de seguridad que aportan durabilidad y resistencia.<\/li>\n<li>M\u00e9todos id\u00f3neos de marcaje: serigraf\u00eda, transfer, vinilo, bordados, cosidos.<\/li>\n<li>Ideal para <b>uniformes corporativos<\/b>, <b>uniformes de hosteler\u00eda<\/b>, <b>uniforme comercial<\/b>.<\/li>\n<\/ul><\/div>\n<\/div>\n<div class=\"product-pdf\">\n<p><a href=\"https:\/\/valento.es\/?service=ServeDocuments&amp;function=serve_datasheet&amp;article_ref=PAVAALS\" target=\"_blank\" rel=\"noopener\">Descargar ficha t\u00e9cnica (PDF)<\/a><\/p>\n<\/div>","protected":false},"excerpt":{"rendered":"<p>Pantal\u00f3n chino el\u00e1stico mujer VALENTO ALESSIA de Valento. Disponible en la categor\u00eda Pantalones. Env\u00edo r\u00e1pido 24\/48h.<\/p>","protected":false},"featured_media":326323,"comment_status":"open","ping_status":"closed","template":"","meta":{"_acf_changed":false},"product_brand":[11282],"product_cat":[13974,13975,13983,13992,13973],"product_tag":[],"class_list":{"0":"post-326322","1":"product","2":"type-product","3":"status-publish","4":"has-post-thumbnail","6":"product_brand-valento","7":"product_cat-ropa-hombre","8":"product_cat-ropa-mujer","9":"product_cat-h-pantalones","10":"product_cat-m-pantalones","11":"product_cat-ropa","12":"tm-no-options","14":"first","15":"instock","16":"taxable","17":"shipping-taxable","18":"product-type-variable"},"acf":[],"_links":{"self":[{"href":"https:\/\/grupotextil.es\/en\/wp-json\/wp\/v2\/product\/326322","targetHints":{"allow":["GET"]}}],"collection":[{"href":"https:\/\/grupotextil.es\/en\/wp-json\/wp\/v2\/product"}],"about":[{"href":"https:\/\/grupotextil.es\/en\/wp-json\/wp\/v2\/types\/product"}],"replies":[{"embeddable":true,"href":"https:\/\/grupotextil.es\/en\/wp-json\/wp\/v2\/comments?post=326322"}],"wp:featuredmedia":[{"embeddable":true,"href":"https:\/\/grupotextil.es\/en\/wp-json\/wp\/v2\/media\/326323"}],"wp:attachment":[{"href":"https:\/\/grupotextil.es\/en\/wp-json\/wp\/v2\/media?parent=326322"}],"wp:term":[{"taxonomy":"product_brand","embeddable":true,"href":"https:\/\/grupotextil.es\/en\/wp-json\/wp\/v2\/product_brand?post=326322"},{"taxonomy":"product_cat","embeddable":true,"href":"https:\/\/grupotextil.es\/en\/wp-json\/wp\/v2\/product_cat?post=326322"},{"taxonomy":"product_tag","embeddable":true,"href":"https:\/\/grupotextil.es\/en\/wp-json\/wp\/v2\/product_tag?post=326322"}],"curies":[{"name":"wp","href":"https:\/\/api.w.org\/{rel}","templated":true}]}}