{"id":326571,"date":"2026-03-06T01:44:27","date_gmt":"2026-03-06T01:44:27","guid":{"rendered":"https:\/\/grupotextil.es\/?post_type=product&#038;p=326571"},"modified":"2026-03-06T01:44:27","modified_gmt":"2026-03-06T01:44:27","slug":"pantalon-corto-deportivo-transpirable-valento-college","status":"publish","type":"product","link":"https:\/\/grupotextil.es\/en\/product\/pantalon-corto-deportivo-transpirable-valento-college\/","title":{"rendered":"Pantal\u00f3n corto deportivo transpirable VALENTO COLLEGE"},"content":{"rendered":"<div class=\"product-description\">\n<div class=\"article_characteristics\">\n<ul style=\"margin-block-start: 0;\" >\n<li><b>Pantal\u00f3n corto deportivo<\/b> t\u00e9cnico con amplia variedad de colores que lo hacen f\u00e1cilmente combinable con otras prendas deportivas.<\/li>\n<li>Confeccionado en <b>tejido t\u00e9cnico transpirable<\/b> Move-Dry que facilita el <b>secado r\u00e1pido<\/b> y la eliminaci\u00f3n del sudor.<\/li>\n<li>Cintura con goma el\u00e1stica y cord\u00f3n para mejor ajuste y mayor comodidad.<\/li>\n<li>Doble pespunte en bajo que aumenta su resistencia.<\/li>\n<li>M\u00e9todos id\u00f3neos de marcaje: <b>sublimaci\u00f3n<\/b> sobre color blanco, serigraf\u00eda, transfer, vinilo, bordados, cosidos.<\/li>\n<li>Ideal para crear <b>equipaciones deportivas<\/b>.<\/li>\n<\/ul><\/div>\n<\/div>\n<div class=\"product-pdf\">\n<p><a href=\"https:\/\/valento.es\/?service=ServeDocuments&amp;function=serve_datasheet&amp;article_ref=BEVACOL\" target=\"_blank\" rel=\"noopener\">Descargar ficha t\u00e9cnica (PDF)<\/a><\/p>\n<\/div>","protected":false},"excerpt":{"rendered":"<p>Pantal\u00f3n corto deportivo transpirable VALENTO COLLEGE de Valento. Disponible en la categor\u00eda Pantalones Cortos Deportivos Y Banadores. Env\u00edo r\u00e1pido 24\/48h.<\/p>","protected":false},"featured_media":326572,"comment_status":"open","ping_status":"closed","template":"","meta":{"_acf_changed":false},"product_brand":[11282],"product_cat":[13993,13984,13974,13975,13973],"product_tag":[],"class_list":{"0":"post-326571","1":"product","2":"type-product","3":"status-publish","4":"has-post-thumbnail","6":"product_brand-valento","7":"product_cat-m-bermudas","8":"product_cat-h-bermudas","9":"product_cat-ropa-hombre","10":"product_cat-ropa-mujer","11":"product_cat-ropa","12":"tm-no-options","14":"first","15":"instock","16":"taxable","17":"shipping-taxable","18":"product-type-variable"},"acf":[],"_links":{"self":[{"href":"https:\/\/grupotextil.es\/en\/wp-json\/wp\/v2\/product\/326571","targetHints":{"allow":["GET"]}}],"collection":[{"href":"https:\/\/grupotextil.es\/en\/wp-json\/wp\/v2\/product"}],"about":[{"href":"https:\/\/grupotextil.es\/en\/wp-json\/wp\/v2\/types\/product"}],"replies":[{"embeddable":true,"href":"https:\/\/grupotextil.es\/en\/wp-json\/wp\/v2\/comments?post=326571"}],"wp:featuredmedia":[{"embeddable":true,"href":"https:\/\/grupotextil.es\/en\/wp-json\/wp\/v2\/media\/326572"}],"wp:attachment":[{"href":"https:\/\/grupotextil.es\/en\/wp-json\/wp\/v2\/media?parent=326571"}],"wp:term":[{"taxonomy":"product_brand","embeddable":true,"href":"https:\/\/grupotextil.es\/en\/wp-json\/wp\/v2\/product_brand?post=326571"},{"taxonomy":"product_cat","embeddable":true,"href":"https:\/\/grupotextil.es\/en\/wp-json\/wp\/v2\/product_cat?post=326571"},{"taxonomy":"product_tag","embeddable":true,"href":"https:\/\/grupotextil.es\/en\/wp-json\/wp\/v2\/product_tag?post=326571"}],"curies":[{"name":"wp","href":"https:\/\/api.w.org\/{rel}","templated":true}]}}