{"id":327534,"date":"2026-03-06T01:44:41","date_gmt":"2026-03-06T01:44:41","guid":{"rendered":"https:\/\/grupotextil.es\/?post_type=product&#038;p=327534"},"modified":"2026-03-06T01:44:41","modified_gmt":"2026-03-06T01:44:41","slug":"pantalon-de-tenis-valento-drive","status":"publish","type":"product","link":"https:\/\/grupotextil.es\/en\/product\/pantalon-de-tenis-valento-drive\/","title":{"rendered":"Pantal\u00f3n de tenis VALENTO DRIVE"},"content":{"rendered":"<div class=\"product-description\">\n<div class=\"article_characteristics\">\n<ul style=\"margin-block-start: 0;\" >\n<li><b>Pantal\u00f3n corto deportivo<\/b> con <b>bolsillos<\/b>.<\/li>\n<li>Confeccionado con <b>tejido transpirable<\/b> de <b>microfibra<\/b> cuadrill\u00e9 ligera y c\u00f3moda.<\/li>\n<li>Cintura entera con goma el\u00e1stica y cord\u00f3n regulador para un mejor ajuste y mayor comodidad.<\/li>\n<li>Dos <b>bolsillos<\/b> oblicuos en cintura para tener todo accesible.<\/li>\n<li>Costuras principales dobles y puntos de mayor tracci\u00f3n reforzados con presillas de seguridad que aportan durabilidad y resistencia.<\/li>\n<li>M\u00e9todos id\u00f3neos de marcaje: serigraf\u00eda, transfer, vinilo, bordados, cosidos.<\/li>\n<li>Ideal como <b>ropa deportiva<\/b> y como <b>pantal\u00f3n de tenis<\/b>.<\/li>\n<\/ul><\/div>\n<\/div>\n<div class=\"product-pdf\">\n<p><a href=\"https:\/\/valento.es\/?service=ServeDocuments&amp;function=serve_datasheet&amp;article_ref=PAVADRV\" target=\"_blank\" rel=\"noopener\">Descargar ficha t\u00e9cnica (PDF)<\/a><\/p>\n<\/div>","protected":false},"excerpt":{"rendered":"<p>Pantal\u00f3n de tenis VALENTO DRIVE de Valento. Disponible en la categor\u00eda Pantalones Cortos Deportivos Y Banadores. Env\u00edo r\u00e1pido 24\/48h.<\/p>","protected":false},"featured_media":327535,"comment_status":"open","ping_status":"closed","template":"","meta":{"_acf_changed":false},"product_brand":[11282],"product_cat":[13974,13975,13983,13992,13973],"product_tag":[],"class_list":{"0":"post-327534","1":"product","2":"type-product","3":"status-publish","4":"has-post-thumbnail","6":"product_brand-valento","7":"product_cat-ropa-hombre","8":"product_cat-ropa-mujer","9":"product_cat-h-pantalones","10":"product_cat-m-pantalones","11":"product_cat-ropa","12":"tm-no-options","14":"first","15":"instock","16":"taxable","17":"shipping-taxable","18":"product-type-variable"},"acf":[],"_links":{"self":[{"href":"https:\/\/grupotextil.es\/en\/wp-json\/wp\/v2\/product\/327534","targetHints":{"allow":["GET"]}}],"collection":[{"href":"https:\/\/grupotextil.es\/en\/wp-json\/wp\/v2\/product"}],"about":[{"href":"https:\/\/grupotextil.es\/en\/wp-json\/wp\/v2\/types\/product"}],"replies":[{"embeddable":true,"href":"https:\/\/grupotextil.es\/en\/wp-json\/wp\/v2\/comments?post=327534"}],"wp:featuredmedia":[{"embeddable":true,"href":"https:\/\/grupotextil.es\/en\/wp-json\/wp\/v2\/media\/327535"}],"wp:attachment":[{"href":"https:\/\/grupotextil.es\/en\/wp-json\/wp\/v2\/media?parent=327534"}],"wp:term":[{"taxonomy":"product_brand","embeddable":true,"href":"https:\/\/grupotextil.es\/en\/wp-json\/wp\/v2\/product_brand?post=327534"},{"taxonomy":"product_cat","embeddable":true,"href":"https:\/\/grupotextil.es\/en\/wp-json\/wp\/v2\/product_cat?post=327534"},{"taxonomy":"product_tag","embeddable":true,"href":"https:\/\/grupotextil.es\/en\/wp-json\/wp\/v2\/product_tag?post=327534"}],"curies":[{"name":"wp","href":"https:\/\/api.w.org\/{rel}","templated":true}]}}