{"id":327786,"date":"2026-03-06T01:44:47","date_gmt":"2026-03-06T01:44:47","guid":{"rendered":"https:\/\/grupotextil.es\/?post_type=product&#038;p=327786"},"modified":"2026-03-06T01:44:47","modified_gmt":"2026-03-06T01:44:47","slug":"pantalon-desmontable-multibolsillos-valento-livingstone","status":"publish","type":"product","link":"https:\/\/grupotextil.es\/en\/product\/pantalon-desmontable-multibolsillos-valento-livingstone\/","title":{"rendered":"Pantal\u00f3n desmontable multibolsillos VALENTO LIVINGSTONE"},"content":{"rendered":"<div class=\"product-description\">\n<div class=\"article_characteristics\">\n<ul style=\"margin-block-start: 0;\" >\n<li><b>Pantal\u00f3n desmontable<\/b> <b>multibolsillos<\/b>.<\/li>\n<li>Confeccionado en tejido Rip-Stop que aporta resistencia y durabilidad.<\/li>\n<li>Perneras desmontables mediante cremalleras que lo convierten en pantal\u00f3n corto cuando hace m\u00e1s calor.<\/li>\n<li>Cintura con la mitad trasera el\u00e1stica para un mejor ajuste y mayor comodidad.<\/li>\n<li>Seis bolsillos para tener todo accesible y disponible: dos en las caderas, dos laterales con fuelle, tapeta y velcro y dos traseros tipo parche tambi\u00e9n con tapeta y velcro.<\/li>\n<li>M\u00e9todos id\u00f3neos de marcaje: serigraf\u00eda, transfer, vinilo, bordados, cosidos.<\/li>\n<li>Ideal para <b>uniformes de trabajo<\/b> en exteriores, <b>deportes de aventura<\/b> y actividades en la naturaleza.<\/li>\n<\/ul><\/div>\n<\/div>\n<div class=\"product-pdf\">\n<p><a href=\"https:\/\/valento.es\/?service=ServeDocuments&amp;function=serve_datasheet&amp;article_ref=PAVALIV\" target=\"_blank\" rel=\"noopener\">Descargar ficha t\u00e9cnica (PDF)<\/a><\/p>\n<\/div>","protected":false},"excerpt":{"rendered":"<p>Pantal\u00f3n desmontable multibolsillos VALENTO LIVINGSTONE de Valento. Disponible en la categor\u00eda Pantalones De Trekking. Env\u00edo r\u00e1pido 24\/48h.<\/p>","protected":false},"featured_media":327787,"comment_status":"open","ping_status":"closed","template":"","meta":{"_acf_changed":false},"product_brand":[11282],"product_cat":[13974,13975,13983,13992,13973],"product_tag":[],"class_list":{"0":"post-327786","1":"product","2":"type-product","3":"status-publish","4":"has-post-thumbnail","6":"product_brand-valento","7":"product_cat-ropa-hombre","8":"product_cat-ropa-mujer","9":"product_cat-h-pantalones","10":"product_cat-m-pantalones","11":"product_cat-ropa","12":"tm-no-options","14":"first","15":"instock","16":"taxable","17":"shipping-taxable","18":"product-type-variable"},"acf":[],"_links":{"self":[{"href":"https:\/\/grupotextil.es\/en\/wp-json\/wp\/v2\/product\/327786","targetHints":{"allow":["GET"]}}],"collection":[{"href":"https:\/\/grupotextil.es\/en\/wp-json\/wp\/v2\/product"}],"about":[{"href":"https:\/\/grupotextil.es\/en\/wp-json\/wp\/v2\/types\/product"}],"replies":[{"embeddable":true,"href":"https:\/\/grupotextil.es\/en\/wp-json\/wp\/v2\/comments?post=327786"}],"wp:featuredmedia":[{"embeddable":true,"href":"https:\/\/grupotextil.es\/en\/wp-json\/wp\/v2\/media\/327787"}],"wp:attachment":[{"href":"https:\/\/grupotextil.es\/en\/wp-json\/wp\/v2\/media?parent=327786"}],"wp:term":[{"taxonomy":"product_brand","embeddable":true,"href":"https:\/\/grupotextil.es\/en\/wp-json\/wp\/v2\/product_brand?post=327786"},{"taxonomy":"product_cat","embeddable":true,"href":"https:\/\/grupotextil.es\/en\/wp-json\/wp\/v2\/product_cat?post=327786"},{"taxonomy":"product_tag","embeddable":true,"href":"https:\/\/grupotextil.es\/en\/wp-json\/wp\/v2\/product_tag?post=327786"}],"curies":[{"name":"wp","href":"https:\/\/api.w.org\/{rel}","templated":true}]}}