{"id":328152,"date":"2026-03-06T01:44:51","date_gmt":"2026-03-06T01:44:51","guid":{"rendered":"https:\/\/grupotextil.es\/?post_type=product&#038;p=328152"},"modified":"2026-03-06T01:44:51","modified_gmt":"2026-03-06T01:44:51","slug":"pantalon-de-trekking-largo-valento-endurance","status":"publish","type":"product","link":"https:\/\/grupotextil.es\/en\/product\/pantalon-de-trekking-largo-valento-endurance\/","title":{"rendered":"Pantal\u00f3n de trekking largo VALENTO ENDURANCE"},"content":{"rendered":"<div class=\"product-description\">\n<div class=\"article_characteristics\">\n<ul style=\"margin-block-start: 0;\" >\n<li><b>Pantal\u00f3n<\/b> de <b>trekking<\/b>.<\/li>\n<li>Confeccionado en <b>tejido transpirable<\/b> y ligero Rip-Stop con acabado hidro-repelente para mayor confort y <b>secado r\u00e1pido<\/b>.<\/li>\n<li>Cierre de cremallera y bot\u00f3n, cintura con trabillas para el cintur\u00f3n y goma el\u00e1stica en los laterales para mejor ajuste y mayor comodidad.<\/li>\n<li>Dos bolsillos oblicuos en caderas y dos traseros con cremallera y vivo para tener todo accesible.<\/li>\n<li>Costuras interiores sobrehiladas, doble pespunte en bajo que aumenta su resistencia y durabilidad, pinzas en las rodillas que aportan mayor movilidad.<\/li>\n<li>M\u00e9todos id\u00f3neos de marcaje: serigraf\u00eda, transfer, vinilo, bordados, cosidos.<\/li>\n<li>Ideal como <b><b>pantal\u00f3n<\/b> de <b>trabajo<\/b><\/b> en lugares c\u00e1lidos y para actividades en la naturaleza.<\/li>\n<\/ul><\/div>\n<\/div>\n<div class=\"product-pdf\">\n<p><a href=\"https:\/\/valento.es\/?service=ServeDocuments&amp;function=serve_datasheet&amp;article_ref=PAVAEND\" target=\"_blank\" rel=\"noopener\">Descargar ficha t\u00e9cnica (PDF)<\/a><\/p>\n<\/div>","protected":false},"excerpt":{"rendered":"<p>Pantal\u00f3n de trekking largo VALENTO ENDURANCE de Valento. Disponible en la categor\u00eda Pantalones De Trekking. Env\u00edo r\u00e1pido 24\/48h.<\/p>","protected":false},"featured_media":328153,"comment_status":"open","ping_status":"closed","template":"","meta":{"_acf_changed":false},"product_brand":[11282],"product_cat":[13974,13975,13983,13992,13973],"product_tag":[],"class_list":{"0":"post-328152","1":"product","2":"type-product","3":"status-publish","4":"has-post-thumbnail","6":"product_brand-valento","7":"product_cat-ropa-hombre","8":"product_cat-ropa-mujer","9":"product_cat-h-pantalones","10":"product_cat-m-pantalones","11":"product_cat-ropa","12":"tm-no-options","14":"first","15":"instock","16":"taxable","17":"shipping-taxable","18":"product-type-variable"},"acf":[],"_links":{"self":[{"href":"https:\/\/grupotextil.es\/en\/wp-json\/wp\/v2\/product\/328152","targetHints":{"allow":["GET"]}}],"collection":[{"href":"https:\/\/grupotextil.es\/en\/wp-json\/wp\/v2\/product"}],"about":[{"href":"https:\/\/grupotextil.es\/en\/wp-json\/wp\/v2\/types\/product"}],"replies":[{"embeddable":true,"href":"https:\/\/grupotextil.es\/en\/wp-json\/wp\/v2\/comments?post=328152"}],"wp:featuredmedia":[{"embeddable":true,"href":"https:\/\/grupotextil.es\/en\/wp-json\/wp\/v2\/media\/328153"}],"wp:attachment":[{"href":"https:\/\/grupotextil.es\/en\/wp-json\/wp\/v2\/media?parent=328152"}],"wp:term":[{"taxonomy":"product_brand","embeddable":true,"href":"https:\/\/grupotextil.es\/en\/wp-json\/wp\/v2\/product_brand?post=328152"},{"taxonomy":"product_cat","embeddable":true,"href":"https:\/\/grupotextil.es\/en\/wp-json\/wp\/v2\/product_cat?post=328152"},{"taxonomy":"product_tag","embeddable":true,"href":"https:\/\/grupotextil.es\/en\/wp-json\/wp\/v2\/product_tag?post=328152"}],"curies":[{"name":"wp","href":"https:\/\/api.w.org\/{rel}","templated":true}]}}