{"id":328956,"date":"2026-03-06T01:45:09","date_gmt":"2026-03-06T01:45:09","guid":{"rendered":"https:\/\/grupotextil.es\/?post_type=product&#038;p=328956"},"modified":"2026-03-06T01:45:09","modified_gmt":"2026-03-06T01:45:09","slug":"pantalon-chandal-deportivo-largo-valento-park","status":"publish","type":"product","link":"https:\/\/grupotextil.es\/en\/product\/pantalon-chandal-deportivo-largo-valento-park\/","title":{"rendered":"Pantal\u00f3n ch\u00e1ndal deportivo largo VALENTO PARK"},"content":{"rendered":"<div class=\"product-description\">\n<div class=\"article_characteristics\">\n<ul style=\"margin-block-start: 0;\" >\n<li><b>Pantal\u00f3n deportivo largo<\/b>, tipo <b>ch\u00e1ndal<\/b>, con dise\u00f1o <b>bicolor<\/b>.<\/li>\n<li>Confeccionado en tejido felpa de poli\u00e9ster con tacto algod\u00f3n, y perchado interior que aporta alta retenci\u00f3n t\u00e9rmica y confort.<\/li>\n<li>Dos bandas anchas en color a contraste cosidas en cada lateral.<\/li>\n<li>Cintura con goma el\u00e1stica y cord\u00f3n para mejor ajuste y mayor comodidad.<\/li>\n<li>Dos bolsillos en las caderas para tener todo accesible.<\/li>\n<li>M\u00e9todos id\u00f3neos de marcaje: serigraf\u00eda, transfer, bordados, cosidos.<\/li>\n<li>Ideal como <b>ropa deportiva<\/b>, <b>uniforme escolar<\/b> y <b>textil promocional<\/b>.<\/li>\n<\/ul><\/div>\n<\/div>\n<div class=\"product-pdf\">\n<p><a href=\"https:\/\/valento.es\/?service=ServeDocuments&amp;function=serve_datasheet&amp;article_ref=PAVAPAR\" target=\"_blank\" rel=\"noopener\">Descargar ficha t\u00e9cnica (PDF)<\/a><\/p>\n<\/div>","protected":false},"excerpt":{"rendered":"<p>Pantal\u00f3n ch\u00e1ndal deportivo largo VALENTO PARK de Valento. Disponible en la categor\u00eda Pantalones Largos Deportivos. Env\u00edo r\u00e1pido 24\/48h.<\/p>","protected":false},"featured_media":328957,"comment_status":"open","ping_status":"closed","template":"","meta":{"_acf_changed":false},"product_brand":[11282],"product_cat":[13974,13975,13983,13992,13973],"product_tag":[],"class_list":{"0":"post-328956","1":"product","2":"type-product","3":"status-publish","4":"has-post-thumbnail","6":"product_brand-valento","7":"product_cat-ropa-hombre","8":"product_cat-ropa-mujer","9":"product_cat-h-pantalones","10":"product_cat-m-pantalones","11":"product_cat-ropa","12":"tm-no-options","14":"first","15":"instock","16":"taxable","17":"shipping-taxable","18":"product-type-variable"},"acf":[],"_links":{"self":[{"href":"https:\/\/grupotextil.es\/en\/wp-json\/wp\/v2\/product\/328956","targetHints":{"allow":["GET"]}}],"collection":[{"href":"https:\/\/grupotextil.es\/en\/wp-json\/wp\/v2\/product"}],"about":[{"href":"https:\/\/grupotextil.es\/en\/wp-json\/wp\/v2\/types\/product"}],"replies":[{"embeddable":true,"href":"https:\/\/grupotextil.es\/en\/wp-json\/wp\/v2\/comments?post=328956"}],"wp:featuredmedia":[{"embeddable":true,"href":"https:\/\/grupotextil.es\/en\/wp-json\/wp\/v2\/media\/328957"}],"wp:attachment":[{"href":"https:\/\/grupotextil.es\/en\/wp-json\/wp\/v2\/media?parent=328956"}],"wp:term":[{"taxonomy":"product_brand","embeddable":true,"href":"https:\/\/grupotextil.es\/en\/wp-json\/wp\/v2\/product_brand?post=328956"},{"taxonomy":"product_cat","embeddable":true,"href":"https:\/\/grupotextil.es\/en\/wp-json\/wp\/v2\/product_cat?post=328956"},{"taxonomy":"product_tag","embeddable":true,"href":"https:\/\/grupotextil.es\/en\/wp-json\/wp\/v2\/product_tag?post=328956"}],"curies":[{"name":"wp","href":"https:\/\/api.w.org\/{rel}","templated":true}]}}