{"id":329131,"date":"2026-03-06T01:45:11","date_gmt":"2026-03-06T01:45:11","guid":{"rendered":"https:\/\/grupotextil.es\/?post_type=product&#038;p=329131"},"modified":"2026-03-06T01:45:11","modified_gmt":"2026-03-06T01:45:11","slug":"pantalon-deportivo-termico-valento-cyborg","status":"publish","type":"product","link":"https:\/\/grupotextil.es\/en\/product\/pantalon-deportivo-termico-valento-cyborg\/","title":{"rendered":"Pantal\u00f3n deportivo t\u00e9rmico VALENTO CYBORG"},"content":{"rendered":"<div class=\"product-description\">\n<div class=\"article_characteristics\">\n<ul style=\"margin-block-start: 0;\" >\n<li><b>Pantal\u00f3n deportivo largo<\/b> con efecto <b>t\u00e9rmico<\/b>.<\/li>\n<li>Confeccionado en tejido felpa t\u00e9cnica de gran elasticidad con perchado interior para mayor retenci\u00f3n t\u00e9rmica.<\/li>\n<li>Cintura con goma el\u00e1stica y cord\u00f3n para mejor ajuste y mayor comodidad.<\/li>\n<li>Dos bolsillos oblicuos en las caderas y dos traseros tipo parche, para tener todo accesible.<\/li>\n<li>Costuras interiores sobrehiladas y doble pespunte en bajo que aumenta su resistencia y durabilidad.<\/li>\n<li>M\u00e9todos id\u00f3neos de marcaje: serigraf\u00eda, transfer, bordados, cosidos.<\/li>\n<li>Ideal como <b>ropa deportiva<\/b> y uso diario.<\/li>\n<\/ul><\/div>\n<\/div>\n<div class=\"product-pdf\">\n<p><a href=\"https:\/\/valento.es\/?service=ServeDocuments&amp;function=serve_datasheet&amp;article_ref=PAVACYB\" target=\"_blank\" rel=\"noopener\">Descargar ficha t\u00e9cnica (PDF)<\/a><\/p>\n<\/div>","protected":false},"excerpt":{"rendered":"<p>Pantal\u00f3n deportivo t\u00e9rmico VALENTO CYBORG de Valento. Disponible en la categor\u00eda Pantalones Largos Deportivos. Env\u00edo r\u00e1pido 24\/48h.<\/p>","protected":false},"featured_media":329132,"comment_status":"open","ping_status":"closed","template":"","meta":{"_acf_changed":false},"product_brand":[11282],"product_cat":[13974,13975,13983,13992,13973],"product_tag":[],"class_list":{"0":"post-329131","1":"product","2":"type-product","3":"status-publish","4":"has-post-thumbnail","6":"product_brand-valento","7":"product_cat-ropa-hombre","8":"product_cat-ropa-mujer","9":"product_cat-h-pantalones","10":"product_cat-m-pantalones","11":"product_cat-ropa","12":"tm-no-options","14":"first","15":"instock","16":"taxable","17":"shipping-taxable","18":"product-type-variable"},"acf":[],"_links":{"self":[{"href":"https:\/\/grupotextil.es\/en\/wp-json\/wp\/v2\/product\/329131","targetHints":{"allow":["GET"]}}],"collection":[{"href":"https:\/\/grupotextil.es\/en\/wp-json\/wp\/v2\/product"}],"about":[{"href":"https:\/\/grupotextil.es\/en\/wp-json\/wp\/v2\/types\/product"}],"replies":[{"embeddable":true,"href":"https:\/\/grupotextil.es\/en\/wp-json\/wp\/v2\/comments?post=329131"}],"wp:featuredmedia":[{"embeddable":true,"href":"https:\/\/grupotextil.es\/en\/wp-json\/wp\/v2\/media\/329132"}],"wp:attachment":[{"href":"https:\/\/grupotextil.es\/en\/wp-json\/wp\/v2\/media?parent=329131"}],"wp:term":[{"taxonomy":"product_brand","embeddable":true,"href":"https:\/\/grupotextil.es\/en\/wp-json\/wp\/v2\/product_brand?post=329131"},{"taxonomy":"product_cat","embeddable":true,"href":"https:\/\/grupotextil.es\/en\/wp-json\/wp\/v2\/product_cat?post=329131"},{"taxonomy":"product_tag","embeddable":true,"href":"https:\/\/grupotextil.es\/en\/wp-json\/wp\/v2\/product_tag?post=329131"}],"curies":[{"name":"wp","href":"https:\/\/api.w.org\/{rel}","templated":true}]}}